{"id":16392,"date":"2024-10-06T11:35:26","date_gmt":"2024-10-06T11:35:26","guid":{"rendered":"https:\/\/ipbpartners.eu\/?page_id=16392"},"modified":"2026-04-16T19:38:28","modified_gmt":"2026-04-16T19:38:28","slug":"apie-mus","status":"publish","type":"page","link":"https:\/\/ipbpartners.eu\/lt\/apie-mus\/","title":{"rendered":"Apie mus"},"content":{"rendered":"<h1>K\u0105 mes darome<\/h1>\n<div>\n<p class=\"uk-text-emphasis uk-text-center\">Padedame klientams ugdyti savo darbuotojus ir komandas, suteikdami patikrintus pasaulinio lygio tobul\u0117jimo ir vertinimo \u012frankius, kurie pasi\u017eymi i\u0161matuojamu ir ilgalaikiu poveikiu. Norime u\u017etikrinti, kad m\u016bs\u0173 klientai pasiekt\u0173 savo verslo tikslus, j\u0173 lyderiai b\u016bt\u0173 itin aktyv\u016bs, o komandos dirbt\u0173 efektyviau.<\/p>\n<\/div>\n<h2>M\u016aS\u0172 ISTORIJA<\/h2>\n<hr>\n<div>\n<div class=\"wpb_text_column wpb_content_element \">\n<div class=\"wpb_wrapper\">\n<div class=\"wpb_text_column wpb_content_element \">\n<div class=\"wpb_wrapper\">\n<p>\u0160iandien IPB Partners yra specializuota konsultavimo \u012fmon\u0117, dirbanti su konsultantais, vidutinio dyd\u017eio bei stambiomis bendrov\u0117mis, kurios vykdo veikl\u0105 visame pasaulyje. Esame \u012fgaliotieji \u201e<strong><a href=\"http:\/\/www.everythingdisc.com\/\" target=\"_blank\" rel=\"noopener\">Everything DiSC (A Wiley Brand)<\/a><\/strong>\u201c partneriai Baltijos \u0161alyse. Si\u016blome \u201eEverything DiSC\u201c i\u0161pl\u0117totus elgesio vertinimo ir ugdymo sprendimus, kuriuos pritaik\u0117me konkre\u010dioms tikslin\u0117ms rinkoms.<\/p>\n<p><strong>Metams b\u0117gant, daug su\u017einojome apie tai, kas lemia verslo s\u0117km\u0119.<\/strong><\/p>\n<p>Mat\u0117me teigiam\u0105 stipri\u0173 lyderi\u0173 ir komand\u0173 \u012ftak\u0105 \u2013 ir savo bendrov\u0117je, ir organizacijose, su kuriomis dirbame. Norime, kad ir kiti pasinaudot\u0173 tais pa\u010diais s\u0117kmingais ugdymo pavyzd\u017eiais, tod\u0117l taip d\u017eiaugiam\u0117s savo darbu, kurdami darbo vietas, kuriose kiekvienas gali rasti prasm\u0119 ir atskleisti visas savo galimybes.<\/p>\n<\/div>\n<\/div>\n<\/div>\n<\/div>\n<\/div>\n<h2>MISIJA<\/h2>\n<hr>\n<div>\n<p style=\"text-align: center;\">Pasi\u016blyti pirmaujan\u010dias rinkoje ir pasaulyje patikrintas ugdymo priemones, padedan\u010dias \u017emon\u0117ms s\u0117kmingiau dirbti kartu.<\/p>\n<\/div>\n<h2>VIZIJA<\/h2>\n<hr>\n<div>\n<p style=\"text-align: center;\">Esame \u012fsipareigoj\u0119 tobulinti pasaul\u012f, pad\u0117dami organizacijoms kurti ir puosel\u0117ti komandinio darbo kult\u016br\u0105, ie\u0161koti efektyvesni\u0173 veiklos b\u016bd\u0173, megzti bendradarbiavimu paremtus santykius ir \u012fgalinti komandas siekti s\u0117km\u0117s.<\/p>\n<\/div>\n<h2>M\u016aS\u0172 PA\u017dADAS<\/h2>\n<hr>\n<div>\n<div class=\"wpb_text_column wpb_content_element \">\n<div class=\"wpb_wrapper\">\n<div class=\"wpb_text_column wpb_content_element \">\n<div class=\"wpb_wrapper\">\n<p>Suprantame, kad bet kokio paslaug\u0173 teik\u0117jo pasirinkimas j\u016bs\u0173 organizacijai yra svarbus sprendimas. Norime, kad pasirinkdami mus b\u016btum\u0117te \u012fsitikin\u0119, jog priimate teising\u0105 sprendim\u0105. Tod\u0117l skiriame laiko, kad gal\u0117tum\u0117te mus pa\u017einti ne vien kaip profesionalus, bet ir kaip bendradarbius. Tai mums taip pat suteikia galimyb\u0119 geriau suprasti j\u016bs\u0173 poreikius ir sutarti d\u0117l bendr\u0173 l\u016bkes\u010di\u0173, kaip geriausiai gal\u0117tume dirbti drauge.<\/p>\n<p>Tiksliai i\u0161siai\u0161kin\u0119 j\u016bs\u0173 poreikius ir tikslus su\u017einosime, ar galime jums pad\u0117ti. Neparduosime to, ko jums nereikia, taip pat ne\u017ead\u0117sime padaryti to, ko padaryti neturime galimybi\u0173. Taip gal\u0117site b\u016bti tikri, kad esame visi\u0161kai atsidav\u0119 j\u016bs\u0173 s\u0117kmei.<\/p>\n<\/div>\n<\/div>\n<\/div>\n<\/div>\n<\/div>\n<h2>KAS MES ESAME<\/h2>\n<hr>\n<p><img decoding=\"async\" data-src=\"\/wp-content\/uploads\/2022\/06\/ukuso%CC%88o%CC%88t-3-scaled.jpg\" alt=\"\" title=\"\" src=\"data:image\/svg+xml;base64,PHN2ZyB3aWR0aD0iMSIgaGVpZ2h0PSIxIiB4bWxucz0iaHR0cDovL3d3dy53My5vcmcvMjAwMC9zdmciPjwvc3ZnPg==\" class=\"lazyload\"><\/p>\n<h3>UKU S\u00d6\u00d6T<\/h3>\n<div>\n<p>Partner.Development<\/p>\n<\/div>\n<div>\n<p><a href=\"mailto:uku@ipbpartners.eu\">uku@ipbpartners.eu<\/a><\/p>\n<p>+372 525 7939<\/p>\n<\/div>\n<ul>\n<li><a href=\"https:\/\/www.linkedin.com\/in\/uku-soot\/\" target=\"_blank\" rel=\"noopener\">linkedin<\/a>\n<\/li>\n<\/ul>\n<p><img decoding=\"async\" data-src=\"\/wp-content\/uploads\/2022\/06\/matiso%CC%88o%CC%88t.jpg\" alt=\"\" title=\"\" src=\"data:image\/svg+xml;base64,PHN2ZyB3aWR0aD0iMSIgaGVpZ2h0PSIxIiB4bWxucz0iaHR0cDovL3d3dy53My5vcmcvMjAwMC9zdmciPjwvc3ZnPg==\" class=\"lazyload\"><\/p>\n<h3>MATI S\u00d6\u00d6T<\/h3>\n<div>\n<p>Partner.Consulting<\/p>\n<\/div>\n<div>\n<p><a href=\"mailto:mati@ipbpartners.eu\">mati@ipbpartners.eu<\/a><\/p>\n<p>+372 5034 800<\/p>\n<\/div>\n<ul>\n<li><a href=\"https:\/\/www.linkedin.com\/in\/mati-s%C3%B6%C3%B6t-395728b2\/\" target=\"_blank\" rel=\"noopener\">linkedin<\/a>\n<\/li>\n<\/ul>\n<h2>M\u016aS\u0172 PARTNERIAI<\/h2>\n<hr>\n<ul>\n<li>\n<p>        <img decoding=\"async\" data-src=\"\/wp-content\/uploads\/2021\/04\/wiley-logo.png\" alt=\"\" title=\"\" src=\"data:image\/svg+xml;base64,PHN2ZyB3aWR0aD0iMSIgaGVpZ2h0PSIxIiB4bWxucz0iaHR0cDovL3d3dy53My5vcmcvMjAwMC9zdmciPjwvc3ZnPg==\" class=\"lazyload\" style=\"--smush-placeholder-width: 176px; --smush-placeholder-aspect-ratio: 176\/37;\"><\/p>\n<p><a href=\"https:\/\/www.wiley.com\" target=\"_blank\" rel=\"noopener\">Read more<\/a><\/p>\n<\/li>\n<li>\n<p>        <img decoding=\"async\" data-src=\"\/wp-content\/uploads\/2021\/04\/Everything-DiSC-Authorized-Partner-Logo_Color.png\" alt=\"\" title=\"\" src=\"data:image\/svg+xml;base64,PHN2ZyB3aWR0aD0iMSIgaGVpZ2h0PSIxIiB4bWxucz0iaHR0cDovL3d3dy53My5vcmcvMjAwMC9zdmciPjwvc3ZnPg==\" class=\"lazyload\" style=\"--smush-placeholder-width: 2560px; --smush-placeholder-aspect-ratio: 2560\/840;\"><\/p>\n<p><a href=\"https:\/\/www.everythingdisc.com\" target=\"_blank\" rel=\"noopener\">Read more<\/a><\/p>\n<\/li>\n<li>\n<p>        <img decoding=\"async\" data-src=\"\/wp-content\/uploads\/2021\/04\/5B-AP-AWB-Color.jpg\" alt=\"\" title=\"\" src=\"data:image\/svg+xml;base64,PHN2ZyB3aWR0aD0iMSIgaGVpZ2h0PSIxIiB4bWxucz0iaHR0cDovL3d3dy53My5vcmcvMjAwMC9zdmciPjwvc3ZnPg==\" class=\"lazyload\" style=\"--smush-placeholder-width: 830px; --smush-placeholder-aspect-ratio: 830\/320;\"><\/p>\n<p><a href=\"https:\/\/www.fivebehaviors.com\" target=\"_blank\" rel=\"noopener\">Read more<\/a><\/p>\n<\/li>\n<li>\n<p>        <img decoding=\"async\" data-src=\"\/wp-content\/uploads\/2024\/10\/discprofiles.eu-2.png\" alt=\"\" title=\"\" src=\"data:image\/svg+xml;base64,PHN2ZyB3aWR0aD0iMSIgaGVpZ2h0PSIxIiB4bWxucz0iaHR0cDovL3d3dy53My5vcmcvMjAwMC9zdmciPjwvc3ZnPg==\" class=\"lazyload\" style=\"--smush-placeholder-width: 1028px; --smush-placeholder-aspect-ratio: 1028\/668;\"><\/p>\n<p><a href=\"https:\/\/discprofiles.eu\" target=\"_blank\" rel=\"noopener\">Read more<\/a><\/p>\n<\/li>\n<\/ul>\n<p><!--more--><br \/>\n<!-- {\"name\":\"About us 10.21\",\"type\":\"layout\",\"children\":[{\"type\":\"section\",\"props\":{\"style\":\"default\",\"width\":\"default\",\"vertical_align\":\"middle\",\"title_position\":\"top-left\",\"title_rotation\":\"left\",\"title_breakpoint\":\"xl\",\"image_position\":\"center-center\",\"padding\":\"large\",\"header_transparent\":\"light\",\"image\":\"wp-content\\\/uploads\\\/2021\\\/07\\\/AdobeStock_224252149-scaled.jpeg\",\"media_overlay\":\"rgba(37, 150, 190, 0.78)\",\"image_size\":\"cover\"},\"children\":[{\"type\":\"row\",\"children\":[{\"type\":\"column\",\"props\":{\"image_position\":\"center-center\",\"media_overlay_gradient\":\"\",\"width_medium\":\"1-1\",\"position_sticky_breakpoint\":\"m\"},\"children\":[{\"type\":\"headline\",\"props\":{\"title_element\":\"h1\",\"title_color\":\"emphasis\",\"text_align\":\"center\",\"content\":\"K\\u0105 mes darome\",\"margin_remove_bottom\":true,\"title_style\":\"heading-medium\"}},{\"type\":\"text\",\"props\":{\"margin\":\"default\",\"column_breakpoint\":\"m\",\"text_color\":\"emphasis\",\"content\":\"\n\n<p class=\\\"uk-text-emphasis uk-text-center\\\">Padedame klientams ugdyti savo darbuotojus ir komandas, suteikdami patikrintus pasaulinio lygio tobul\\u0117jimo ir vertinimo \\u012frankius, kurie pasi\\u017eymi i\\u0161matuojamu ir ilgalaikiu poveikiu. Norime u\\u017etikrinti, kad m\\u016bs\\u0173 klientai pasiekt\\u0173 savo verslo tikslus, j\\u0173 lyderiai b\\u016bt\\u0173 itin aktyv\\u016bs, o komandos dirbt\\u0173 efektyviau.<\\\/p>\",\"text_style\":\"large\"}}]}]}],\"name\":\"Lehek\\u00fclgede p\\u00e4ised large\"},{\"type\":\"section\",\"props\":{\"style\":\"default\",\"width\":\"default\",\"vertical_align\":\"middle\",\"title_position\":\"top-left\",\"title_rotation\":\"left\",\"title_breakpoint\":\"xl\",\"image_position\":\"center-center\"},\"children\":[{\"type\":\"row\",\"children\":[{\"type\":\"column\",\"props\":{\"image_position\":\"center-center\",\"media_overlay_gradient\":\"\",\"width_medium\":\"1-1\",\"position_sticky_breakpoint\":\"m\"},\"children\":[{\"type\":\"headline\",\"props\":{\"title_element\":\"h2\",\"text_align\":\"left\",\"content\":\"M\\u016aS\\u0172 ISTORIJA\"},\"name\":\"TITLE HEADER\"},{\"type\":\"divider\",\"props\":{\"divider_element\":\"hr\",\"divider_style\":\"small\",\"divider_align\":\"\",\"divider_align_breakpoint\":\"\",\"divider_align_fallback\":\"\"}}]}]},{\"type\":\"row\",\"children\":[{\"type\":\"column\",\"props\":{\"image_position\":\"center-center\",\"media_overlay_gradient\":\"\",\"width_medium\":\"1-1\",\"position_sticky_breakpoint\":\"m\"},\"children\":[{\"type\":\"text\",\"props\":{\"margin\":\"default\",\"column_breakpoint\":\"m\",\"content\":\"\n\n<div class=\\\"wpb_text_column wpb_content_element \\\">\\n\n\n<div class=\\\"wpb_wrapper\\\">\\n\n\n<div class=\\\"wpb_text_column wpb_content_element \\\">\\n\n\n<div class=\\\"wpb_wrapper\\\">\\n\n\n<p>\\u0160iandien IPB Partners yra specializuota konsultavimo \\u012fmon\\u0117, dirbanti su konsultantais, vidutinio dyd\\u017eio bei stambiomis bendrov\\u0117mis, kurios vykdo veikl\\u0105 visame pasaulyje. Esame \\u012fgaliotieji \\u201e<strong><a href=\\\"http:\\\/\\\/www.everythingdisc.com\\\/\\\">Everything DiSC (A Wiley Brand)<\\\/a><\\\/strong>\\u201c partneriai Baltijos \\u0161alyse. Si\\u016blome \\u201eEverything DiSC\\u201c i\\u0161pl\\u0117totus elgesio vertinimo ir ugdymo sprendimus, kuriuos pritaik\\u0117me konkre\\u010dioms tikslin\\u0117ms rinkoms.<\\\/p>\\n\n\n<p><strong>Metams b\\u0117gant, daug su\\u017einojome apie tai, kas lemia verslo s\\u0117km\\u0119.<\\\/strong><\\\/p>\\n\n\n<p>Mat\\u0117me teigiam\\u0105 stipri\\u0173 lyderi\\u0173 ir komand\\u0173 \\u012ftak\\u0105 \\u2013 ir savo bendrov\\u0117je, ir organizacijose, su kuriomis dirbame. Norime, kad ir kiti pasinaudot\\u0173 tais pa\\u010diais s\\u0117kmingais ugdymo pavyzd\\u017eiais, tod\\u0117l taip d\\u017eiaugiam\\u0117s savo darbu, kurdami darbo vietas, kuriose kiekvienas gali rasti prasm\\u0119 ir atskleisti visas savo galimybes.<\\\/p>\\n<\\\/div>\\n<\\\/div>\\n<\\\/div>\\n<\\\/div>\"}}]}]}]},{\"type\":\"section\",\"props\":{\"style\":\"muted\",\"width\":\"default\",\"vertical_align\":\"middle\",\"title_position\":\"top-left\",\"title_rotation\":\"left\",\"title_breakpoint\":\"xl\",\"image_position\":\"center-center\"},\"children\":[{\"type\":\"row\",\"props\":{\"layout\":\"1-2,1-2\"},\"children\":[{\"type\":\"column\",\"props\":{\"image_position\":\"center-center\",\"media_overlay_gradient\":\"\",\"padding\":\"small\",\"width_medium\":\"1-2\",\"position_sticky_breakpoint\":\"m\"},\"children\":[{\"type\":\"headline\",\"props\":{\"title_element\":\"h2\",\"text_align\":\"center\",\"content\":\"MISIJA\"},\"name\":\"TITLE HEADER\"},{\"type\":\"divider\",\"props\":{\"divider_element\":\"hr\",\"divider_style\":\"small\",\"divider_align\":\"center\",\"divider_align_breakpoint\":\"\",\"divider_align_fallback\":\"\"}},{\"type\":\"text\",\"props\":{\"margin\":\"default\",\"column_breakpoint\":\"m\",\"content\":\"\n\n<p style=\\\"text-align: center;\\\">Pasi\\u016blyti pirmaujan\\u010dias rinkoje ir pasaulyje patikrintas ugdymo priemones, padedan\\u010dias \\u017emon\\u0117ms s\\u0117kmingiau dirbti kartu.<\\\/p>\"}}]},{\"type\":\"column\",\"props\":{\"image_position\":\"center-center\",\"media_overlay_gradient\":\"\",\"padding\":\"small\",\"width_medium\":\"1-2\",\"position_sticky_breakpoint\":\"m\"},\"children\":[{\"type\":\"headline\",\"props\":{\"title_element\":\"h2\",\"text_align\":\"center\",\"content\":\"VIZIJA\"},\"name\":\"TITLE HEADER\"},{\"type\":\"divider\",\"props\":{\"divider_element\":\"hr\",\"divider_style\":\"small\",\"divider_align\":\"center\",\"divider_align_breakpoint\":\"\",\"divider_align_fallback\":\"\"}},{\"type\":\"text\",\"props\":{\"margin\":\"default\",\"column_breakpoint\":\"m\",\"content\":\"\n\n<p style=\\\"text-align: center;\\\">Esame \\u012fsipareigoj\\u0119 tobulinti pasaul\\u012f, pad\\u0117dami organizacijoms kurti ir puosel\\u0117ti komandinio darbo kult\\u016br\\u0105, ie\\u0161koti efektyvesni\\u0173 veiklos b\\u016bd\\u0173, megzti bendradarbiavimu paremtus santykius ir \\u012fgalinti komandas siekti s\\u0117km\\u0117s.<\\\/p>\"}}]}]}]},{\"type\":\"section\",\"props\":{\"style\":\"default\",\"width\":\"default\",\"vertical_align\":\"middle\",\"title_position\":\"top-left\",\"title_rotation\":\"left\",\"title_breakpoint\":\"xl\",\"image_position\":\"center-center\",\"padding_remove_bottom\":true},\"children\":[{\"type\":\"row\",\"children\":[{\"type\":\"column\",\"props\":{\"image_position\":\"center-center\",\"media_overlay_gradient\":\"\",\"width_medium\":\"1-1\",\"position_sticky_breakpoint\":\"m\"},\"children\":[{\"type\":\"headline\",\"props\":{\"title_element\":\"h2\",\"text_align\":\"left\",\"content\":\"M\\u016aS\\u0172 PA\\u017dADAS\"},\"name\":\"TITLE HEADER\"},{\"type\":\"divider\",\"props\":{\"divider_element\":\"hr\",\"divider_style\":\"small\",\"divider_align\":\"\",\"divider_align_breakpoint\":\"\",\"divider_align_fallback\":\"\"}},{\"type\":\"text\",\"props\":{\"margin\":\"default\",\"column_breakpoint\":\"m\",\"content\":\"\n\n<div class=\\\"wpb_text_column wpb_content_element \\\">\\n\n\n<div class=\\\"wpb_wrapper\\\">\\n\n\n<div class=\\\"wpb_text_column wpb_content_element \\\">\\n\n\n<div class=\\\"wpb_wrapper\\\">\\n\n\n<p>Suprantame, kad bet kokio paslaug\\u0173 teik\\u0117jo pasirinkimas j\\u016bs\\u0173 organizacijai yra svarbus sprendimas. Norime, kad pasirinkdami mus b\\u016btum\\u0117te \\u012fsitikin\\u0119, jog priimate teising\\u0105 sprendim\\u0105. Tod\\u0117l skiriame laiko, kad gal\\u0117tum\\u0117te mus pa\\u017einti ne vien kaip profesionalus, bet ir kaip bendradarbius. Tai mums taip pat suteikia galimyb\\u0119 geriau suprasti j\\u016bs\\u0173 poreikius ir sutarti d\\u0117l bendr\\u0173 l\\u016bkes\\u010di\\u0173, kaip geriausiai gal\\u0117tume dirbti drauge.<\\\/p>\\n\n\n<p>Tiksliai i\\u0161siai\\u0161kin\\u0119 j\\u016bs\\u0173 poreikius ir tikslus su\\u017einosime, ar galime jums pad\\u0117ti. Neparduosime to, ko jums nereikia, taip pat ne\\u017ead\\u0117sime padaryti to, ko padaryti neturime galimybi\\u0173. Taip gal\\u0117site b\\u016bti tikri, kad esame visi\\u0161kai atsidav\\u0119 j\\u016bs\\u0173 s\\u0117kmei.<\\\/p>\\n<\\\/div>\\n<\\\/div>\\n<\\\/div>\\n<\\\/div>\"}}]}]}]},{\"type\":\"section\",\"props\":{\"style\":\"default\",\"width\":\"default\",\"vertical_align\":\"middle\",\"title_position\":\"top-left\",\"title_rotation\":\"left\",\"title_breakpoint\":\"xl\",\"image_position\":\"center-center\",\"padding_remove_bottom\":true},\"children\":[{\"type\":\"row\",\"children\":[{\"type\":\"column\",\"props\":{\"image_position\":\"center-center\",\"media_overlay_gradient\":\"\",\"width_medium\":\"1-1\",\"position_sticky_breakpoint\":\"m\"},\"children\":[{\"type\":\"headline\",\"props\":{\"title_element\":\"h2\",\"text_align\":\"center\",\"content\":\"KAS MES ESAME\"},\"name\":\"TITLE HEADER\"},{\"type\":\"divider\",\"props\":{\"divider_element\":\"hr\",\"divider_style\":\"small\",\"divider_align\":\"center\",\"divider_align_breakpoint\":\"\",\"divider_align_fallback\":\"\"}}]}]},{\"type\":\"row\",\"props\":{\"layout\":\"1-4,1-4,1-4,1-4|1-2,1-2,1-2,1-2\",\"match\":false},\"children\":[{\"type\":\"column\",\"props\":{\"image_position\":\"center-center\",\"media_overlay_gradient\":\"\",\"width_medium\":\"1-4\",\"width_small\":\"1-2\",\"position_sticky_breakpoint\":\"m\"},\"children\":[]},{\"type\":\"column\",\"props\":{\"image_position\":\"center-center\",\"media_overlay_gradient\":\"\",\"vertical_align\":\"bottom\",\"style\":\"muted\",\"padding\":\"xsmall\",\"width_medium\":\"1-4\",\"width_small\":\"1-2\",\"position_sticky_breakpoint\":\"m\"},\"children\":[{\"type\":\"image\",\"props\":{\"margin\":\"default\",\"image_svg_color\":\"emphasis\",\"text_align\":\"center\",\"image\":\"wp-content\\\/uploads\\\/2022\\\/06\\\/ukuso\\u0308o\\u0308t-3-scaled.jpg\",\"image_width\":\"200\"}},{\"type\":\"headline\",\"props\":{\"title_element\":\"h3\",\"text_align\":\"center\",\"content\":\"UKU S\\u00d6\\u00d6T\",\"margin_remove_bottom\":true}},{\"type\":\"text\",\"props\":{\"margin\":\"default\",\"column_breakpoint\":\"m\",\"text_style\":\"meta\",\"text_color\":\"primary\",\"text_align\":\"center\",\"content\":\"\n\n<p>Partner.Development<\\\/p>\",\"margin_remove_top\":true}},{\"type\":\"text\",\"props\":{\"margin\":\"default\",\"column_breakpoint\":\"m\",\"text_align\":\"center\",\"content\":\"\n\n<p><a href=\\\"mailto:uku@ipbpartners.eu\\\">uku@ipbpartners.eu<\\\/a><\\\/p>\\n\n\n<p>+372 525 7939<\\\/p>\"}},{\"type\":\"social\",\"props\":{\"link_style\":\"muted\",\"margin\":\"default\",\"text_align\":\"center\",\"grid_gap\":\"small\",\"grid\":\"horizontal\"},\"children\":[{\"type\":\"social_item\",\"props\":{\"link\":\"https:\\\/\\\/www.linkedin.com\\\/in\\\/uku-soot\\\/\"}}]}]},{\"type\":\"column\",\"props\":{\"image_position\":\"center-center\",\"media_overlay_gradient\":\"\",\"vertical_align\":\"bottom\",\"style\":\"muted\",\"padding\":\"xsmall\",\"width_medium\":\"1-4\",\"width_small\":\"1-2\",\"position_sticky_breakpoint\":\"m\"},\"children\":[{\"type\":\"image\",\"props\":{\"margin\":\"default\",\"image_svg_color\":\"emphasis\",\"text_align\":\"center\",\"image\":\"wp-content\\\/uploads\\\/2022\\\/06\\\/matiso\\u0308o\\u0308t.jpg\",\"image_width\":\"200\"}},{\"type\":\"headline\",\"props\":{\"title_element\":\"h3\",\"text_align\":\"center\",\"content\":\"MATI S\\u00d6\\u00d6T\",\"margin_remove_bottom\":true}},{\"type\":\"text\",\"props\":{\"margin\":\"default\",\"column_breakpoint\":\"m\",\"text_style\":\"meta\",\"text_color\":\"primary\",\"text_align\":\"center\",\"content\":\"\n\n<p>Partner.Consulting<\\\/p>\",\"margin_remove_top\":true}},{\"type\":\"text\",\"props\":{\"margin\":\"default\",\"column_breakpoint\":\"m\",\"text_align\":\"center\",\"content\":\"\n\n<p><a href=\\\"mailto:mati@ipbpartners.eu\\\">mati@ipbpartners.eu<\\\/a><\\\/p>\\n\n\n<p>+372 5034 800<\\\/p>\"}},{\"type\":\"social\",\"props\":{\"link_style\":\"muted\",\"margin\":\"default\",\"text_align\":\"center\",\"grid_gap\":\"small\",\"grid\":\"horizontal\"},\"children\":[{\"type\":\"social_item\",\"props\":{\"link\":\"https:\\\/\\\/www.linkedin.com\\\/in\\\/mati-s%C3%B6%C3%B6t-395728b2\\\/\"}}]}]},{\"type\":\"column\",\"props\":{\"image_position\":\"center-center\",\"media_overlay_gradient\":\"\",\"width_medium\":\"1-4\",\"width_small\":\"1-2\",\"position_sticky_breakpoint\":\"m\"},\"children\":[]}]}]},{\"type\":\"section\",\"props\":{\"style\":\"default\",\"width\":\"default\",\"vertical_align\":\"middle\",\"title_position\":\"top-left\",\"title_rotation\":\"left\",\"title_breakpoint\":\"xl\",\"image_position\":\"center-center\"},\"children\":[{\"type\":\"row\",\"props\":{\"margin\":\"medium\"},\"children\":[{\"type\":\"column\",\"props\":{\"image_position\":\"center-center\",\"media_overlay_gradient\":\"\",\"width_medium\":\"1-1\",\"position_sticky_breakpoint\":\"m\"},\"children\":[{\"type\":\"headline\",\"props\":{\"title_element\":\"h2\",\"text_align\":\"center\",\"content\":\"M\\u016aS\\u0172 PARTNERIAI\"},\"name\":\"TITLE HEADER\"},{\"type\":\"divider\",\"props\":{\"divider_element\":\"hr\",\"divider_style\":\"small\",\"divider_align\":\"center\",\"divider_align_breakpoint\":\"\",\"divider_align_fallback\":\"\"}}]}]},{\"type\":\"row\",\"children\":[{\"type\":\"column\",\"props\":{\"image_position\":\"center-center\",\"media_overlay_gradient\":\"\",\"width_medium\":\"1-1\",\"position_sticky_breakpoint\":\"m\"},\"children\":[{\"type\":\"gallery\",\"props\":{\"show_title\":true,\"show_meta\":true,\"show_content\":true,\"show_link\":true,\"show_hover_image\":true,\"grid_default\":\"1\",\"grid_medium\":\"4\",\"filter_style\":\"tab\",\"filter_all\":true,\"filter_position\":\"top\",\"filter_align\":\"left\",\"filter_grid_width\":\"auto\",\"filter_grid_breakpoint\":\"m\",\"overlay_mode\":\"cover\",\"overlay_hover\":true,\"overlay_style\":\"overlay-primary\",\"text_color\":\"light\",\"overlay_position\":\"center\",\"overlay_transition\":\"fade\",\"title_hover_style\":\"reset\",\"title_element\":\"h3\",\"meta_style\":\"text-meta\",\"meta_align\":\"below-title\",\"link_text\":\"Read more\",\"link_style\":\"default\",\"text_align\":\"center\",\"margin\":\"default\",\"item_animation\":true,\"grid_column_gap\":\"large\",\"grid_column_align\":true,\"grid_divider\":false,\"grid_row_align\":true,\"meta_element\":\"div\",\"parallax_easing\":\"1\",\"image_width\":\"225\"},\"children\":[{\"type\":\"gallery_item\",\"props\":{\"image\":\"wp-content\\\/uploads\\\/2021\\\/04\\\/wiley-logo.png\",\"link\":\"https:\\\/\\\/www.wiley.com\"}},{\"type\":\"gallery_item\",\"props\":{\"image\":\"wp-content\\\/uploads\\\/2021\\\/04\\\/Everything-DiSC-Authorized-Partner-Logo_Color.png\",\"link\":\"https:\\\/\\\/www.everythingdisc.com\"}},{\"type\":\"gallery_item\",\"props\":{\"image\":\"wp-content\\\/uploads\\\/2021\\\/04\\\/5B-AP-AWB-Color.jpg\",\"link\":\"https:\\\/\\\/www.fivebehaviors.com\"}},{\"type\":\"gallery_item\",\"props\":{\"image\":\"wp-content\\\/uploads\\\/2024\\\/10\\\/discprofiles.eu-2.png\",\"link\":\"https:\\\/\\\/discprofiles.eu\"}}]}]}]}]}],\"version\":\"3.0.7\"} --><\/p>\n","protected":false},"excerpt":{"rendered":"<p>K\u0105 mes darome Padedame klientams ugdyti savo darbuotojus ir komandas, suteikdami patikrintus pasaulinio lygio tobul\u0117jimo ir vertinimo \u012frankius, kurie pasi\u017eymi i\u0161matuojamu ir ilgalaikiu poveikiu. Norime u\u017etikrinti, kad m\u016bs\u0173 klientai pasiekt\u0173 savo verslo tikslus, j\u0173 lyderiai b\u016bt\u0173 itin aktyv\u016bs, o komandos dirbt\u0173 efektyviau. M\u016aS\u0172 ISTORIJA \u0160iandien IPB Partners yra specializuota konsultavimo \u012fmon\u0117, dirbanti su konsultantais, vidutinio [&hellip;]<\/p>\n","protected":false},"author":2,"featured_media":0,"parent":0,"menu_order":0,"comment_status":"closed","ping_status":"closed","template":"","meta":{"footnotes":""},"class_list":["post-16392","page","type-page","status-publish","hentry"],"_links":{"self":[{"href":"https:\/\/ipbpartners.eu\/lt\/wp-json\/wp\/v2\/pages\/16392","targetHints":{"allow":["GET"]}}],"collection":[{"href":"https:\/\/ipbpartners.eu\/lt\/wp-json\/wp\/v2\/pages"}],"about":[{"href":"https:\/\/ipbpartners.eu\/lt\/wp-json\/wp\/v2\/types\/page"}],"author":[{"embeddable":true,"href":"https:\/\/ipbpartners.eu\/lt\/wp-json\/wp\/v2\/users\/2"}],"replies":[{"embeddable":true,"href":"https:\/\/ipbpartners.eu\/lt\/wp-json\/wp\/v2\/comments?post=16392"}],"version-history":[{"count":2,"href":"https:\/\/ipbpartners.eu\/lt\/wp-json\/wp\/v2\/pages\/16392\/revisions"}],"predecessor-version":[{"id":26529,"href":"https:\/\/ipbpartners.eu\/lt\/wp-json\/wp\/v2\/pages\/16392\/revisions\/26529"}],"wp:attachment":[{"href":"https:\/\/ipbpartners.eu\/lt\/wp-json\/wp\/v2\/media?parent=16392"}],"curies":[{"name":"wp","href":"https:\/\/api.w.org\/{rel}","templated":true}]}}