{"id":16527,"date":"2021-10-08T10:36:15","date_gmt":"2021-10-08T10:36:15","guid":{"rendered":"https:\/\/ipbpartners.eu\/?page_id=16527"},"modified":"2026-04-18T02:50:36","modified_gmt":"2026-04-18T02:50:36","slug":"profilext","status":"publish","type":"page","link":"https:\/\/ipbpartners.eu\/lt\/profilext\/","title":{"rendered":"ProfileXT"},"content":{"rendered":"<h1>ProfileXT\u00ae<\/h1>\n<div>\n<p style=\"text-align: center;\">\u201cProfileXT\u201d padeda papras\u010diau ir protingiau pasamdyti \u017emones<\/p>\n<\/div>\n<div>\n<p><strong>\u201e<\/strong><strong>The ProfileXT\u00ae<\/strong><strong>\u201c<\/strong> yra milijon\u0173 vartotoj\u0173,\u00a0 daugiau nei 120 \u0161ali\u0173, naudojamas \u012fvertinimo \u012frankis, padedantis pasirinkti tinkamiausius kandidatus \u012f darbo pozicijas pagal j\u0173 nat\u016brali\u0105 elgsen\u0105. \u201eProfiles International\u201c si\u016bloma priemon\u0117 padeda suprasti: ar j\u016bs\u0173 kandidatai GALI dirbti toje pozicijoje, ar jie DIRBS savo darb\u0105 ir ar jie BUS LAIMINGI j\u012f dirbdami.<\/p>\n<p>Nepaisant j\u016bs\u0173 kompanijos dyd\u017eio, samdymo procese naudoti \u201eProfileXT\u201c \u012fvertinim\u0105 gali b\u016bti labai vertingas ir tinkamas pasirinkimas.<\/p>\n<h2>\u201eProfileXT\u00ae\u201c padeda:<\/h2>\n<ul>\n<li>Parinkti tinkam\u0105 kandidat\u0105<\/li>\n<li>Suma\u017einti darbuotoj\u0173 kait\u0105 ir i\u0161vengti brangi\u0173 samdymo klaid\u0173<\/li>\n<li>Padidinti darbuotoj\u0173 pasitenkinim\u0105 ir produktyvum\u0105<\/li>\n<li>Efektyviau vadovauti, mokyti ir kelti pareigose<\/li>\n<li>Taupyti laik\u0105 ir sukurti efektyv\u0173 samdymo proces\u0105<\/li>\n<\/ul>\n<\/div>\n<div>\n<p>        <img decoding=\"async\" data-src=\"\/wp-content\/uploads\/2021\/09\/bigstock-Human-Resources-Interview-Recr-117369077.jpg\" alt=\"https:\/\/youtu.be\/B_UiSSW_pAY\" title=\"\" src=\"data:image\/svg+xml;base64,PHN2ZyB3aWR0aD0iMSIgaGVpZ2h0PSIxIiB4bWxucz0iaHR0cDovL3d3dy53My5vcmcvMjAwMC9zdmciPjwvc3ZnPg==\" class=\"lazyload\" style=\"--smush-placeholder-width: 1200px; --smush-placeholder-aspect-ratio: 1200\/897;\"><\/p>\n<\/div>\n<div>\n<div class=\"wistia_trigger-overlay\" data-video=\"https:\/\/www.youtube.com\/embed\/SHBMOSw_IPQ\">\n<div>\n<div class=\"wistia_trigger-icon\"><\/div>\n<div class=\"wistia_trigger-details\">\n<div class=\"video__details\">\n        \t<span class=\"wistia_trigger-title\"style=\"color:black\">PXT \u2013 Human Side of Selection<\/span>\n        <\/div>\n<\/p><\/div>\n<\/p><\/div>\n<\/div>\n<\/div>\n<h2>Kaip tai veikia?<\/h2>\n<hr>\n<p><img decoding=\"async\" data-src=\"\/wp-content\/uploads\/2021\/10\/ProfileXT-1.png\" alt=\"\" title=\"\" src=\"data:image\/svg+xml;base64,PHN2ZyB3aWR0aD0iMSIgaGVpZ2h0PSIxIiB4bWxucz0iaHR0cDovL3d3dy53My5vcmcvMjAwMC9zdmciPjwvc3ZnPg==\" class=\"lazyload\" style=\"--smush-placeholder-width: 2560px; --smush-placeholder-aspect-ratio: 2560\/1632;\"><\/p>\n<h2>Pagrindiniai bruo\u017eai<\/h2>\n<hr>\n<div>\n<p><strong><\/strong><strong>Vertinami: <\/strong>m\u0105stymo geb\u0117jimai ir<br \/>mokymosi potencialas, profesiniai interesai, asmenyb\u0117s bruo\u017eai ir 20 veiklos rodikli\u0173.<\/p>\n<p><strong><\/strong><strong>Vertinimo kategorijos<\/strong>: mokymosi potencialas, verbaliniai \u012fg\u016bd\u017eiai, verbalinis m\u0105stymas, skai\u010diavimo \u012fg\u016bd\u017eiai, skaitinis m\u0105stymas, energingumas, ry\u017etingumas, socialumas, polinkis bendradarbiauti, po\u017ei\u016bris, apsisprendimas, prisitaikymas, savaranki\u0161kumas, sprendim\u0173 objektyvumas, interesai ir motyvacija.<\/p>\n<p><strong>T<\/strong><strong>rukm\u0117<\/strong>: apie 1h<\/p>\n<p><strong>A<\/strong><strong>taskait\u0173 tipai<\/strong>: 8 Skirtingos ataskaitos \u2013 individualios ataskaitos, ugdymo ataskaita, interviu gidas, grafin\u0117 darbo atitikimo santrauka, karjeros planavimo ataskaita, kandidat\u0173 tinkamumo palyginimas, vadovo lyderyst\u0117s ataskaita<\/p>\n<\/p>\n<\/div>\n<p>\n    <a href=\"\/wp-content\/uploads\/2021\/10\/Tomas-Pavyzdys-Grafine%CC%87-santrauka.pdf\">GRAFIN\u0116S SANTRAUKOS PAVYZDYS<\/a>\n<\/p>\n<div>\n<p style=\"text-align: center;\">\u201eVertinimo \u012frankis \u201eProfileXT\u201c padeda mums \u012fdarbinimo procese ir tiesioginiam vadovui suteikia i\u0161sami\u0105 kandidato ap\u017evalg\u0105 bei rekomendacijas. Nors ataskaitose gausu informacijos, ta\u010diau jos strukt\u016bra yra labai logi\u0161ka ir lengvai suprantama. Nuo\u0161ird\u017eiai d\u0117koju jums u\u017e pozityv\u0173, greit\u0105 ir efektyv\u0173 bendradarbiavim\u0105!\u201c<\/p>\n<p style=\"text-align: center;\"><strong>\u2013 Karoline Sibul, HR Verslo Partner\u0117<\/strong><strong> \u2013 <\/strong><strong>Olympic Entertainment Group<\/strong><\/p>\n<\/div>\n<div>\n<p>Suplanuokime skambut\u012f ir aptarkime j\u016bs\u0173 organizacijos poreikius<\/p>\n<\/div>\n<div>\n<p>    <div class=\"super-popup-wrapper-19502 super-popup-wrapper\" style=\"opacity:0;z-index:-2147483648;\"><div class=\"super-popup-19502 super-popup super-popup-sticky-default\" style=\"opacity:0;\"><span class=\"super-popup-close\"><span class=\"super-popup-close-icon\"><\/span><\/span><div class=\"super-popup-content\"><style type=\"text\/css\">.super-form:not(.super-initialized) *:not(.super-load-icon) { visibility: hidden !important; }<\/style><div id=\"super-form-19502\" style=\"margin:0px 0px 0px 0px;\" class=\"super-form preload-disabled super-form-19502  super-default-squared super-field-size-medium super-adaptive\" data-hide=\"true\" data-overlay=\"true\" data-field-size=\"medium\"><span class=\"super-load-icon\"><\/span><form tabindex=\"0\" autocomplete=\"on\" enctype=\"multipart\/form-data\"><input type=\"hidden\" name=\"sf_nonce\" value=\"\" \/><input type=\"text\" name=\"super_hp\" size=\"25\" value=\"\" \/><div class=\"super-shortcode super-field super-hidden\"><input class=\"super-shortcode-field\" type=\"hidden\" value=\"19502\" name=\"hidden_form_id\" \/><\/div><div class=\"super-grid super-shortcode\"><div class=\"super-shortcode super_one_half super-column grid-level-0 column-number-1 first-column \"><div class=\"super-shortcode super-field super-text   super-ungrouped  \"><div class=\"super-field-wrapper \"><input tabindex=\"-1\" class=\"super-shortcode-field\" type=\"email\" name=\"email\" data-oname=\"email\" data-validation=\"email\" data-email=\"Email address:\" data-exclude=\"0\" data-absolute-default=\"\" data-default-value=\"\" \/><span class=\"super-adaptive-placeholder\" data-placeholder=\"El. pa\u0161tas\" data-placeholderFilled=\"E-mail Address\"><span>El. pa\u0161tas<\/span><\/span><\/div><div class=\"super-error-msg\">Field is required!<\/div><div class=\"super-empty-error-msg\">Field is required!<\/div><\/div><\/div><div class=\"super-shortcode super_one_half super-column grid-level-0 column-number-2  \"><div class=\"super-shortcode super-field super-text   super-ungrouped  \"><div class=\"super-field-wrapper \"><input tabindex=\"-1\" class=\"super-shortcode-field\" type=\"tel\" name=\"phonenumber\" data-oname=\"phonenumber\" data-validation=\"empty\" data-email=\"Phonenumber:\" data-exclude=\"0\" data-absolute-default=\"\" data-default-value=\"\" \/><span class=\"super-adaptive-placeholder\" data-placeholder=\"J\u016bs\u0173 telefono nr\" data-placeholderFilled=\"Phonenumber\"><span>J\u016bs\u0173 telefono nr<\/span><\/span><\/div><div class=\"super-error-msg\">Field is required!<\/div><div class=\"super-empty-error-msg\">Field is required!<\/div><\/div><\/div><\/div><div data-color=\"#b49361\" data-light=\"#c8a775\" data-dark=\"#967543\" data-hover-color=\"#444444\" data-hover-light=\"#585858\" data-hover-dark=\"#262626\" data-font=\"#ffffff\" data-font-hover=\"#ffffff\" data-radius=\"square\" data-type=\"flat\" class=\"super-extra-shortcode super-shortcode super-field super-button super-clear-none super-form-button super-radius-square super-type-flat super-button-medium super-button-align-center super-button-width-fullwidth\"><div data-href=\"\" class=\"super-button-wrap no_link\"><div class=\"super-button-name\" data-action=\"submit\" data-normal=\"Si\u0173sti\" data-loading=\"\u012ekeliama...\">Si\u0173sti<\/div><span class=\"super-after\"><\/span><\/div><\/div><\/form><\/div><\/div><textarea name=\"super-popup-settings\">{\"enabled\":\"true\",\"logged_in\":\"true\",\"not_logged_in\":\"true\",\"page_load\":\"\",\"exit_intent\":\"\",\"leave\":\"\",\"leave_msg\":\"Wait stay with us! Please take the time to fill out our form!?\",\"enable_scrolling\":\"\",\"scrolled\":\"0\",\"enable_seconds\":\"\",\"seconds\":\"0\",\"enable_inactivity\":\"\",\"inactivity\":\"0\",\"enable_schedule\":\"\",\"from\":\"2020-09-17\",\"till\":\"2020-09-17\",\"disable_closing\":\"\",\"close_btn\":\"true\",\"close_btn_icon_color\":\"\",\"close_btn_bg_color\":\"#b49361\",\"close_btn_label\":\"\",\"close_btn_label_color\":\"#b49361\",\"close_btn_label_bg_color\":\"#b49361\",\"close_btn_label_padding\":\"\",\"close_btn_icon_size\":\"14\",\"close_btn_border\":\"0\",\"close_btn_border_color\":\"\",\"close_btn_top\":\"0\",\"close_btn_right\":\"0\",\"close_btn_padding\":\"\",\"close_btn_radius\":\"0\",\"enable_padding\":\"\",\"padding\":\"\",\"expire_trigger\":\"\",\"expire\":\"1\",\"width\":\"700\",\"background_color\":\"#ffffff\",\"overlay_color\":\"#000000\",\"overlay_opacity\":\"0.5\",\"background_image\":\"\",\"background_image_repeat\":\"no-repeat\",\"background_image_size\":\"cover\",\"slide\":\"none\",\"slide_duration\":\"300\",\"fade_duration\":\"300\",\"fade_out_duration\":\"300\",\"sticky\":\"default\",\"enable_borders\":\"true\",\"border_size\":\"3\",\"border_color\":\"#b49361\",\"border_radius_top_left\":\"10\",\"border_radius_top_right\":\"10\",\"border_radius_bottom_left\":\"10\",\"border_radius_bottom_right\":\"10\",\"enable_shadows\":\"true\",\"shadow_horizontal_length\":\"5\",\"shadow_vertical_length\":\"5\",\"blur_radius\":\"15\",\"spread_radius\":\"3\",\"shadow_color\":\"#000000\",\"shadow_opacity\":\"0.7\"}<\/textarea><\/div><\/div><br \/>\n<a href=\"#super-popup-19502\" class=\"el-content uk-button uk-button-secondary uk-button-large\">REZERVUOTI NEMOKAM\u0104 KONSULTACIJ\u0104<\/a>\n<\/div>\n<p><!--more--><br \/>\n<!-- {\"name\":\"PXT 15.10\",\"type\":\"layout\",\"children\":[{\"type\":\"section\",\"props\":{\"style\":\"default\",\"width\":\"default\",\"vertical_align\":\"middle\",\"title_position\":\"top-left\",\"title_rotation\":\"left\",\"title_breakpoint\":\"xl\",\"image_position\":\"center-center\",\"padding\":\"large\",\"header_transparent\":\"light\",\"image\":\"wp-content\\\/uploads\\\/2021\\\/07\\\/hero-chairs-website.jpg\",\"media_overlay\":\"rgba(37, 150, 190, 0.78)\",\"image_size\":\"cover\"},\"children\":[{\"type\":\"row\",\"children\":[{\"type\":\"column\",\"props\":{\"image_position\":\"center-center\",\"media_overlay_gradient\":\"\",\"width_medium\":\"1-1\",\"position_sticky_breakpoint\":\"m\"},\"children\":[{\"type\":\"headline\",\"props\":{\"title_element\":\"h1\",\"title_color\":\"emphasis\",\"text_align\":\"center\",\"content\":\"ProfileXT\\u00ae\",\"margin_remove_bottom\":true,\"title_style\":\"heading-medium\"}},{\"type\":\"text\",\"props\":{\"margin\":\"default\",\"column_breakpoint\":\"m\",\"text_color\":\"emphasis\",\"content\":\"\n\n<p style=\\\"text-align: center;\\\">\\u201cProfileXT\\u201d padeda papras\\u010diau ir protingiau pasamdyti \\u017emones<\\\/p>\",\"text_style\":\"large\"}}]}]}],\"name\":\"Lehek\\u00fclgede p\\u00e4ised large\"},{\"type\":\"section\",\"props\":{\"style\":\"default\",\"width\":\"default\",\"vertical_align\":\"middle\",\"title_position\":\"top-left\",\"title_rotation\":\"left\",\"title_breakpoint\":\"xl\",\"image_position\":\"center-right\",\"padding\":\"small\",\"image\":\"\",\"padding_remove_top\":false},\"children\":[{\"type\":\"row\",\"props\":{\"layout\":\"2-3,1-3\"},\"children\":[{\"type\":\"column\",\"props\":{\"image_position\":\"center-center\",\"media_overlay_gradient\":\"\",\"width_medium\":\"2-3\",\"position_sticky_breakpoint\":\"m\"},\"children\":[{\"type\":\"text\",\"props\":{\"margin\":\"default\",\"column_breakpoint\":\"m\",\"content\":\"\n\n<p><strong>\\u201e<\\\/strong><strong>The ProfileXT\\u00ae<\\\/strong><strong>\\u201c<\\\/strong> yra milijon\\u0173 vartotoj\\u0173,\\u00a0 daugiau nei 120 \\u0161ali\\u0173, naudojamas \\u012fvertinimo \\u012frankis, padedantis pasirinkti tinkamiausius kandidatus \\u012f darbo pozicijas pagal j\\u0173 nat\\u016brali\\u0105 elgsen\\u0105. \\u201eProfiles International\\u201c si\\u016bloma priemon\\u0117 padeda suprasti: ar j\\u016bs\\u0173 kandidatai GALI dirbti toje pozicijoje, ar jie DIRBS savo darb\\u0105 ir ar jie BUS LAIMINGI j\\u012f dirbdami.<\\\/p>\\n\n\n<p>Nepaisant j\\u016bs\\u0173 kompanijos dyd\\u017eio, samdymo procese naudoti \\u201eProfileXT\\u201c \\u012fvertinim\\u0105 gali b\\u016bti labai vertingas ir tinkamas pasirinkimas.<\\\/p>\\n\n\n<h2>\\u201eProfileXT\\u00ae\\u201c padeda:<\\\/h2>\\n\n\n<ul>\\n\n\n<li>Parinkti tinkam\\u0105 kandidat\\u0105<\\\/li>\\n\n\n<li>Suma\\u017einti darbuotoj\\u0173 kait\\u0105 ir i\\u0161vengti brangi\\u0173 samdymo klaid\\u0173<\\\/li>\\n\n\n<li>Padidinti darbuotoj\\u0173 pasitenkinim\\u0105 ir produktyvum\\u0105<\\\/li>\\n\n\n<li>Efektyviau vadovauti, mokyti ir kelti pareigose<\\\/li>\\n\n\n<li>Taupyti laik\\u0105 ir sukurti efektyv\\u0173 samdymo proces\\u0105<\\\/li>\\n<\\\/ul>\"}}]},{\"type\":\"column\",\"props\":{\"image_position\":\"center-center\",\"media_overlay_gradient\":\"\",\"class\":\"popup-video\",\"width_medium\":\"1-3\",\"position_sticky_breakpoint\":\"m\"},\"children\":[{\"type\":\"overlay\",\"props\":{\"link_text\":\"Read more\",\"overlay_mode\":\"cover\",\"overlay_hover\":false,\"overlay_style\":\"overlay-primary\",\"text_color\":\"dark\",\"overlay_position\":\"center\",\"overlay_transition\":\"fade\",\"title_hover_style\":\"reset\",\"title_element\":\"h3\",\"meta_style\":\"text-meta\",\"meta_align\":\"below-title\",\"link_style\":\"default\",\"text_align\":\"center\",\"margin\":\"default\",\"image_transition\":\"scale-up\",\"image_box_decoration\":\"shadow\",\"image\":\"wp-content\\\/uploads\\\/2021\\\/09\\\/bigstock-Human-Resources-Interview-Recr-117369077.jpg\",\"id\":\"changepartner-video-preview\",\"class\":\"changepartner-video-preview\",\"image_alt\":\"https:\\\/\\\/youtu.be\\\/B_UiSSW_pAY\",\"meta_element\":\"div\"},\"name\":\"OVERLAY\"},{\"type\":\"html\",\"props\":{\"content\":\"\n\n<div class=\\\"wistia_trigger-overlay\\\" data-video=\\\"https:\\\/\\\/www.youtube.com\\\/embed\\\/SHBMOSw_IPQ\\\">\\n    \n\n<div>\\n\\t\n\n<div class=\\\"wistia_trigger-icon\\\"><\\\/div>\\n    \n\n<div class=\\\"wistia_trigger-details\\\">\\n    \\t\n\n<div class=\\\"video__details\\\">\\n        \\t<span class=\\\"wistia_trigger-title\\\"style=\\\"color:black\\\">PXT \\u2013 Human Side of Selection<\\\/span>\\n        <\\\/div>\\n        <\\\/div>\\n    <\\\/div>\\n<\\\/div>\",\"class\":\"changepartner-popup-video-ovelay\",\"id\":\"changepartner-popup-video-ovelay\"},\"name\":\"HTML\"}]}]}],\"name\":\"What is change management\"},{\"type\":\"section\",\"props\":{\"style\":\"default\",\"width\":\"default\",\"vertical_align\":\"middle\",\"title_position\":\"top-left\",\"title_rotation\":\"left\",\"title_breakpoint\":\"xl\",\"image_position\":\"center-right\",\"padding\":\"small\",\"image\":\"\",\"padding_remove_top\":false},\"children\":[{\"type\":\"row\",\"children\":[{\"type\":\"column\",\"props\":{\"image_position\":\"center-center\",\"media_overlay_gradient\":\"\",\"width_medium\":\"1-1\",\"position_sticky_breakpoint\":\"m\"},\"children\":[{\"type\":\"headline\",\"props\":{\"title_element\":\"h2\",\"text_align\":\"center\",\"content\":\"Kaip tai veikia?\",\"margin_remove_top\":true}},{\"type\":\"divider\",\"props\":{\"divider_element\":\"hr\",\"divider_style\":\"small\",\"divider_align\":\"center\",\"divider_align_breakpoint\":\"\",\"divider_align_fallback\":\"\"}}]}]},{\"type\":\"row\",\"children\":[{\"type\":\"column\",\"props\":{\"image_position\":\"center-center\",\"media_overlay_gradient\":\"\",\"width_medium\":\"1-1\",\"position_sticky_breakpoint\":\"m\"},\"children\":[{\"type\":\"image\",\"props\":{\"margin\":\"default\",\"image_svg_color\":\"emphasis\",\"image\":\"wp-content\\\/uploads\\\/2021\\\/10\\\/ProfileXT-1.png\",\"image_width\":\"1000\",\"text_align\":\"center\"}}]}]}],\"name\":\"What is change management\"},{\"type\":\"section\",\"props\":{\"style\":\"default\",\"width\":\"default\",\"vertical_align\":\"middle\",\"title_position\":\"top-left\",\"title_rotation\":\"left\",\"title_breakpoint\":\"xl\",\"image_position\":\"center-center\"},\"children\":[{\"type\":\"row\",\"children\":[{\"type\":\"column\",\"props\":{\"image_position\":\"center-center\",\"media_overlay_gradient\":\"\",\"width_medium\":\"1-1\",\"position_sticky_breakpoint\":\"m\"},\"children\":[{\"type\":\"headline\",\"props\":{\"title_element\":\"h2\",\"content\":\"Pagrindiniai bruo\\u017eai\"}},{\"type\":\"divider\",\"props\":{\"divider_element\":\"hr\",\"divider_style\":\"small\",\"divider_align\":\"left\",\"divider_align_breakpoint\":\"\",\"divider_align_fallback\":\"\"}},{\"type\":\"text\",\"props\":{\"margin\":\"default\",\"column_breakpoint\":\"m\",\"content\":\"\n\n<p><strong><\\\/strong><strong>Vertinami: <\\\/strong>m\\u0105stymo geb\\u0117jimai ir<br \\\/>mokymosi potencialas, profesiniai interesai, asmenyb\\u0117s bruo\\u017eai ir 20 veiklos rodikli\\u0173.<\\\/p>\\n\n\n<p><strong><\\\/strong><strong>Vertinimo kategorijos<\\\/strong>: mokymosi potencialas, verbaliniai \\u012fg\\u016bd\\u017eiai, verbalinis m\\u0105stymas, skai\\u010diavimo \\u012fg\\u016bd\\u017eiai, skaitinis m\\u0105stymas, energingumas, ry\\u017etingumas, socialumas, polinkis bendradarbiauti, po\\u017ei\\u016bris, apsisprendimas, prisitaikymas, savaranki\\u0161kumas, sprendim\\u0173 objektyvumas, interesai ir motyvacija.<\\\/p>\\n\n\n<p><strong>T<\\\/strong><strong>rukm\\u0117<\\\/strong>: apie 1h<\\\/p>\\n\n\n<p><strong>A<\\\/strong><strong>taskait\\u0173 tipai<\\\/strong>: 8 Skirtingos ataskaitos \\u2013 individualios ataskaitos, ugdymo ataskaita, interviu gidas, grafin\\u0117 darbo atitikimo santrauka, karjeros planavimo ataskaita, kandidat\\u0173 tinkamumo palyginimas, vadovo lyderyst\\u0117s ataskaita<\\\/p>\\n\n\n<p><\\\/p>\"}},{\"type\":\"button\",\"props\":{\"grid_column_gap\":\"small\",\"grid_row_gap\":\"small\",\"margin\":\"default\",\"text_align\":\"left\",\"margin_remove_top\":true},\"children\":[{\"type\":\"button_item\",\"props\":{\"button_style\":\"secondary\",\"icon_align\":\"left\",\"link_target\":\"blank\",\"content\":\"GRAFIN\\u0116S SANTRAUKOS PAVYZDYS\",\"link\":\"wp-content\\\/uploads\\\/2021\\\/10\\\/Tomas-Pavyzdys-Grafine\\u0307-santrauka.pdf\"}}],\"name\":\"Button\"}]}]}]},{\"type\":\"section\",\"props\":{\"style\":\"secondary\",\"width\":\"default\",\"vertical_align\":\"middle\",\"title_position\":\"top-left\",\"title_rotation\":\"left\",\"title_breakpoint\":\"xl\",\"image_position\":\"center-center\",\"preserve_color\":false},\"children\":[{\"type\":\"row\",\"children\":[{\"type\":\"column\",\"props\":{\"image_position\":\"center-center\",\"media_overlay_gradient\":\"\",\"width_medium\":\"1-1\",\"position_sticky_breakpoint\":\"m\"},\"children\":[{\"type\":\"text\",\"props\":{\"margin\":\"default\",\"column_breakpoint\":\"m\",\"text_color\":\"warning\",\"maxwidth\":\"2xlarge\",\"block_align\":\"center\",\"content\":\"\n\n<p style=\\\"text-align: center;\\\">\\u201eVertinimo \\u012frankis \\u201eProfileXT\\u201c padeda mums \\u012fdarbinimo procese ir tiesioginiam vadovui suteikia i\\u0161sami\\u0105 kandidato ap\\u017evalg\\u0105 bei rekomendacijas. Nors ataskaitose gausu informacijos, ta\\u010diau jos strukt\\u016bra yra labai logi\\u0161ka ir lengvai suprantama. Nuo\\u0161ird\\u017eiai d\\u0117koju jums u\\u017e pozityv\\u0173, greit\\u0105 ir efektyv\\u0173 bendradarbiavim\\u0105!\\u201c<\\\/p>\\n\n\n<p style=\\\"text-align: center;\\\"><strong>\\u2013 Karoline Sibul, HR Verslo Partner\\u0117<\\\/strong><strong> \\u2013 <\\\/strong><strong>Olympic Entertainment Group<\\\/strong><\\\/p>\"}}]}]}]},{\"type\":\"section\",\"props\":{\"style\":\"default\",\"width\":\"default\",\"vertical_align\":\"middle\",\"title_position\":\"top-left\",\"title_rotation\":\"left\",\"title_breakpoint\":\"xl\",\"image_position\":\"center-center\",\"image\":\"wp-content\\\/uploads\\\/2021\\\/07\\\/AdobeStock_141427699.jpeg\",\"media_overlay\":\"rgba(37, 150, 190, 0.78)\",\"image_size\":\"cover\"},\"children\":[{\"type\":\"row\",\"children\":[{\"type\":\"column\",\"props\":{\"image_position\":\"center-center\",\"media_overlay_gradient\":\"\",\"width_medium\":\"1-1\",\"position_sticky_breakpoint\":\"m\"},\"children\":[{\"type\":\"text\",\"props\":{\"margin\":\"default\",\"column_breakpoint\":\"m\",\"text_style\":\"lead\",\"text_color\":\"emphasis\",\"text_align\":\"center\",\"content\":\"\n\n<p>Suplanuokime skambut\\u012f ir aptarkime j\\u016bs\\u0173 organizacijos poreikius<\\\/p>\"}},{\"type\":\"html\",\"props\":{\"content\":\"[super_form id=\\\"19502\\\"]\\n<a href=\\\"#super-popup-19502\\\" class=\\\"el-content uk-button uk-button-secondary uk-button-large\\\">REZERVUOTI NEMOKAM\\u0104 KONSULTACIJ\\u0104<\\\/a>\",\"css\":\".el-element {\\n    text-align: center;\\n}\"},\"name\":\"popup-button-free-consult\"}]}]}],\"name\":\"Lehek\\u00fclgede p\\u00e4ised UUS\"}],\"version\":\"3.0.7\"} --><\/p>\n","protected":false},"excerpt":{"rendered":"<p>ProfileXT\u00ae \u201cProfileXT\u201d padeda papras\u010diau ir protingiau pasamdyti \u017emones \u201eThe ProfileXT\u00ae\u201c yra milijon\u0173 vartotoj\u0173,\u00a0 daugiau nei 120 \u0161ali\u0173, naudojamas \u012fvertinimo \u012frankis, padedantis pasirinkti tinkamiausius kandidatus \u012f darbo pozicijas pagal j\u0173 nat\u016brali\u0105 elgsen\u0105. \u201eProfiles International\u201c si\u016bloma priemon\u0117 padeda suprasti: ar j\u016bs\u0173 kandidatai GALI dirbti toje pozicijoje, ar jie DIRBS savo darb\u0105 ir ar jie BUS LAIMINGI j\u012f [&hellip;]<\/p>\n","protected":false},"author":2,"featured_media":0,"parent":0,"menu_order":0,"comment_status":"closed","ping_status":"closed","template":"","meta":{"footnotes":""},"class_list":["post-16527","page","type-page","status-publish","hentry"],"_links":{"self":[{"href":"https:\/\/ipbpartners.eu\/lt\/wp-json\/wp\/v2\/pages\/16527","targetHints":{"allow":["GET"]}}],"collection":[{"href":"https:\/\/ipbpartners.eu\/lt\/wp-json\/wp\/v2\/pages"}],"about":[{"href":"https:\/\/ipbpartners.eu\/lt\/wp-json\/wp\/v2\/types\/page"}],"author":[{"embeddable":true,"href":"https:\/\/ipbpartners.eu\/lt\/wp-json\/wp\/v2\/users\/2"}],"replies":[{"embeddable":true,"href":"https:\/\/ipbpartners.eu\/lt\/wp-json\/wp\/v2\/comments?post=16527"}],"version-history":[{"count":0,"href":"https:\/\/ipbpartners.eu\/lt\/wp-json\/wp\/v2\/pages\/16527\/revisions"}],"wp:attachment":[{"href":"https:\/\/ipbpartners.eu\/lt\/wp-json\/wp\/v2\/media?parent=16527"}],"curies":[{"name":"wp","href":"https:\/\/api.w.org\/{rel}","templated":true}]}}