{"id":16532,"date":"2021-10-08T11:01:54","date_gmt":"2021-10-08T11:01:54","guid":{"rendered":"https:\/\/ipbpartners.eu\/?page_id=16532"},"modified":"2026-04-02T01:40:00","modified_gmt":"2026-04-02T01:40:00","slug":"disc-classic","status":"publish","type":"page","link":"https:\/\/ipbpartners.eu\/lt\/disc-classic\/","title":{"rendered":"DiSC Classic"},"content":{"rendered":"<h1>DiSC CLASSIC\u00ae<\/h1>\n<h2>Tai originalus ir da\u017eniausiai perkamas produktas \u2013 respondentui pateikiamas 23 psl. apimties individualizuotas vertinimas<\/h2>\n<div>\n<p>\u201eDiSC\u00ae Classic\u201c produktai yra populiar\u016bs ir patikimi ugdymo \u012frankiai, kurie padeda suprasti:<\/p>\n<ul>\n<li>savo ir kit\u0173 elges\u012f<\/li>\n<li>kas motyvuoja \u017emones<\/li>\n<li>kaip patobulinti vadovavimo \u012fg\u016bd\u017eius<\/li>\n<li>kaip efektyviau dirbti<\/li>\n<\/ul>\n<p>\u201eDiSC\u00ae Classic\u201c profiliai, savo patikimumu gars\u0117jantys jau daugiau nei 30 met\u0173, naudojami visame pasaulyje, daugyb\u0117je mokymo ir instruktavimo sri\u010di\u0173. Jais naudojasi daugiau nei 40 milijon\u0173 naudotoj\u0173. \u201eDiSC Classic\u201c gali pad\u0117ti pagerinti komunikacij\u0105 ir bendradarbiavim\u0105, i\u0161ugdyti efektyviai dirban\u010dius vadovus ir komandas.<\/p>\n<\/p>\n<\/div>\n<p>\n    <a href=\"\/wp-content\/uploads\/2021\/10\/DiSC-Classic-2-LIT.pdf\">Per\u017ei\u016br\u0117kite profilio pavyzd\u012f<\/a>\n<\/p>\n<div>\n<p>        <img decoding=\"async\" data-src=\"\/wp-content\/uploads\/2021\/09\/taustapilt.png\" alt=\"\" title=\"\" src=\"data:image\/svg+xml;base64,PHN2ZyB3aWR0aD0iMSIgaGVpZ2h0PSIxIiB4bWxucz0iaHR0cDovL3d3dy53My5vcmcvMjAwMC9zdmciPjwvc3ZnPg==\" class=\"lazyload\" style=\"--smush-placeholder-width: 594px; --smush-placeholder-aspect-ratio: 594\/599;\"><\/p>\n<div>\n<p><em>\u201eJau daugiau nei <\/em><em>15 met\u0173 naudoju \u201cDiSC Classic\u201d \u012frankius savo mokymuose. Klientai vertina galimyb\u0119 geriau suprasti k\u0105 reikia ugdyti ir kur susitelkti. DiSC padeda tobulinti elges\u012f ir steb\u0117ti save konfliktin\u0117se situacijose. Klientai visuomet pastebi, jog padid\u0117ja j\u0173 emocin\u0117 kompetencija ir kitus ima suprasti geriau nei anks\u010diau.\u201d<\/em><em><\/em><\/p>\n<p>&#8211; LINA MIELIAUSKIEN\u0116, CHANGE PARTNERS<strong><br \/><\/strong><\/p>\n<\/div>\n<\/div>\n<h2>\u201eDiSC Classic\u201c komandos ataskaitos<\/h2>\n<div>\n<div class=\"wpb_text_column wpb_content_element \">\n<div class=\"wpb_wrapper\">\n<h5>Grup\u0117s kult\u016bros ataskaita<\/h5>\n<p>Pad\u0117s jums apibr\u0117\u017eti grup\u0117s DiSC kult\u016br\u0105, i\u0161analizuoti jos privalumus ir tr\u016bkumus, aptarti jos poveik\u012f grup\u0117s nariams, i\u0161tirti, koki\u0105 \u012ftak\u0105 ji daro sprendim\u0173 pri\u0117mimui ir ry\u017etui prisiimti rizik\u0105.<\/p>\n<\/div>\n<\/div>\n<\/div>\n<p>\n    <a href=\"\/wp-content\/uploads\/2021\/10\/DiSC-Classic-Group-Culture-LIT.pdf\">Per\u017ei\u016br\u0117kite profilio pavyzd\u012f<\/a>\n<\/p>\n<div>\n<div class=\"wpb_text_column wpb_content_element \">\n<div class=\"wpb_wrapper\">\n<h5>Komandos ap\u017evalga<\/h5>\n<p>Pateikiama bendra respondent\u0173 grup\u0117s DiSC stiliaus ap\u017evalga.<\/p>\n<\/div>\n<\/div>\n<\/p>\n<\/div>\n<p>\n    <a href=\"\/wp-content\/uploads\/2021\/10\/DiSC-Classic-Team-View-LIT.pdf\">Per\u017ei\u016br\u0117kite profilio pavyzd\u012f<\/a>\n<\/p>\n<div>\n<p>Paskambinkite aptarti kuo DiSC gali b\u016bti naudingas j\u016bs\u0173 organizacijai<\/p>\n<\/div>\n<div>\n<p>    <div class=\"super-popup-wrapper-17722 super-popup-wrapper\" style=\"opacity:0;z-index:-2147483648;\"><div class=\"super-popup-17722 super-popup super-popup-sticky-default\" style=\"opacity:0;\"><span class=\"super-popup-close\"><span class=\"super-popup-close-icon\"><\/span><\/span><div class=\"super-popup-content\"><style type=\"text\/css\">.super-form:not(.super-initialized) *:not(.super-load-icon) { visibility: hidden !important; }<\/style><div id=\"super-form-17722\" style=\"margin:0px 0px 0px 0px;\" class=\"super-form preload-disabled super-form-17722  super-default-squared super-field-size-medium super-adaptive\" data-hide=\"true\" data-overlay=\"true\" data-field-size=\"medium\"><span class=\"super-load-icon\"><\/span><form tabindex=\"0\" autocomplete=\"on\" enctype=\"multipart\/form-data\"><input type=\"hidden\" name=\"sf_nonce\" value=\"\" \/><input type=\"text\" name=\"super_hp\" size=\"25\" value=\"\" \/><div class=\"super-shortcode super-field super-hidden\"><input class=\"super-shortcode-field\" type=\"hidden\" value=\"17722\" name=\"hidden_form_id\" \/><\/div><div class=\"super-grid super-shortcode\"><div class=\"super-shortcode super_one_half super-column grid-level-0 column-number-1 first-column \"><div class=\"super-shortcode super-field super-text   super-ungrouped  \"><div class=\"super-field-wrapper \"><input tabindex=\"-1\" class=\"super-shortcode-field\" type=\"email\" name=\"email\" data-oname=\"email\" data-validation=\"email\" data-email=\"Email address:\" data-exclude=\"0\" data-absolute-default=\"\" data-default-value=\"\" \/><span class=\"super-adaptive-placeholder\" data-placeholder=\"El. pa\u0161tas\" data-placeholderFilled=\"E-mail Address\"><span>El. pa\u0161tas<\/span><\/span><\/div><div class=\"super-error-msg\">Field is required!<\/div><div class=\"super-empty-error-msg\">Field is required!<\/div><\/div><\/div><div class=\"super-shortcode super_one_half super-column grid-level-0 column-number-2  \"><div class=\"super-shortcode super-field super-text   super-ungrouped  \"><div class=\"super-field-wrapper \"><input tabindex=\"-1\" class=\"super-shortcode-field\" type=\"tel\" name=\"phonenumber\" data-oname=\"phonenumber\" data-validation=\"empty\" data-email=\"Phonenumber:\" data-exclude=\"0\" data-absolute-default=\"\" data-default-value=\"\" \/><span class=\"super-adaptive-placeholder\" data-placeholder=\"J\u016bs\u0173 telefono nr\" data-placeholderFilled=\"Phonenumber\"><span>J\u016bs\u0173 telefono nr<\/span><\/span><\/div><div class=\"super-error-msg\">Field is required!<\/div><div class=\"super-empty-error-msg\">Field is required!<\/div><\/div><\/div><\/div><div data-color=\"#b49361\" data-light=\"#c8a775\" data-dark=\"#967543\" data-hover-color=\"#444444\" data-hover-light=\"#585858\" data-hover-dark=\"#262626\" data-font=\"#ffffff\" data-font-hover=\"#ffffff\" data-radius=\"square\" data-type=\"flat\" class=\"super-extra-shortcode super-shortcode super-field super-button super-clear-none super-form-button super-radius-square super-type-flat super-button-medium super-button-align-center super-button-width-fullwidth\"><div data-href=\"\" class=\"super-button-wrap no_link\"><div class=\"super-button-name\" data-action=\"submit\" data-normal=\"Si\u0173sti\" data-loading=\"\u012ekeliama...\">Si\u0173sti<\/div><span class=\"super-after\"><\/span><\/div><\/div><\/form><\/div><\/div><textarea name=\"super-popup-settings\">{\"enabled\":\"true\",\"logged_in\":\"true\",\"not_logged_in\":\"true\",\"page_load\":\"\",\"exit_intent\":\"\",\"leave\":\"\",\"leave_msg\":\"Wait stay with us! Please take the time to fill out our form!?\",\"enable_scrolling\":\"\",\"scrolled\":\"0\",\"enable_seconds\":\"\",\"seconds\":\"0\",\"enable_inactivity\":\"\",\"inactivity\":\"0\",\"enable_schedule\":\"\",\"from\":\"2020-09-17\",\"till\":\"2020-09-17\",\"disable_closing\":\"\",\"close_btn\":\"true\",\"close_btn_icon_color\":\"\",\"close_btn_bg_color\":\"#b49361\",\"close_btn_label\":\"\",\"close_btn_label_color\":\"#b49361\",\"close_btn_label_bg_color\":\"#b49361\",\"close_btn_label_padding\":\"\",\"close_btn_icon_size\":\"14\",\"close_btn_border\":\"0\",\"close_btn_border_color\":\"\",\"close_btn_top\":\"0\",\"close_btn_right\":\"0\",\"close_btn_padding\":\"\",\"close_btn_radius\":\"0\",\"enable_padding\":\"\",\"padding\":\"\",\"expire_trigger\":\"\",\"expire\":\"1\",\"width\":\"700\",\"background_color\":\"#ffffff\",\"overlay_color\":\"#000000\",\"overlay_opacity\":\"0.5\",\"background_image\":\"\",\"background_image_repeat\":\"no-repeat\",\"background_image_size\":\"cover\",\"slide\":\"none\",\"slide_duration\":\"300\",\"fade_duration\":\"300\",\"fade_out_duration\":\"300\",\"sticky\":\"default\",\"enable_borders\":\"true\",\"border_size\":\"3\",\"border_color\":\"#b49361\",\"border_radius_top_left\":\"10\",\"border_radius_top_right\":\"10\",\"border_radius_bottom_left\":\"10\",\"border_radius_bottom_right\":\"10\",\"enable_shadows\":\"true\",\"shadow_horizontal_length\":\"5\",\"shadow_vertical_length\":\"5\",\"blur_radius\":\"15\",\"spread_radius\":\"3\",\"shadow_color\":\"#000000\",\"shadow_opacity\":\"0.7\"}<\/textarea><\/div><\/div><br \/>\n<a href=\"#super-popup-17722\" class=\"el-content uk-button uk-button-secondary uk-button-large\">REZERVUOKITE NEMOKAM\u0104 KONSULTACIJ\u0104<\/a>\n<\/div>\n<p><!--more--><br \/>\n<!-- {\"name\":\"Classic\",\"type\":\"layout\",\"children\":[{\"type\":\"section\",\"props\":{\"style\":\"default\",\"width\":\"default\",\"vertical_align\":\"middle\",\"title_position\":\"top-left\",\"title_rotation\":\"left\",\"title_breakpoint\":\"xl\",\"image_position\":\"center-center\",\"height\":\"expand\",\"padding\":\"large\",\"header_transparent\":\"light\",\"image\":\"wp-content\\\/uploads\\\/2021\\\/07\\\/choice-2-ko\\u0303hn.jpg\",\"image_size\":\"cover\",\"media_overlay\":\"rgba(37, 150, 190, 0.78)\",\"padding_remove_horizontal\":false},\"children\":[{\"type\":\"row\",\"children\":[{\"type\":\"column\",\"props\":{\"image_position\":\"center-center\",\"media_overlay_gradient\":\"\",\"width_medium\":\"1-1\",\"position_sticky_breakpoint\":\"m\"},\"children\":[{\"type\":\"headline\",\"props\":{\"title_element\":\"h1\",\"title_color\":\"emphasis\",\"text_align\":\"center\",\"content\":\"DiSC CLASSIC\\u00ae\",\"margin_remove_bottom\":true,\"title_style\":\"heading-small\"}},{\"type\":\"headline\",\"props\":{\"title_element\":\"h2\",\"title_color\":\"emphasis\",\"text_align\":\"center\",\"content\":\"<br \\\/>Tai originalus ir da\\u017eniausiai perkamas produktas \\u2013 respondentui pateikiamas 23 psl. apimties individualizuotas vertinimas\",\"margin_remove_top\":true,\"title_style\":\"h3\"}}]}]}],\"name\":\"Lehek\\u00fclgede p\\u00e4ised UUS\"},{\"type\":\"section\",\"props\":{\"style\":\"default\",\"width\":\"default\",\"vertical_align\":\"middle\",\"title_position\":\"top-left\",\"title_rotation\":\"left\",\"title_breakpoint\":\"xl\",\"image_position\":\"center-center\"},\"children\":[{\"type\":\"row\",\"props\":{\"layout\":\"2-3,1-3\"},\"children\":[{\"type\":\"column\",\"props\":{\"image_position\":\"center-center\",\"media_overlay_gradient\":\"\",\"width_medium\":\"2-3\",\"position_sticky_breakpoint\":\"m\"},\"children\":[{\"type\":\"text\",\"props\":{\"margin\":\"default\",\"column_breakpoint\":\"m\",\"content\":\"\n\n<p>\\u201eDiSC\\u00ae Classic\\u201c produktai yra populiar\\u016bs ir patikimi ugdymo \\u012frankiai, kurie padeda suprasti:<\\\/p>\\n\n\n<ul>\\n\n\n<li>savo ir kit\\u0173 elges\\u012f<\\\/li>\\n\n\n<li>kas motyvuoja \\u017emones<\\\/li>\\n\n\n<li>kaip patobulinti vadovavimo \\u012fg\\u016bd\\u017eius<\\\/li>\\n\n\n<li>kaip efektyviau dirbti<\\\/li>\\n<\\\/ul>\\n\n\n<p>\\u201eDiSC\\u00ae Classic\\u201c profiliai, savo patikimumu gars\\u0117jantys jau daugiau nei 30 met\\u0173, naudojami visame pasaulyje, daugyb\\u0117je mokymo ir instruktavimo sri\\u010di\\u0173. Jais naudojasi daugiau nei 40 milijon\\u0173 naudotoj\\u0173. \\u201eDiSC Classic\\u201c gali pad\\u0117ti pagerinti komunikacij\\u0105 ir bendradarbiavim\\u0105, i\\u0161ugdyti efektyviai dirban\\u010dius vadovus ir komandas.<\\\/p>\\n\n\n<p><\\\/p>\"}},{\"type\":\"button\",\"props\":{\"grid_column_gap\":\"small\",\"grid_row_gap\":\"small\",\"margin\":\"default\",\"text_align\":\"left\",\"margin_remove_top\":true},\"children\":[{\"type\":\"button_item\",\"props\":{\"button_style\":\"secondary\",\"icon_align\":\"left\",\"link_target\":\"blank\",\"content\":\"Per\\u017ei\\u016br\\u0117kite profilio pavyzd\\u012f\",\"link\":\"wp-content\\\/uploads\\\/2021\\\/10\\\/DiSC-Classic-2-LIT.pdf\"}}],\"name\":\"Button\"}]},{\"type\":\"column\",\"props\":{\"image_position\":\"center-center\",\"media_overlay_gradient\":\"\",\"text_color\":\"light\",\"image\":\"\",\"image_size\":\"contain\",\"width_medium\":\"1-3\",\"position_sticky_breakpoint\":\"m\"},\"children\":[{\"type\":\"overlay\",\"props\":{\"link_text\":\"Read more\",\"overlay_mode\":\"cover\",\"overlay_hover\":false,\"overlay_style\":\"\",\"text_color\":\"light\",\"overlay_position\":\"center\",\"overlay_transition\":\"fade\",\"title_hover_style\":\"reset\",\"title_element\":\"h3\",\"meta_style\":\"text-meta\",\"meta_align\":\"below-title\",\"link_style\":\"default\",\"text_align\":\"center\",\"margin\":\"default\",\"maxwidth\":\"large\",\"block_align\":\"center\",\"image\":\"wp-content\\\/uploads\\\/2021\\\/09\\\/taustapilt.png\",\"content\":\"\n\n<p><em>\\u201eJau daugiau nei <\\\/em><em>15 met\\u0173 naudoju \\u201cDiSC Classic\\u201d \\u012frankius savo mokymuose. Klientai vertina galimyb\\u0119 geriau suprasti k\\u0105 reikia ugdyti ir kur susitelkti. DiSC padeda tobulinti elges\\u012f ir steb\\u0117ti save konfliktin\\u0117se situacijose. Klientai visuomet pastebi, jog padid\\u0117ja j\\u0173 emocin\\u0117 kompetencija ir kitus ima suprasti geriau nei anks\\u010diau.\\u201d<\\\/em><em><\\\/em><\\\/p>\\n\n\n<p>- LINA MIELIAUSKIEN\\u0116, CHANGE PARTNERS<strong><br \\\/><\\\/strong><\\\/p>\",\"meta_element\":\"div\",\"image_transition\":\"scale-up\"}}]}]},{\"type\":\"row\",\"children\":[{\"type\":\"column\",\"props\":{\"image_position\":\"center-center\",\"media_overlay_gradient\":\"\",\"position_sticky_breakpoint\":\"m\"},\"children\":[{\"type\":\"headline\",\"props\":{\"title_element\":\"h2\",\"content\":\"\\u201eDiSC Classic\\u201c komandos ataskaitos\"}}]}]},{\"type\":\"row\",\"props\":{\"layout\":\"1-2,1-2\"},\"children\":[{\"type\":\"column\",\"props\":{\"image_position\":\"center-center\",\"media_overlay_gradient\":\"\",\"width_medium\":\"1-2\",\"position_sticky_breakpoint\":\"m\"},\"children\":[{\"type\":\"text\",\"props\":{\"margin\":\"default\",\"column_breakpoint\":\"m\",\"content\":\"\n\n<div class=\\\"wpb_text_column wpb_content_element \\\">\\n\n\n<div class=\\\"wpb_wrapper\\\">\\n\n\n<h5>Grup\\u0117s kult\\u016bros ataskaita<\\\/h5>\\n\n\n<p>Pad\\u0117s jums apibr\\u0117\\u017eti grup\\u0117s DiSC kult\\u016br\\u0105, i\\u0161analizuoti jos privalumus ir tr\\u016bkumus, aptarti jos poveik\\u012f grup\\u0117s nariams, i\\u0161tirti, koki\\u0105 \\u012ftak\\u0105 ji daro sprendim\\u0173 pri\\u0117mimui ir ry\\u017etui prisiimti rizik\\u0105.<\\\/p>\\n<\\\/div>\\n<\\\/div>\"}},{\"type\":\"button\",\"props\":{\"grid_column_gap\":\"small\",\"grid_row_gap\":\"small\",\"margin\":\"default\",\"text_align\":\"left\",\"margin_remove_top\":true},\"children\":[{\"type\":\"button_item\",\"props\":{\"button_style\":\"secondary\",\"icon_align\":\"left\",\"link_target\":\"blank\",\"content\":\"Per\\u017ei\\u016br\\u0117kite profilio pavyzd\\u012f\",\"link\":\"wp-content\\\/uploads\\\/2021\\\/10\\\/DiSC-Classic-Group-Culture-LIT.pdf\"}}],\"name\":\"Button\"}]},{\"type\":\"column\",\"props\":{\"image_position\":\"center-center\",\"media_overlay_gradient\":\"\",\"width_medium\":\"1-2\",\"position_sticky_breakpoint\":\"m\"},\"children\":[{\"type\":\"text\",\"props\":{\"margin\":\"default\",\"column_breakpoint\":\"m\",\"content\":\"\n\n<div class=\\\"wpb_text_column wpb_content_element \\\">\\n\n\n<div class=\\\"wpb_wrapper\\\">\\n\n\n<h5>Komandos ap\\u017evalga<\\\/h5>\\n\n\n<p>Pateikiama bendra respondent\\u0173 grup\\u0117s DiSC stiliaus ap\\u017evalga.<\\\/p>\\n<\\\/div>\\n<\\\/div>\\n\n\n<p><\\\/p>\\n\n\n<p><\\\/p>\\n\n\n<p><\\\/p>\"}},{\"type\":\"button\",\"props\":{\"grid_column_gap\":\"small\",\"grid_row_gap\":\"small\",\"margin\":\"default\",\"text_align\":\"left\",\"margin_remove_top\":true},\"children\":[{\"type\":\"button_item\",\"props\":{\"button_style\":\"secondary\",\"icon_align\":\"left\",\"link_target\":\"blank\",\"content\":\"Per\\u017ei\\u016br\\u0117kite profilio pavyzd\\u012f\",\"link\":\"wp-content\\\/uploads\\\/2021\\\/10\\\/DiSC-Classic-Team-View-LIT.pdf\"}}],\"name\":\"Button\"}]}]}]},{\"type\":\"section\",\"props\":{\"style\":\"default\",\"width\":\"default\",\"vertical_align\":\"middle\",\"title_position\":\"top-left\",\"title_rotation\":\"left\",\"title_breakpoint\":\"xl\",\"image_position\":\"center-center\",\"image\":\"wp-content\\\/uploads\\\/2021\\\/07\\\/AdobeStock_141427699.jpeg\",\"media_overlay\":\"rgba(37, 150, 190, 0.78)\",\"image_size\":\"cover\"},\"children\":[{\"type\":\"row\",\"children\":[{\"type\":\"column\",\"props\":{\"image_position\":\"center-center\",\"media_overlay_gradient\":\"\",\"width_medium\":\"1-1\",\"position_sticky_breakpoint\":\"m\"},\"children\":[{\"type\":\"text\",\"props\":{\"margin\":\"default\",\"column_breakpoint\":\"m\",\"text_style\":\"lead\",\"text_color\":\"emphasis\",\"text_align\":\"center\",\"content\":\"\n\n<p>Paskambinkite aptarti kuo DiSC gali b\\u016bti naudingas j\\u016bs\\u0173 organizacijai<\\\/p>\"}},{\"type\":\"html\",\"props\":{\"content\":\"[super_form id=\\\"17722\\\"]\\n<a href=\\\"#super-popup-17722\\\" class=\\\"el-content uk-button uk-button-secondary uk-button-large\\\">REZERVUOKITE NEMOKAM\\u0104 KONSULTACIJ\\u0104<\\\/a>\",\"css\":\".el-element {\\n    text-align: center;\\n}\"},\"name\":\"popup-button-free-consult\"}]}]}],\"modified\":\"2021-10-20T14:05:01.668Z\",\"name\":\"FREE CONSULT LIT\"}],\"version\":\"3.0.7\"} --><\/p>\n","protected":false},"excerpt":{"rendered":"<p>DiSC CLASSIC\u00ae Tai originalus ir da\u017eniausiai perkamas produktas \u2013 respondentui pateikiamas 23 psl. apimties individualizuotas vertinimas \u201eDiSC\u00ae Classic\u201c produktai yra populiar\u016bs ir patikimi ugdymo \u012frankiai, kurie padeda suprasti: savo ir kit\u0173 elges\u012f kas motyvuoja \u017emones kaip patobulinti vadovavimo \u012fg\u016bd\u017eius kaip efektyviau dirbti \u201eDiSC\u00ae Classic\u201c profiliai, savo patikimumu gars\u0117jantys jau daugiau nei 30 met\u0173, naudojami visame [&hellip;]<\/p>\n","protected":false},"author":2,"featured_media":0,"parent":0,"menu_order":0,"comment_status":"closed","ping_status":"closed","template":"","meta":{"footnotes":""},"class_list":["post-16532","page","type-page","status-publish","hentry"],"_links":{"self":[{"href":"https:\/\/ipbpartners.eu\/lt\/wp-json\/wp\/v2\/pages\/16532","targetHints":{"allow":["GET"]}}],"collection":[{"href":"https:\/\/ipbpartners.eu\/lt\/wp-json\/wp\/v2\/pages"}],"about":[{"href":"https:\/\/ipbpartners.eu\/lt\/wp-json\/wp\/v2\/types\/page"}],"author":[{"embeddable":true,"href":"https:\/\/ipbpartners.eu\/lt\/wp-json\/wp\/v2\/users\/2"}],"replies":[{"embeddable":true,"href":"https:\/\/ipbpartners.eu\/lt\/wp-json\/wp\/v2\/comments?post=16532"}],"version-history":[{"count":0,"href":"https:\/\/ipbpartners.eu\/lt\/wp-json\/wp\/v2\/pages\/16532\/revisions"}],"wp:attachment":[{"href":"https:\/\/ipbpartners.eu\/lt\/wp-json\/wp\/v2\/media?parent=16532"}],"curies":[{"name":"wp","href":"https:\/\/api.w.org\/{rel}","templated":true}]}}