{"id":16619,"date":"2021-10-11T08:45:06","date_gmt":"2021-10-11T08:45:06","guid":{"rendered":"https:\/\/ipbpartners.eu\/?page_id=16619"},"modified":"2026-03-26T04:29:44","modified_gmt":"2026-03-26T04:29:44","slug":"everything-disc-facilitation-kits","status":"publish","type":"page","link":"https:\/\/ipbpartners.eu\/lt\/everything-disc-facilitation-kits\/","title":{"rendered":"Everything DiSC konsultavimo rinkiniai"},"content":{"rendered":"<h1>EVERYTHING DiSC\u00ae KONSULTAVIMO RINKINIAI<\/h1>\n<h2>Dr\u0105siai konsultuokite DiSC sesijose<\/h2>\n<div>\n<p>Everything DiSC konsultaciniuose rinkiniuose pateikiama visa med\u017eiaga reikalinga savaranki\u0161kai vesti mokym\u0173 sesijas, naudojantis Everything DiSC profiliais. Rinkin\u012f sudaro konsultanto gidas, skaidr\u0117s prezentacijai, med\u017eiaga dalyviams, \u012ftraukian\u010dios u\u017eduotys ir mokomoji video med\u017eiaga.<\/p>\n<p>Rinkit\u0117s i\u0161 daugyb\u0117s mokymosi moduli\u0173, u\u017eduo\u010di\u0173 ir video med\u017eiagos arba modifikuokite pateikt\u0105 informacij\u0105 prid\u0117dami savo u\u017eduotis; tai \u2013 j\u016bs\u0173 pasirinkimas.<\/p>\n<\/div>\n<h2>1450 eur+PVM<\/h2>\n<div>\n<p>siuntimo i\u0161laidos \u012fskai\u010diuotos<\/p>\n<\/div>\n<p><img decoding=\"async\" data-src=\"\/wp-content\/uploads\/2021\/08\/workplace-facilitation-kit.png\" alt=\"\" title=\"\" src=\"data:image\/svg+xml;base64,PHN2ZyB3aWR0aD0iMSIgaGVpZ2h0PSIxIiB4bWxucz0iaHR0cDovL3d3dy53My5vcmcvMjAwMC9zdmciPjwvc3ZnPg==\" class=\"lazyload\" style=\"--smush-placeholder-width: 400px; --smush-placeholder-aspect-ratio: 400\/400;\"><\/p>\n<h2>\n<h2>Rinkin\u012f sudaro<\/h2>\n<\/h2>\n<div>\n<div class=\"wpb_text_column wpb_content_element \">\n<div class=\"wpb_wrapper\">\n<p><span style=\"font-size: 16px;\">&#8211; USB atmintin\u0117, kurioje yra i\u0161vardintos skaitmenin\u0117s kopijos:<\/span><\/p>\n<\/div>\n<ul>\n<li class=\"wpb_wrapper\">Konsultanto gidas MS Word formatu<\/li>\n<li class=\"wpb_wrapper\">PowerPoint\u00ae skaidr\u0117s kartu su video med\u017eiaga<\/li>\n<li class=\"wpb_wrapper\">Padalomoji med\u017eiaga dalyviams MS Word formatu<\/li>\n<\/ul>\n<p>&#8211; Everything DiSC stili\u0173 gidai (25 dalyviams)<\/p>\n<p>&#8211; Everything DiSC bendravimo gidai (25 dalyviams)<\/p>\n<p>&#8211; 60 minu\u010di\u0173 \u012fvairios DiSC mokomosios video med\u017eiagos<\/p>\n<\/div>\n<\/div>\n<h2>\n<h2>Video pavyzdys i\u0161 Workplace rinkinio<\/h2>\n<\/h2>\n<div>\n<p>\u0160is vaizdo \u012fra\u0161as supa\u017eindina su 4 skirting\u0173 DiSC stili\u0173 bendradarbiais, kad su\u017eadint\u0173 \u017emoni\u0173 instinktyvi\u0105 reakcij\u0105 kiekvieno stiliaus at\u017evilgiu.<\/p>\n<\/div>\n<p><iframe data-src=\"https:\/\/vimeo.com\/587902844\" src=\"data:image\/svg+xml;base64,PHN2ZyB3aWR0aD0iMSIgaGVpZ2h0PSIxIiB4bWxucz0iaHR0cDovL3d3dy53My5vcmcvMjAwMC9zdmciPjwvc3ZnPg==\" class=\"lazyload\" data-load-mode=\"1\"><\/iframe><\/p>\n<div>\n<p>Konsultavimo rinkiniai sudaryti 7 Everything DiSC produktams: <strong>Catalyst, Workplace, Management, Work of Leaders, Sales, Agile EQ, Productive Conflict.<\/strong><\/p>\n<\/div>\n<ul>\n<li>\n<p>        <img decoding=\"async\" data-src=\"\/wp-content\/uploads\/2021\/08\/ed-catalyst-mockup-transparent-1.png\" alt=\"\" title=\"\" src=\"data:image\/svg+xml;base64,PHN2ZyB3aWR0aD0iMSIgaGVpZ2h0PSIxIiB4bWxucz0iaHR0cDovL3d3dy53My5vcmcvMjAwMC9zdmciPjwvc3ZnPg==\" class=\"lazyload\" style=\"--smush-placeholder-width: 230px; --smush-placeholder-aspect-ratio: 230\/232;\"><\/p>\n<\/li>\n<li>\n<p>        <img decoding=\"async\" data-src=\"\/wp-content\/uploads\/2021\/08\/EDWP-FacilitationKit-Rebrand.png\" alt=\"\" title=\"\" src=\"data:image\/svg+xml;base64,PHN2ZyB3aWR0aD0iMSIgaGVpZ2h0PSIxIiB4bWxucz0iaHR0cDovL3d3dy53My5vcmcvMjAwMC9zdmciPjwvc3ZnPg==\" class=\"lazyload\" style=\"--smush-placeholder-width: 230px; --smush-placeholder-aspect-ratio: 230\/230;\"><\/p>\n<\/li>\n<li>\n<p>        <img decoding=\"async\" data-src=\"\/wp-content\/uploads\/2021\/08\/facilitation-ed-Management-boxes.png\" alt=\"\" title=\"\" src=\"data:image\/svg+xml;base64,PHN2ZyB3aWR0aD0iMSIgaGVpZ2h0PSIxIiB4bWxucz0iaHR0cDovL3d3dy53My5vcmcvMjAwMC9zdmciPjwvc3ZnPg==\" class=\"lazyload\" style=\"--smush-placeholder-width: 230px; --smush-placeholder-aspect-ratio: 230\/230;\"><\/p>\n<\/li>\n<li>\n<p>        <img decoding=\"async\" data-src=\"\/wp-content\/uploads\/2021\/08\/facilitation-ed-WOL-boxes.png\" alt=\"\" title=\"\" src=\"data:image\/svg+xml;base64,PHN2ZyB3aWR0aD0iMSIgaGVpZ2h0PSIxIiB4bWxucz0iaHR0cDovL3d3dy53My5vcmcvMjAwMC9zdmciPjwvc3ZnPg==\" class=\"lazyload\" style=\"--smush-placeholder-width: 230px; --smush-placeholder-aspect-ratio: 230\/230;\"><\/p>\n<\/li>\n<li>\n<p>        <img decoding=\"async\" data-src=\"\/wp-content\/uploads\/2021\/08\/facilitation-ed-Sales-boxes.png\" alt=\"\" title=\"\" src=\"data:image\/svg+xml;base64,PHN2ZyB3aWR0aD0iMSIgaGVpZ2h0PSIxIiB4bWxucz0iaHR0cDovL3d3dy53My5vcmcvMjAwMC9zdmciPjwvc3ZnPg==\" class=\"lazyload\" style=\"--smush-placeholder-width: 230px; --smush-placeholder-aspect-ratio: 230\/230;\"><\/p>\n<\/li>\n<li>\n<p>        <img decoding=\"async\" data-src=\"\/wp-content\/uploads\/2021\/08\/EDProdConflictFacilitationKit.png\" alt=\"\" title=\"\" src=\"data:image\/svg+xml;base64,PHN2ZyB3aWR0aD0iMSIgaGVpZ2h0PSIxIiB4bWxucz0iaHR0cDovL3d3dy53My5vcmcvMjAwMC9zdmciPjwvc3ZnPg==\" class=\"lazyload\" style=\"--smush-placeholder-width: 230px; --smush-placeholder-aspect-ratio: 230\/230;\"><\/p>\n<\/li>\n<li>\n<p>        <img decoding=\"async\" data-src=\"\/wp-content\/uploads\/2021\/08\/ed-Agile-EQ.png\" alt=\"\" title=\"\" src=\"data:image\/svg+xml;base64,PHN2ZyB3aWR0aD0iMSIgaGVpZ2h0PSIxIiB4bWxucz0iaHR0cDovL3d3dy53My5vcmcvMjAwMC9zdmciPjwvc3ZnPg==\" class=\"lazyload\" style=\"--smush-placeholder-width: 230px; --smush-placeholder-aspect-ratio: 230\/230;\"><\/p>\n<\/li>\n<\/ul>\n<h1>\n<h2>Mokymo programos pavyzdys: Workplace konsultavimo rinkinio mokym\u0173 moduliai<\/h2>\n<\/h1>\n<div>\n<p>\u0160ie 90 minu\u010di\u0173 moduliai yra pagalba jums kuriant mokym\u0173 program\u0105, atsi\u017evelgiant \u012f laiko limitus ir mokym\u0173 tikslus.<\/p>\n<h3><strong>1<\/strong><strong> modulis<\/strong><strong>: <\/strong><strong>Mano<\/strong><strong> DiSC <\/strong><strong>stilius<\/strong><\/h3>\n<p>Dalyviai su\u017eino kaip DiSC stiliai veikia j\u0173 darbinius santykius ir tyrin\u0117ja prioritetus, kurie juos skatina veikti darbo vietoje.<br \/><strong><\/strong><\/p>\n<h3><strong>2<\/strong><strong> modulis: Kiti stiliai ir j\u0173 suvokimas<\/strong><\/h3>\n<p>Dalyviai su\u017eino kas jiems tinka ir kas kelia i\u0161\u0161\u016bkius dirbant su kiekvienu DiSC stiliumi.<\/p>\n<h3><strong>3<\/strong><strong> modulis<\/strong><strong>: <\/strong><strong>Efektyvesni\u0173 santyki\u0173 k\u016brimas<\/strong><\/h3>\n<p>Dalyviai kuria strategijas ir veiksm\u0173 plan\u0105 kaip \u012fveikti i\u0161\u0161\u016bkius dirbant su skirting\u0173 DiSC stili\u0173 \u017emon\u0117mis.<\/p>\n<p><strong><\/strong><strong>P<\/strong><strong>asirinktinai<\/strong>: \u017dmoni\u0173 vertinimas ir palyginam\u0173j\u0173 ataskait\u0173 u\u017eduotys.<\/p>\n<\/div>\n<div>\n<p>    <div class=\"super-popup-wrapper-18790 super-popup-wrapper\" style=\"opacity:0;z-index:-2147483648;\"><div class=\"super-popup-18790 super-popup super-popup-sticky-default\" style=\"opacity:0;\"><span class=\"super-popup-close\"><span class=\"super-popup-close-icon\"><\/span><\/span><div class=\"super-popup-content\"><style type=\"text\/css\">.super-form:not(.super-initialized) *:not(.super-load-icon) { visibility: hidden !important; }<\/style><div id=\"super-form-18790\" style=\"margin:0px 0px 0px 0px;\" class=\"super-form preload-disabled super-form-18790  super-default-squared super-field-size-medium super-adaptive\" data-hide=\"true\" data-overlay=\"true\" data-field-size=\"medium\"><span class=\"super-load-icon\"><\/span><form tabindex=\"0\" autocomplete=\"on\" enctype=\"multipart\/form-data\"><input type=\"hidden\" name=\"sf_nonce\" value=\"\" \/><input type=\"text\" name=\"super_hp\" size=\"25\" value=\"\" \/><div class=\"super-shortcode super-field super-hidden\"><input class=\"super-shortcode-field\" type=\"hidden\" value=\"18790\" name=\"hidden_form_id\" \/><\/div><div class=\"super-grid super-shortcode\"><div class=\"super-shortcode super_one_half super-column grid-level-0 column-number-1 first-column \"><div class=\"super-shortcode super-field super-text   super-ungrouped  \"><div class=\"super-field-wrapper \"><input tabindex=\"-1\" class=\"super-shortcode-field\" type=\"email\" name=\"email\" data-oname=\"email\" data-validation=\"email\" data-email=\"Email address:\" data-exclude=\"0\" data-absolute-default=\"\" data-default-value=\"\" \/><span class=\"super-adaptive-placeholder\" data-placeholder=\"El. pa\u0161tas\" data-placeholderFilled=\"E-mail Address\"><span>El. pa\u0161tas<\/span><\/span><\/div><div class=\"super-error-msg\">Field is required!<\/div><div class=\"super-empty-error-msg\">Field is required!<\/div><\/div><\/div><div class=\"super-shortcode super_one_half super-column grid-level-0 column-number-2  \"><div class=\"super-shortcode super-field super-text   super-ungrouped  \"><div class=\"super-field-wrapper \"><input tabindex=\"-1\" class=\"super-shortcode-field\" type=\"tel\" name=\"phonenumber\" data-oname=\"phonenumber\" data-validation=\"empty\" data-email=\"Phonenumber:\" data-exclude=\"0\" data-absolute-default=\"\" data-default-value=\"\" \/><span class=\"super-adaptive-placeholder\" data-placeholder=\"J\u016bs\u0173 telefono nr\" data-placeholderFilled=\"Phonenumber\"><span>J\u016bs\u0173 telefono nr<\/span><\/span><\/div><div class=\"super-error-msg\">Field is required!<\/div><div class=\"super-empty-error-msg\">Field is required!<\/div><\/div><\/div><\/div><div data-color=\"#b49361\" data-light=\"#c8a775\" data-dark=\"#967543\" data-hover-color=\"#444444\" data-hover-light=\"#585858\" data-hover-dark=\"#262626\" data-font=\"#ffffff\" data-font-hover=\"#ffffff\" data-radius=\"square\" data-type=\"flat\" class=\"super-extra-shortcode super-shortcode super-field super-button super-clear-none super-form-button super-radius-square super-type-flat super-button-medium super-button-align-center super-button-width-fullwidth\"><div data-href=\"\" class=\"super-button-wrap no_link\"><div class=\"super-button-name\" data-action=\"submit\" data-normal=\"Si\u0173sti\" data-loading=\"\u012ekeliama...\">Si\u0173sti<\/div><span class=\"super-after\"><\/span><\/div><\/div><\/form><\/div><\/div><textarea name=\"super-popup-settings\">{\"enabled\":\"true\",\"logged_in\":\"true\",\"not_logged_in\":\"true\",\"page_load\":\"\",\"exit_intent\":\"\",\"leave\":\"\",\"leave_msg\":\"Wait stay with us! Please take the time to fill out our form!?\",\"enable_scrolling\":\"\",\"scrolled\":\"0\",\"enable_seconds\":\"\",\"seconds\":\"0\",\"enable_inactivity\":\"\",\"inactivity\":\"0\",\"enable_schedule\":\"\",\"from\":\"2020-09-17\",\"till\":\"2020-09-17\",\"disable_closing\":\"\",\"close_btn\":\"true\",\"close_btn_icon_color\":\"\",\"close_btn_bg_color\":\"#b49361\",\"close_btn_label\":\"\",\"close_btn_label_color\":\"#b49361\",\"close_btn_label_bg_color\":\"#b49361\",\"close_btn_label_padding\":\"\",\"close_btn_icon_size\":\"14\",\"close_btn_border\":\"0\",\"close_btn_border_color\":\"\",\"close_btn_top\":\"0\",\"close_btn_right\":\"0\",\"close_btn_padding\":\"\",\"close_btn_radius\":\"0\",\"enable_padding\":\"\",\"padding\":\"\",\"expire_trigger\":\"\",\"expire\":\"1\",\"width\":\"700\",\"background_color\":\"#ffffff\",\"overlay_color\":\"#000000\",\"overlay_opacity\":\"0.5\",\"background_image\":\"\",\"background_image_repeat\":\"no-repeat\",\"background_image_size\":\"cover\",\"slide\":\"none\",\"slide_duration\":\"300\",\"fade_duration\":\"300\",\"fade_out_duration\":\"300\",\"sticky\":\"default\",\"enable_borders\":\"true\",\"border_size\":\"3\",\"border_color\":\"#b49361\",\"border_radius_top_left\":\"10\",\"border_radius_top_right\":\"10\",\"border_radius_bottom_left\":\"10\",\"border_radius_bottom_right\":\"10\",\"enable_shadows\":\"true\",\"shadow_horizontal_length\":\"5\",\"shadow_vertical_length\":\"5\",\"blur_radius\":\"15\",\"spread_radius\":\"3\",\"shadow_color\":\"#000000\",\"shadow_opacity\":\"0.7\"}<\/textarea><\/div><\/div><br \/>\n<a href=\"#super-popup-18790\" class=\"el-content uk-button uk-button-secondary uk-button-large\">SUSIDOM\u0116JOTE? SU\u017dINOKITE DAUGIAU<\/a>\n<\/div>\n<p><!--more--><br \/>\n<!-- {\"name\":\"KIT 10.21\",\"type\":\"layout\",\"children\":[{\"type\":\"section\",\"props\":{\"style\":\"default\",\"width\":\"default\",\"vertical_align\":\"middle\",\"title_position\":\"top-left\",\"title_rotation\":\"left\",\"title_breakpoint\":\"xl\",\"image_position\":\"center-center\",\"height\":\"expand\",\"padding\":\"large\",\"header_transparent\":\"light\",\"image\":\"wp-content\\\/uploads\\\/2021\\\/08\\\/Advisory-Service-Bild-1-1-copy.jpg\",\"image_size\":\"cover\",\"media_overlay\":\"rgba(37, 150, 190, 0.78)\",\"padding_remove_horizontal\":false},\"children\":[{\"type\":\"row\",\"children\":[{\"type\":\"column\",\"props\":{\"image_position\":\"center-center\",\"media_overlay_gradient\":\"\",\"width_medium\":\"1-1\",\"position_sticky_breakpoint\":\"m\"},\"children\":[{\"type\":\"headline\",\"props\":{\"title_element\":\"h1\",\"title_color\":\"emphasis\",\"text_align\":\"center\",\"content\":\"EVERYTHING DiSC\\u00ae KONSULTAVIMO RINKINIAI\",\"margin_remove_bottom\":true,\"title_style\":\"heading-small\"}},{\"type\":\"headline\",\"props\":{\"title_element\":\"h2\",\"title_color\":\"emphasis\",\"text_align\":\"center\",\"content\":\"<br \\\/>Dr\\u0105siai konsultuokite DiSC sesijose\",\"margin_remove_top\":true,\"title_style\":\"h3\"}}]}]}],\"name\":\"Lehek\\u00fclgede p\\u00e4ised UUS\"},{\"type\":\"section\",\"props\":{\"style\":\"default\",\"width\":\"default\",\"vertical_align\":\"middle\",\"title_position\":\"top-left\",\"title_rotation\":\"left\",\"title_breakpoint\":\"xl\",\"image_position\":\"center-center\",\"padding\":\"small\",\"padding_remove_bottom\":false},\"children\":[{\"type\":\"row\",\"props\":{\"layout\":\"2-3,1-3\"},\"children\":[{\"type\":\"column\",\"props\":{\"image_position\":\"center-center\",\"media_overlay_gradient\":\"\",\"width_medium\":\"2-3\",\"position_sticky_breakpoint\":\"m\"},\"children\":[{\"type\":\"text\",\"props\":{\"margin\":\"default\",\"column_breakpoint\":\"m\",\"content\":\"\n\n<p>Everything DiSC konsultaciniuose rinkiniuose pateikiama visa med\\u017eiaga reikalinga savaranki\\u0161kai vesti mokym\\u0173 sesijas, naudojantis Everything DiSC profiliais. Rinkin\\u012f sudaro konsultanto gidas, skaidr\\u0117s prezentacijai, med\\u017eiaga dalyviams, \\u012ftraukian\\u010dios u\\u017eduotys ir mokomoji video med\\u017eiaga.<\\\/p>\\n\n\n<p>Rinkit\\u0117s i\\u0161 daugyb\\u0117s mokymosi moduli\\u0173, u\\u017eduo\\u010di\\u0173 ir video med\\u017eiagos arba modifikuokite pateikt\\u0105 informacij\\u0105 prid\\u0117dami savo u\\u017eduotis; tai \\u2013 j\\u016bs\\u0173 pasirinkimas.<\\\/p>\"}},{\"type\":\"headline\",\"props\":{\"title_element\":\"h2\",\"text_align\":\"left\",\"content\":\"1450 eur+PVM\",\"margin_remove_bottom\":true}},{\"type\":\"text\",\"props\":{\"margin\":\"default\",\"column_breakpoint\":\"m\",\"text_align\":\"left\",\"content\":\"\n\n<p>siuntimo i\\u0161laidos \\u012fskai\\u010diuotos<\\\/p>\",\"margin_remove_top\":true}}]},{\"type\":\"column\",\"props\":{\"image_position\":\"center-center\",\"media_overlay_gradient\":\"\",\"text_color\":\"light\",\"image\":\"\",\"image_size\":\"contain\",\"width_medium\":\"1-3\",\"position_sticky_breakpoint\":\"m\"},\"children\":[{\"type\":\"image\",\"props\":{\"margin\":\"medium\",\"image_svg_color\":\"emphasis\",\"text_align\":\"center\",\"image\":\"wp-content\\\/uploads\\\/2021\\\/08\\\/workplace-facilitation-kit.png\",\"image_width\":\"300\"}}]}]}]},{\"type\":\"section\",\"props\":{\"style\":\"muted\",\"width\":\"default\",\"vertical_align\":\"middle\",\"title_position\":\"top-left\",\"title_rotation\":\"left\",\"title_breakpoint\":\"xl\",\"image_position\":\"center-center\",\"padding\":\"small\"},\"children\":[{\"type\":\"row\",\"props\":{\"layout\":\"1-2,1-2\",\"divider\":true},\"children\":[{\"type\":\"column\",\"props\":{\"image_position\":\"center-center\",\"media_overlay_gradient\":\"\",\"width_medium\":\"1-2\",\"position_sticky_breakpoint\":\"m\"},\"children\":[{\"type\":\"headline\",\"props\":{\"title_element\":\"h2\",\"text_align\":\"left\",\"content\":\"\n\n<h2>Rinkin\\u012f sudaro<\\\/h2>\",\"margin_remove_bottom\":true}},{\"type\":\"text\",\"props\":{\"margin\":\"default\",\"column_breakpoint\":\"m\",\"content\":\"\n\n<div class=\\\"wpb_text_column wpb_content_element \\\">\\n\n\n<div class=\\\"wpb_wrapper\\\">\\n\n\n<p><span style=\\\"font-size: 16px;\\\">- USB atmintin\\u0117, kurioje yra i\\u0161vardintos skaitmenin\\u0117s kopijos:<\\\/span><\\\/p>\\n<\\\/div>\\n\n\n<ul>\\n\n\n<li class=\\\"wpb_wrapper\\\">Konsultanto gidas MS Word formatu<\\\/li>\\n\n\n<li class=\\\"wpb_wrapper\\\">PowerPoint\\u00ae skaidr\\u0117s kartu su video med\\u017eiaga<\\\/li>\\n\n\n<li class=\\\"wpb_wrapper\\\">Padalomoji med\\u017eiaga dalyviams MS Word formatu<\\\/li>\\n<\\\/ul>\\n\n\n<p>- Everything DiSC stili\\u0173 gidai (25 dalyviams)<\\\/p>\\n\n\n<p>- Everything DiSC bendravimo gidai (25 dalyviams)<\\\/p>\\n\n\n<p>- 60 minu\\u010di\\u0173 \\u012fvairios DiSC mokomosios video med\\u017eiagos<\\\/p>\\n<\\\/div>\"}}]},{\"type\":\"column\",\"props\":{\"image_position\":\"center-center\",\"media_overlay_gradient\":\"\",\"width_medium\":\"1-2\",\"position_sticky_breakpoint\":\"m\"},\"children\":[{\"type\":\"headline\",\"props\":{\"title_element\":\"h2\",\"text_align\":\"left\",\"content\":\"\n\n<h2>Video pavyzdys i\\u0161 Workplace rinkinio<\\\/h2>\",\"margin_remove_bottom\":true}},{\"type\":\"text\",\"props\":{\"margin\":\"default\",\"column_breakpoint\":\"m\",\"content\":\"\n\n<p>\\u0160is vaizdo \\u012fra\\u0161as supa\\u017eindina su 4 skirting\\u0173 DiSC stili\\u0173 bendradarbiais, kad su\\u017eadint\\u0173 \\u017emoni\\u0173 instinktyvi\\u0105 reakcij\\u0105 kiekvieno stiliaus at\\u017evilgiu.<\\\/p>\"}},{\"type\":\"video\",\"props\":{\"video_controls\":true,\"margin\":\"medium\",\"video_autoplay\":\"\",\"video_box_shadow\":\"\",\"video_box_decoration\":\"\",\"text_align\":\"center\",\"video\":\"https:\\\/\\\/vimeo.com\\\/587902844\"}}]}]}]},{\"type\":\"section\",\"props\":{\"style\":\"default\",\"width\":\"default\",\"vertical_align\":\"middle\",\"title_position\":\"top-left\",\"title_rotation\":\"left\",\"title_breakpoint\":\"xl\",\"image_position\":\"center-center\"},\"children\":[{\"type\":\"row\",\"children\":[{\"type\":\"column\",\"props\":{\"image_position\":\"center-center\",\"media_overlay_gradient\":\"\",\"width_medium\":\"1-1\",\"position_sticky_breakpoint\":\"m\"},\"children\":[{\"type\":\"text\",\"props\":{\"margin\":\"default\",\"column_breakpoint\":\"m\",\"content\":\"\n\n<p>Konsultavimo rinkiniai sudaryti 7 Everything DiSC produktams: <strong>Catalyst, Workplace, Management, Work of Leaders, Sales, Agile EQ, Productive Conflict.<\\\/strong><\\\/p>\"}},{\"type\":\"overlay-slider\",\"props\":{\"show_title\":true,\"show_meta\":true,\"show_content\":true,\"show_link\":true,\"slider_width\":\"fixed\",\"slider_width_default\":\"1-1\",\"slider_width_medium\":\"1-3\",\"slider_gap\":\"default\",\"slider_autoplay_pause\":true,\"nav\":\"dotnav\",\"nav_align\":\"center\",\"nav_breakpoint\":\"s\",\"slidenav\":\"default\",\"slidenav_margin\":\"medium\",\"slidenav_breakpoint\":\"s\",\"slidenav_outside_breakpoint\":\"xl\",\"overlay_mode\":\"cover\",\"overlay_position\":\"center\",\"overlay_transition\":\"fade\",\"title_element\":\"h3\",\"meta_style\":\"text-meta\",\"meta_align\":\"below-title\",\"link_text\":\"Read more\",\"link_style\":\"default\",\"text_align\":\"center\",\"margin\":\"default\",\"slider_height\":\"\",\"slider_width_small\":\"\",\"slider_width_large\":\"\",\"slider_width_xlarge\":\"\",\"nav_margin\":\"\",\"nav_color\":\"\",\"slidenav_color\":\"\",\"slidenav_outside_color\":\"\",\"slider_sets\":true,\"slider_center\":true,\"slider_finite\":true,\"slider_autoplay\":true,\"slider_autoplay_interval\":\"5\",\"title_hover_style\":\"reset\",\"meta_element\":\"div\",\"show_hover_image\":true},\"children\":[{\"type\":\"overlay-slider_item\",\"props\":{\"image\":\"wp-content\\\/uploads\\\/2021\\\/08\\\/ed-catalyst-mockup-transparent-1.png\"}},{\"type\":\"overlay-slider_item\",\"props\":{\"image\":\"wp-content\\\/uploads\\\/2021\\\/08\\\/EDWP-FacilitationKit-Rebrand.png\"}},{\"type\":\"overlay-slider_item\",\"props\":{\"image\":\"wp-content\\\/uploads\\\/2021\\\/08\\\/facilitation-ed-Management-boxes.png\"}},{\"type\":\"overlay-slider_item\",\"props\":{\"image\":\"wp-content\\\/uploads\\\/2021\\\/08\\\/facilitation-ed-WOL-boxes.png\"}},{\"type\":\"overlay-slider_item\",\"props\":{\"image\":\"wp-content\\\/uploads\\\/2021\\\/08\\\/facilitation-ed-Sales-boxes.png\"}},{\"type\":\"overlay-slider_item\",\"props\":{\"image\":\"wp-content\\\/uploads\\\/2021\\\/08\\\/EDProdConflictFacilitationKit.png\"}},{\"type\":\"overlay-slider_item\",\"props\":{\"image\":\"wp-content\\\/uploads\\\/2021\\\/08\\\/ed-Agile-EQ.png\"}}]}]}]}]},{\"type\":\"section\",\"props\":{\"style\":\"muted\",\"width\":\"default\",\"vertical_align\":\"middle\",\"title_position\":\"top-left\",\"title_rotation\":\"left\",\"title_breakpoint\":\"xl\",\"image_position\":\"center-center\"},\"children\":[{\"type\":\"row\",\"children\":[{\"type\":\"column\",\"props\":{\"image_position\":\"center-center\",\"media_overlay_gradient\":\"\",\"width_medium\":\"1-1\",\"position_sticky_breakpoint\":\"m\"},\"children\":[{\"type\":\"headline\",\"props\":{\"title_element\":\"h1\",\"content\":\"\n\n<h2>Mokymo programos pavyzdys: Workplace konsultavimo rinkinio mokym\\u0173 moduliai<\\\/h2>\"}},{\"type\":\"text\",\"props\":{\"margin\":\"default\",\"column_breakpoint\":\"m\",\"content\":\"\n\n<p>\\u0160ie 90 minu\\u010di\\u0173 moduliai yra pagalba jums kuriant mokym\\u0173 program\\u0105, atsi\\u017evelgiant \\u012f laiko limitus ir mokym\\u0173 tikslus.<\\\/p>\\n\n\n<h3><strong>1<\\\/strong><strong> modulis<\\\/strong><strong>: <\\\/strong><strong>Mano<\\\/strong><strong> DiSC <\\\/strong><strong>stilius<\\\/strong><\\\/h3>\\n\n\n<p>Dalyviai su\\u017eino kaip DiSC stiliai veikia j\\u0173 darbinius santykius ir tyrin\\u0117ja prioritetus, kurie juos skatina veikti darbo vietoje.<br \\\/><strong><\\\/strong><\\\/p>\\n\n\n<h3><strong>2<\\\/strong><strong> modulis: Kiti stiliai ir j\\u0173 suvokimas<\\\/strong><\\\/h3>\\n\n\n<p>Dalyviai su\\u017eino kas jiems tinka ir kas kelia i\\u0161\\u0161\\u016bkius dirbant su kiekvienu DiSC stiliumi.<\\\/p>\\n\n\n<h3><strong>3<\\\/strong><strong> modulis<\\\/strong><strong>: <\\\/strong><strong>Efektyvesni\\u0173 santyki\\u0173 k\\u016brimas<\\\/strong><\\\/h3>\\n\n\n<p>Dalyviai kuria strategijas ir veiksm\\u0173 plan\\u0105 kaip \\u012fveikti i\\u0161\\u0161\\u016bkius dirbant su skirting\\u0173 DiSC stili\\u0173 \\u017emon\\u0117mis.<\\\/p>\\n\n\n<p><strong><\\\/strong><strong>P<\\\/strong><strong>asirinktinai<\\\/strong>: \\u017dmoni\\u0173 vertinimas ir palyginam\\u0173j\\u0173 ataskait\\u0173 u\\u017eduotys.<\\\/p>\"}}]}]}]},{\"type\":\"section\",\"props\":{\"style\":\"default\",\"width\":\"default\",\"vertical_align\":\"middle\",\"title_position\":\"top-left\",\"title_rotation\":\"left\",\"title_breakpoint\":\"xl\",\"image_position\":\"center-center\",\"image\":\"wp-content\\\/uploads\\\/2021\\\/07\\\/AdobeStock_141427699.jpeg\",\"media_overlay\":\"rgba(37, 150, 190, 0.78)\",\"image_size\":\"cover\"},\"children\":[{\"type\":\"row\",\"children\":[{\"type\":\"column\",\"props\":{\"image_position\":\"center-center\",\"media_overlay_gradient\":\"\",\"width_medium\":\"1-1\",\"position_sticky_breakpoint\":\"m\"},\"children\":[{\"type\":\"text\",\"props\":{\"margin\":\"default\",\"column_breakpoint\":\"m\",\"text_color\":\"emphasis\",\"text_align\":\"center\",\"content\":\"\"}},{\"type\":\"html\",\"props\":{\"content\":\"[super_form id=\\\"18790\\\"]\\n<a href=\\\"#super-popup-18790\\\" class=\\\"el-content uk-button uk-button-secondary uk-button-large\\\">SUSIDOM\\u0116JOTE? SU\\u017dINOKITE DAUGIAU<\\\/a>\",\"css\":\".el-element {\\n    text-align: center;\\n}\"},\"name\":\"popup-button-free-consult\"}]}]}]}],\"version\":\"3.0.7\"} --><\/p>\n","protected":false},"excerpt":{"rendered":"<p>EVERYTHING DiSC\u00ae KONSULTAVIMO RINKINIAI Dr\u0105siai konsultuokite DiSC sesijose Everything DiSC konsultaciniuose rinkiniuose pateikiama visa med\u017eiaga reikalinga savaranki\u0161kai vesti mokym\u0173 sesijas, naudojantis Everything DiSC profiliais. Rinkin\u012f sudaro konsultanto gidas, skaidr\u0117s prezentacijai, med\u017eiaga dalyviams, \u012ftraukian\u010dios u\u017eduotys ir mokomoji video med\u017eiaga. Rinkit\u0117s i\u0161 daugyb\u0117s mokymosi moduli\u0173, u\u017eduo\u010di\u0173 ir video med\u017eiagos arba modifikuokite pateikt\u0105 informacij\u0105 prid\u0117dami savo u\u017eduotis; tai [&hellip;]<\/p>\n","protected":false},"author":2,"featured_media":0,"parent":0,"menu_order":0,"comment_status":"closed","ping_status":"closed","template":"","meta":{"footnotes":""},"class_list":["post-16619","page","type-page","status-publish","hentry"],"_links":{"self":[{"href":"https:\/\/ipbpartners.eu\/lt\/wp-json\/wp\/v2\/pages\/16619","targetHints":{"allow":["GET"]}}],"collection":[{"href":"https:\/\/ipbpartners.eu\/lt\/wp-json\/wp\/v2\/pages"}],"about":[{"href":"https:\/\/ipbpartners.eu\/lt\/wp-json\/wp\/v2\/types\/page"}],"author":[{"embeddable":true,"href":"https:\/\/ipbpartners.eu\/lt\/wp-json\/wp\/v2\/users\/2"}],"replies":[{"embeddable":true,"href":"https:\/\/ipbpartners.eu\/lt\/wp-json\/wp\/v2\/comments?post=16619"}],"version-history":[{"count":0,"href":"https:\/\/ipbpartners.eu\/lt\/wp-json\/wp\/v2\/pages\/16619\/revisions"}],"wp:attachment":[{"href":"https:\/\/ipbpartners.eu\/lt\/wp-json\/wp\/v2\/media?parent=16619"}],"curies":[{"name":"wp","href":"https:\/\/api.w.org\/{rel}","templated":true}]}}