{"id":16637,"date":"2021-10-11T10:13:58","date_gmt":"2021-10-11T10:13:58","guid":{"rendered":"https:\/\/ipbpartners.eu\/?page_id=16637"},"modified":"2025-08-28T11:02:19","modified_gmt":"2025-08-28T11:02:19","slug":"everything-disc-work-of-leaders","status":"publish","type":"page","link":"https:\/\/ipbpartners.eu\/lt\/everything-disc-work-of-leaders\/","title":{"rendered":"Everything DiSC Work of Leaders"},"content":{"rendered":"<h1>EVERYTHING DiSC WORK OF LEADERS\u00ae<\/h1>\n<h2>Past\u016bm\u0117kite savo organizacij\u0105 siekti u\u017esibr\u0117\u017et\u0173 tiksl\u0173<\/h2>\n<div>\n<p>\u201eEverything DiSC Work of Leaders\u00ae\u201c padeda jums geriau suprasti, koks yra j\u016bs\u0173 lyderiavimo stilius, ir lavinti \u012fg\u016bd\u017eius, b\u016btinus efektyviai veikian\u010diam, \u012fkvepian\u010diam ir vizij\u0105 turin\u010diam lyderiui.<\/p>\n<\/div>\n<p><img decoding=\"async\" src=\"\/wp-content\/uploads\/2021\/08\/Everything-DiSC-WOL-Logo.png\" alt=\"\" title=\"\"><\/p>\n<div>\n<h2>Kas tai yra?<\/h2>\n<p>Remiantis geriausia praktika, unikal\u016bs lyderiavimo stiliai suderinami su realiais poreikiais ir prasming\u0173 diskusij\u0173 d\u0117ka numatoma ai\u0161ki vizija bei veiksm\u0173 planas.<\/p>\n<h2>Kam tai skirta?<\/h2>\n<p>Skirta vis\u0173 lygi\u0173 lyderiams.<\/p>\n<h2>Kod\u0117l verta tuo naudotis?<\/h2>\n<ul>\n<li>Atraskite savo DiSC lyderyst\u0117s stili\u0173<\/li>\n<li>Supraskite kaip asmenin\u0119 lyderyst\u0119 veikia bendra vizija, plano suderinimas ir vykdymas, bei \u017einokite, kiek j\u016bs\u0173 elgesys atitinka \u0161iuos etapus<\/li>\n<li>Nustatykite savo stipri\u0105sias lyderyst\u0117s puses ir tobulinkite sritis, kuriose patiriate sunkum\u0173<\/li>\n<\/ul>\n<\/div>\n<p>\n    <a href=\"https:\/\/ipbpartners.eu\/wp-content\/uploads\/2021\/08\/Everything-DiSC-Work-of-Leaders.pdf\">Per\u017ei\u016br\u0117kite profilio pavyzd\u012f<\/a>\n<\/p>\n<p><img decoding=\"async\" src=\"\/wp-content\/uploads\/2021\/08\/work-of-leaders-vision-alignment-execution.jpg\" alt=\"\" title=\"\"><\/p>\n<h2>Everything DiSC Papildomi \u012frankiai<\/h2>\n<div>\n<div class=\"wpb_text_column wpb_content_element \">\n<div class=\"wpb_wrapper\">\n<h5>Grup\u0117s kult\u016bros ataskaita<\/h5>\n<p>Pad\u0117s jums apibr\u0117\u017eti grup\u0117s DiSC kult\u016br\u0105, i\u0161analizuoti jos privalumus ir tr\u016bkumus, aptarti jos poveik\u012f grup\u0117s nariams, i\u0161tirti, koki\u0105 \u012ftak\u0105 ji daro sprendim\u0173 pri\u0117mimui ir ry\u017etui prisiimti rizik\u0105.<\/p>\n<\/div>\n<\/div>\n<\/div>\n<p>\n    <a href=\"\/wp-content\/uploads\/2021\/08\/Everything-DiSC-Group-Culture-Report.pdf\">Profilio pavyzdys<\/a>\n<\/p>\n<div>\n<div class=\"wpb_text_column wpb_content_element \">\n<div class=\"wpb_wrapper\">\n<h5>Konsultanto ataskaita<\/h5>\n<\/div>\n<p>Supraskite savo komand\u0173 kult\u016bros dinamik\u0105. Kitaip nei grup\u0117s kult\u016bros ataskaitoje, \u0161ioje ataskaitoje nurodomi dalyvi\u0173 vardai ir j\u0173 rezultatai, gauti atlikus \u201eEverything DiSC\u201c vertinim\u0105.<\/p>\n<\/div>\n<\/div>\n<p>\n    <a href=\"\/wp-content\/uploads\/2021\/08\/Everything-DiSC-Facilitator-Report.pdf\">Profilio pavyzdys<\/a>\n<\/p>\n<div>\n<div class=\"wpb_text_column wpb_content_element \">\n<div class=\"wpb_wrapper\">\n<h5 class=\"title\">Komandos ap\u017evalga<\/h5>\n<p>Pateikiama bendra respondent\u0173 grup\u0117s DiSC stiliaus ap\u017evalga.<\/p>\n<\/div>\n<\/div>\n<\/div>\n<p>\n    <a href=\"\/wp-content\/uploads\/2021\/08\/Everything-DiSC-Team-View.pdf\">Profilio pavyzdys<\/a>\n<\/p>\n<div>\n<div class=\"wpb_text_column wpb_content_element \">\n<div class=\"wpb_wrapper\">\n<h5>Papildoma ataskaita<\/h5>\n<p>I\u0161samesn\u0117 \u012fvertinimo rezultat\u0173 analiz\u0117.<\/p>\n<\/div>\n<\/div>\n<\/div>\n<p>\n    <a href=\"https:\/\/ipbpartners.eu\/wp-content\/uploads\/2021\/08\/Everything-DiSC-Supplement-for-Facilitators.pdf\">Profilio pavyzdys<\/a>\n<\/p>\n<div>\n<div class=\"wpb_text_column wpb_content_element \">\n<div class=\"wpb_wrapper\">\n<h5>Lyginamosios ataskaitos<\/h5>\n<p>Palyginkite bet kuriuos du respondentus ir pagerinkite dviej\u0173 \u017emoni\u0173 darbinius santykius.<\/p>\n<\/div>\n<\/div>\n<p>\u00a0<\/p>\n<\/div>\n<p>\n    <a href=\"\/wp-content\/uploads\/2021\/08\/Everything-DiSC-Comparison-Report.pdf\">Profilio pavyzdys<\/a>\n<\/p>\n<div>\n<div class=\"wpb_text_column wpb_content_element \">\n<div class=\"wpb_wrapper\">\n<h5>MyEverythingDiSC<\/h5>\n<p>Mokymosi platforma, kuria naudodamiesi daugiau su\u017einosite apie savo stili\u0173, gal\u0117site pasiklausyti tinklalaid\u017ei\u0173 apie DiSC, kurti lyginam\u0105sias ataskaitas ir bendravimo su klientais planus.<\/p>\n<\/div>\n<\/div>\n<\/div>\n<p>\n    <a href=\"https:\/\/myeverythingdisc.com\" target=\"_blank\" rel=\"noopener\">Per\u017ei\u016br\u0117kite svetain\u0119<\/a>\n<\/p>\n<div>\n<p>Paskambinkite aptarti kuo DiSC gali b\u016bti naudingas j\u016bs\u0173 organizacijai<\/p>\n<\/div>\n<div>\n<p>    <div class=\"super-popup-wrapper-17722 super-popup-wrapper\" style=\"opacity:0;z-index:-2147483648;\"><div class=\"super-popup-17722 super-popup super-popup-sticky-default\" style=\"opacity:0;\"><span class=\"super-popup-close\"><span class=\"super-popup-close-icon\"><\/span><\/span><div class=\"super-popup-content\"><style type=\"text\/css\">.super-form:not(.super-initialized) *:not(.super-load-icon) { visibility: hidden !important; }<\/style><div id=\"super-form-17722\" style=\"margin:0px 0px 0px 0px;\" class=\"super-form preload-disabled super-form-17722  super-default-squared super-field-size-medium super-adaptive\" data-hide=\"true\" data-overlay=\"true\" data-field-size=\"medium\"><span class=\"super-load-icon\"><\/span><form tabindex=\"0\" autocomplete=\"on\" enctype=\"multipart\/form-data\"><input type=\"hidden\" name=\"sf_nonce\" value=\"\" \/><input type=\"text\" name=\"super_hp\" size=\"25\" value=\"\" \/><div class=\"super-shortcode super-field super-hidden\"><input class=\"super-shortcode-field\" type=\"hidden\" value=\"17722\" name=\"hidden_form_id\" \/><\/div><div class=\"super-grid super-shortcode\"><div class=\"super-shortcode super_one_half super-column grid-level-0 column-number-1 first-column \"><div class=\"super-shortcode super-field super-text   super-ungrouped  \"><div class=\"super-field-wrapper \"><input tabindex=\"-1\" class=\"super-shortcode-field\" type=\"email\" name=\"email\" data-oname=\"email\" data-validation=\"email\" data-email=\"Email address:\" data-exclude=\"0\" data-absolute-default=\"\" data-default-value=\"\" \/><span class=\"super-adaptive-placeholder\" data-placeholder=\"El. pa\u0161tas\" data-placeholderFilled=\"E-mail Address\"><span>El. pa\u0161tas<\/span><\/span><\/div><div class=\"super-error-msg\">Field is required!<\/div><div class=\"super-empty-error-msg\">Field is required!<\/div><\/div><\/div><div class=\"super-shortcode super_one_half super-column grid-level-0 column-number-2  \"><div class=\"super-shortcode super-field super-text   super-ungrouped  \"><div class=\"super-field-wrapper \"><input tabindex=\"-1\" class=\"super-shortcode-field\" type=\"tel\" name=\"phonenumber\" data-oname=\"phonenumber\" data-validation=\"empty\" data-email=\"Phonenumber:\" data-exclude=\"0\" data-absolute-default=\"\" data-default-value=\"\" \/><span class=\"super-adaptive-placeholder\" data-placeholder=\"J\u016bs\u0173 telefono nr\" data-placeholderFilled=\"Phonenumber\"><span>J\u016bs\u0173 telefono nr<\/span><\/span><\/div><div class=\"super-error-msg\">Field is required!<\/div><div class=\"super-empty-error-msg\">Field is required!<\/div><\/div><\/div><\/div><div data-color=\"#b49361\" data-light=\"#c8a775\" data-dark=\"#967543\" data-hover-color=\"#444444\" data-hover-light=\"#585858\" data-hover-dark=\"#262626\" data-font=\"#ffffff\" data-font-hover=\"#ffffff\" data-radius=\"square\" data-type=\"flat\" class=\"super-extra-shortcode super-shortcode super-field super-button super-clear-none super-form-button super-radius-square super-type-flat super-button-medium super-button-align-center super-button-width-fullwidth\"><div data-href=\"\" class=\"super-button-wrap no_link\"><div class=\"super-button-name\" data-action=\"submit\" data-normal=\"Si\u0173sti\" data-loading=\"\u012ekeliama...\">Si\u0173sti<\/div><span class=\"super-after\"><\/span><\/div><\/div><\/form><\/div><\/div><textarea name=\"super-popup-settings\">{\"enabled\":\"true\",\"logged_in\":\"true\",\"not_logged_in\":\"true\",\"page_load\":\"\",\"exit_intent\":\"\",\"leave\":\"\",\"leave_msg\":\"Wait stay with us! Please take the time to fill out our form!?\",\"enable_scrolling\":\"\",\"scrolled\":\"0\",\"enable_seconds\":\"\",\"seconds\":\"0\",\"enable_inactivity\":\"\",\"inactivity\":\"0\",\"enable_schedule\":\"\",\"from\":\"2020-09-17\",\"till\":\"2020-09-17\",\"disable_closing\":\"\",\"close_btn\":\"true\",\"close_btn_icon_color\":\"\",\"close_btn_bg_color\":\"#b49361\",\"close_btn_label\":\"\",\"close_btn_label_color\":\"#b49361\",\"close_btn_label_bg_color\":\"#b49361\",\"close_btn_label_padding\":\"\",\"close_btn_icon_size\":\"14\",\"close_btn_border\":\"0\",\"close_btn_border_color\":\"\",\"close_btn_top\":\"0\",\"close_btn_right\":\"0\",\"close_btn_padding\":\"\",\"close_btn_radius\":\"0\",\"enable_padding\":\"\",\"padding\":\"\",\"expire_trigger\":\"\",\"expire\":\"1\",\"width\":\"700\",\"background_color\":\"#ffffff\",\"overlay_color\":\"#000000\",\"overlay_opacity\":\"0.5\",\"background_image\":\"\",\"background_image_repeat\":\"no-repeat\",\"background_image_size\":\"cover\",\"slide\":\"none\",\"slide_duration\":\"300\",\"fade_duration\":\"300\",\"fade_out_duration\":\"300\",\"sticky\":\"default\",\"enable_borders\":\"true\",\"border_size\":\"3\",\"border_color\":\"#b49361\",\"border_radius_top_left\":\"10\",\"border_radius_top_right\":\"10\",\"border_radius_bottom_left\":\"10\",\"border_radius_bottom_right\":\"10\",\"enable_shadows\":\"true\",\"shadow_horizontal_length\":\"5\",\"shadow_vertical_length\":\"5\",\"blur_radius\":\"15\",\"spread_radius\":\"3\",\"shadow_color\":\"#000000\",\"shadow_opacity\":\"0.7\"}<\/textarea><\/div><\/div><br \/>\n<a href=\"#super-popup-17722\" class=\"el-content uk-button uk-button-secondary uk-button-large\">REZERVUOKITE NEMOKAM\u0104 KONSULTACIJ\u0104<\/a>\n<\/div>\n<p><!--more--><br \/>\n<!-- {\"name\":\"WOL\",\"type\":\"layout\",\"children\":[{\"type\":\"section\",\"props\":{\"style\":\"default\",\"width\":\"default\",\"vertical_align\":\"middle\",\"title_position\":\"top-left\",\"title_rotation\":\"left\",\"title_breakpoint\":\"xl\",\"image_position\":\"top-center\",\"height\":\"expand\",\"padding\":\"large\",\"header_transparent\":\"light\",\"image\":\"wp-content\\\/uploads\\\/2021\\\/07\\\/Everything-DiSC-Image_Halo-Insight_030-scaled.jpg\",\"image_size\":\"cover\",\"media_overlay\":\"rgba(37, 150, 190, 0.78)\",\"padding_remove_horizontal\":false},\"children\":[{\"type\":\"row\",\"children\":[{\"type\":\"column\",\"props\":{\"image_position\":\"center-center\",\"media_overlay_gradient\":\"\",\"width_medium\":\"1-1\",\"position_sticky_breakpoint\":\"m\"},\"children\":[{\"type\":\"headline\",\"props\":{\"title_element\":\"h1\",\"title_color\":\"emphasis\",\"text_align\":\"center\",\"content\":\"EVERYTHING DiSC WORK OF LEADERS\\u00ae\",\"margin_remove_bottom\":true,\"title_style\":\"heading-small\"}},{\"type\":\"headline\",\"props\":{\"title_element\":\"h2\",\"title_color\":\"emphasis\",\"text_align\":\"center\",\"content\":\"<br \\\/>Past\\u016bm\\u0117kite savo organizacij\\u0105 siekti u\\u017esibr\\u0117\\u017et\\u0173 tiksl\\u0173\",\"margin_remove_top\":true,\"title_style\":\"h3\"}}]}]}],\"name\":\"Lehek\\u00fclgede p\\u00e4ised UUS\"},{\"type\":\"section\",\"props\":{\"style\":\"default\",\"width\":\"default\",\"vertical_align\":\"middle\",\"title_position\":\"top-left\",\"title_rotation\":\"left\",\"title_breakpoint\":\"xl\",\"image_position\":\"center-center\",\"padding\":\"small\",\"padding_remove_bottom\":false},\"children\":[{\"type\":\"row\",\"props\":{\"layout\":\"2-3,1-3\"},\"children\":[{\"type\":\"column\",\"props\":{\"image_position\":\"center-center\",\"media_overlay_gradient\":\"\",\"width_medium\":\"2-3\",\"position_sticky_breakpoint\":\"m\"},\"children\":[{\"type\":\"text\",\"props\":{\"margin\":\"default\",\"column_breakpoint\":\"m\",\"content\":\"\n\n<p>\\u201eEverything DiSC Work of Leaders\\u00ae\\u201c padeda jums geriau suprasti, koks yra j\\u016bs\\u0173 lyderiavimo stilius, ir lavinti \\u012fg\\u016bd\\u017eius, b\\u016btinus efektyviai veikian\\u010diam, \\u012fkvepian\\u010diam ir vizij\\u0105 turin\\u010diam lyderiui.<\\\/p>\"}}]},{\"type\":\"column\",\"props\":{\"image_position\":\"center-center\",\"media_overlay_gradient\":\"\",\"text_color\":\"light\",\"image\":\"\",\"image_size\":\"contain\",\"width_medium\":\"1-3\",\"position_sticky_breakpoint\":\"m\"},\"children\":[{\"type\":\"image\",\"props\":{\"margin\":\"medium\",\"image_svg_color\":\"emphasis\",\"text_align\":\"center\",\"image\":\"wp-content\\\/uploads\\\/2021\\\/08\\\/Everything-DiSC-WOL-Logo.png\",\"image_width\":\"200\"}}]}]},{\"type\":\"row\",\"props\":{\"layout\":\"1-2,1-2\"},\"children\":[{\"type\":\"column\",\"props\":{\"image_position\":\"center-center\",\"media_overlay_gradient\":\"\",\"width_medium\":\"1-2\",\"position_sticky_breakpoint\":\"m\"},\"children\":[{\"type\":\"text\",\"props\":{\"margin\":\"default\",\"column_breakpoint\":\"m\",\"content\":\"\n\n<h2>Kas tai yra?<\\\/h2>\\n\n\n<p>Remiantis geriausia praktika, unikal\\u016bs lyderiavimo stiliai suderinami su realiais poreikiais ir prasming\\u0173 diskusij\\u0173 d\\u0117ka numatoma ai\\u0161ki vizija bei veiksm\\u0173 planas.<\\\/p>\\n\n\n<h2>Kam tai skirta?<\\\/h2>\\n\n\n<p>Skirta vis\\u0173 lygi\\u0173 lyderiams.<\\\/p>\\n\n\n<h2>Kod\\u0117l verta tuo naudotis?<\\\/h2>\\n\n\n<ul>\\n\n\n<li>Atraskite savo DiSC lyderyst\\u0117s stili\\u0173<\\\/li>\\n\n\n<li>Supraskite kaip asmenin\\u0119 lyderyst\\u0119 veikia bendra vizija, plano suderinimas ir vykdymas, bei \\u017einokite, kiek j\\u016bs\\u0173 elgesys atitinka \\u0161iuos etapus<\\\/li>\\n\n\n<li>Nustatykite savo stipri\\u0105sias lyderyst\\u0117s puses ir tobulinkite sritis, kuriose patiriate sunkum\\u0173<\\\/li>\\n<\\\/ul>\\n\n\n<p><\\\/p>\"}},{\"type\":\"button\",\"props\":{\"grid_column_gap\":\"small\",\"grid_row_gap\":\"small\",\"margin\":\"default\",\"text_align\":\"left\",\"margin_remove_top\":true},\"children\":[{\"type\":\"button_item\",\"props\":{\"button_style\":\"secondary\",\"icon_align\":\"left\",\"link_target\":\"blank\",\"content\":\"Per\\u017ei\\u016br\\u0117kite profilio pavyzd\\u012f\",\"link\":\"https:\\\/\\\/ipbpartners.eu\\\/wp-content\\\/uploads\\\/2021\\\/08\\\/Everything-DiSC-Work-of-Leaders.pdf\"}}],\"name\":\"Button\"}]},{\"type\":\"column\",\"props\":{\"image_position\":\"center-center\",\"media_overlay_gradient\":\"\",\"width_medium\":\"1-2\",\"position_sticky_breakpoint\":\"m\"},\"children\":[{\"type\":\"image\",\"props\":{\"margin\":\"default\",\"image_svg_color\":\"emphasis\",\"text_align\":\"center\",\"image\":\"wp-content\\\/uploads\\\/2021\\\/08\\\/work-of-leaders-vision-alignment-execution.jpg\"}}]}]}]},{\"type\":\"section\",\"props\":{\"style\":\"default\",\"width\":\"default\",\"vertical_align\":\"middle\",\"title_position\":\"top-left\",\"title_rotation\":\"left\",\"title_breakpoint\":\"xl\",\"image_position\":\"bottom-center\",\"image\":\"wp-content\\\/uploads\\\/2021\\\/07\\\/AdobeStock_123516713-5.jpeg\",\"image_size\":\"cover\",\"media_overlay\":\"rgba(37, 150, 190, 0.78)\"},\"children\":[{\"type\":\"row\",\"children\":[{\"type\":\"column\",\"props\":{\"image_position\":\"center-center\",\"media_overlay_gradient\":\"\",\"width_medium\":\"1-1\",\"position_sticky_breakpoint\":\"m\"},\"children\":[{\"type\":\"headline\",\"props\":{\"title_element\":\"h2\",\"title_style\":\"h2\",\"title_color\":\"emphasis\",\"content\":\"Everything DiSC Papildomi \\u012frankiai\"}}]}]}],\"name\":\"0\"},{\"type\":\"section\",\"props\":{\"style\":\"default\",\"width\":\"default\",\"vertical_align\":\"middle\",\"title_position\":\"top-left\",\"title_rotation\":\"left\",\"title_breakpoint\":\"xl\",\"image_position\":\"center-center\"},\"children\":[{\"type\":\"row\",\"props\":{\"layout\":\"1-2,1-2\"},\"children\":[{\"type\":\"column\",\"props\":{\"image_position\":\"center-center\",\"media_overlay_gradient\":\"\",\"width_medium\":\"1-2\",\"position_sticky_breakpoint\":\"m\"},\"children\":[{\"type\":\"text\",\"props\":{\"margin\":\"default\",\"column_breakpoint\":\"m\",\"content\":\"\n\n<div class=\\\"wpb_text_column wpb_content_element \\\">\\n\n\n<div class=\\\"wpb_wrapper\\\">\\n\n\n<h5>Grup\\u0117s kult\\u016bros ataskaita<\\\/h5>\\n\n\n<p>Pad\\u0117s jums apibr\\u0117\\u017eti grup\\u0117s DiSC kult\\u016br\\u0105, i\\u0161analizuoti jos privalumus ir tr\\u016bkumus, aptarti jos poveik\\u012f grup\\u0117s nariams, i\\u0161tirti, koki\\u0105 \\u012ftak\\u0105 ji daro sprendim\\u0173 pri\\u0117mimui ir ry\\u017etui prisiimti rizik\\u0105.<\\\/p>\\n<\\\/div>\\n<\\\/div>\"}},{\"type\":\"button\",\"props\":{\"grid_column_gap\":\"small\",\"grid_row_gap\":\"small\",\"margin\":\"default\",\"text_align\":\"left\",\"margin_remove_top\":true},\"children\":[{\"type\":\"button_item\",\"props\":{\"button_style\":\"secondary\",\"icon_align\":\"left\",\"content\":\"Profilio pavyzdys\",\"link\":\"wp-content\\\/uploads\\\/2021\\\/08\\\/Everything-DiSC-Group-Culture-Report.pdf\"}}],\"name\":\"Button\"}]},{\"type\":\"column\",\"props\":{\"image_position\":\"center-center\",\"media_overlay_gradient\":\"\",\"width_medium\":\"1-2\",\"position_sticky_breakpoint\":\"m\"},\"children\":[{\"type\":\"text\",\"props\":{\"margin\":\"default\",\"column_breakpoint\":\"m\",\"content\":\"\n\n<div class=\\\"wpb_text_column wpb_content_element \\\">\\n\n\n<div class=\\\"wpb_wrapper\\\">\\n\n\n<h5>Konsultanto ataskaita<\\\/h5>\\n<\\\/div>\\n\n\n<p>Supraskite savo komand\\u0173 kult\\u016bros dinamik\\u0105. Kitaip nei grup\\u0117s kult\\u016bros ataskaitoje, \\u0161ioje ataskaitoje nurodomi dalyvi\\u0173 vardai ir j\\u0173 rezultatai, gauti atlikus \\u201eEverything DiSC\\u201c vertinim\\u0105.<\\\/p>\\n<\\\/div>\"}},{\"type\":\"button\",\"props\":{\"grid_column_gap\":\"small\",\"grid_row_gap\":\"small\",\"margin\":\"default\",\"text_align\":\"left\",\"margin_remove_top\":true},\"children\":[{\"type\":\"button_item\",\"props\":{\"button_style\":\"secondary\",\"icon_align\":\"left\",\"content\":\"Profilio pavyzdys\",\"link\":\"wp-content\\\/uploads\\\/2021\\\/08\\\/Everything-DiSC-Facilitator-Report.pdf\"}}],\"name\":\"Button\"}]}]},{\"type\":\"row\",\"props\":{\"layout\":\"1-2,1-2\"},\"children\":[{\"type\":\"column\",\"props\":{\"image_position\":\"center-center\",\"media_overlay_gradient\":\"\",\"width_medium\":\"1-2\",\"position_sticky_breakpoint\":\"m\"},\"children\":[{\"type\":\"text\",\"props\":{\"margin\":\"default\",\"column_breakpoint\":\"m\",\"content\":\"\n\n<div class=\\\"wpb_text_column wpb_content_element \\\">\\n\n\n<div class=\\\"wpb_wrapper\\\">\\n\n\n<h5 class=\\\"title\\\">Komandos ap\\u017evalga<\\\/h5>\\n\n\n<p>Pateikiama bendra respondent\\u0173 grup\\u0117s DiSC stiliaus ap\\u017evalga.<\\\/p>\\n<\\\/div>\\n<\\\/div>\"}},{\"type\":\"button\",\"props\":{\"grid_column_gap\":\"small\",\"grid_row_gap\":\"small\",\"margin\":\"default\",\"text_align\":\"left\",\"margin_remove_top\":true},\"children\":[{\"type\":\"button_item\",\"props\":{\"button_style\":\"secondary\",\"icon_align\":\"left\",\"content\":\"Profilio pavyzdys\",\"link\":\"wp-content\\\/uploads\\\/2021\\\/08\\\/Everything-DiSC-Team-View.pdf\"}}],\"name\":\"Button\"}]},{\"type\":\"column\",\"props\":{\"image_position\":\"center-center\",\"media_overlay_gradient\":\"\",\"width_medium\":\"1-2\",\"position_sticky_breakpoint\":\"m\"},\"children\":[{\"type\":\"text\",\"props\":{\"margin\":\"default\",\"column_breakpoint\":\"m\",\"content\":\"\n\n<div class=\\\"wpb_text_column wpb_content_element \\\">\\n\n\n<div class=\\\"wpb_wrapper\\\">\\n\n\n<h5>Papildoma ataskaita<\\\/h5>\\n\n\n<p>I\\u0161samesn\\u0117 \\u012fvertinimo rezultat\\u0173 analiz\\u0117.<\\\/p>\\n<\\\/div>\\n<\\\/div>\"}},{\"type\":\"button\",\"props\":{\"grid_column_gap\":\"small\",\"grid_row_gap\":\"small\",\"margin\":\"default\",\"text_align\":\"left\",\"margin_remove_top\":true},\"children\":[{\"type\":\"button_item\",\"props\":{\"button_style\":\"secondary\",\"icon_align\":\"left\",\"content\":\"Profilio pavyzdys\",\"link\":\"https:\\\/\\\/ipbpartners.eu\\\/wp-content\\\/uploads\\\/2021\\\/08\\\/Everything-DiSC-Supplement-for-Facilitators.pdf\"}}],\"name\":\"Button\"}]}]},{\"type\":\"row\",\"props\":{\"layout\":\"1-2,1-2\"},\"children\":[{\"type\":\"column\",\"props\":{\"image_position\":\"center-center\",\"media_overlay_gradient\":\"\",\"width_medium\":\"1-2\",\"position_sticky_breakpoint\":\"m\"},\"children\":[{\"type\":\"text\",\"props\":{\"margin\":\"default\",\"column_breakpoint\":\"m\",\"content\":\"\n\n<div class=\\\"wpb_text_column wpb_content_element \\\">\\n\n\n<div class=\\\"wpb_wrapper\\\">\\n\n\n<h5>Lyginamosios ataskaitos<\\\/h5>\\n\n\n<p>Palyginkite bet kuriuos du respondentus ir pagerinkite dviej\\u0173 \\u017emoni\\u0173 darbinius santykius.<\\\/p>\\n<\\\/div>\\n<\\\/div>\\n\n\n<p>\\u00a0<\\\/p>\"}},{\"type\":\"button\",\"props\":{\"grid_column_gap\":\"small\",\"grid_row_gap\":\"small\",\"margin\":\"default\",\"text_align\":\"left\",\"margin_remove_top\":true},\"children\":[{\"type\":\"button_item\",\"props\":{\"button_style\":\"secondary\",\"icon_align\":\"left\",\"content\":\"Profilio pavyzdys\",\"link\":\"wp-content\\\/uploads\\\/2021\\\/08\\\/Everything-DiSC-Comparison-Report.pdf\"}}],\"name\":\"Button\"}]},{\"type\":\"column\",\"props\":{\"image_position\":\"center-center\",\"media_overlay_gradient\":\"\",\"width_medium\":\"1-2\",\"position_sticky_breakpoint\":\"m\"},\"children\":[{\"type\":\"text\",\"props\":{\"margin\":\"default\",\"column_breakpoint\":\"m\",\"content\":\"\n\n<div class=\\\"wpb_text_column wpb_content_element \\\">\\n\n\n<div class=\\\"wpb_wrapper\\\">\\n\n\n<h5>MyEverythingDiSC<\\\/h5>\\n\n\n<p>Mokymosi platforma, kuria naudodamiesi daugiau su\\u017einosite apie savo stili\\u0173, gal\\u0117site pasiklausyti tinklalaid\\u017ei\\u0173 apie DiSC, kurti lyginam\\u0105sias ataskaitas ir bendravimo su klientais planus.<\\\/p>\\n<\\\/div>\\n<\\\/div>\"}},{\"type\":\"button\",\"props\":{\"grid_column_gap\":\"small\",\"grid_row_gap\":\"small\",\"margin\":\"default\",\"text_align\":\"left\",\"margin_remove_top\":true},\"children\":[{\"type\":\"button_item\",\"props\":{\"button_style\":\"secondary\",\"icon_align\":\"left\",\"link_target\":\"blank\",\"content\":\"Per\\u017ei\\u016br\\u0117kite svetain\\u0119\",\"link\":\"https:\\\/\\\/myeverythingdisc.com\"}}],\"name\":\"Button\"}]}]}],\"name\":\"000\",\"modified\":\"2021-10-29T07:56:03.149Z\"},{\"type\":\"section\",\"props\":{\"style\":\"default\",\"width\":\"default\",\"vertical_align\":\"middle\",\"title_position\":\"top-left\",\"title_rotation\":\"left\",\"title_breakpoint\":\"xl\",\"image_position\":\"center-center\",\"image\":\"wp-content\\\/uploads\\\/2021\\\/07\\\/AdobeStock_141427699.jpeg\",\"media_overlay\":\"rgba(37, 150, 190, 0.78)\",\"image_size\":\"cover\"},\"children\":[{\"type\":\"row\",\"children\":[{\"type\":\"column\",\"props\":{\"image_position\":\"center-center\",\"media_overlay_gradient\":\"\",\"width_medium\":\"1-1\",\"position_sticky_breakpoint\":\"m\"},\"children\":[{\"type\":\"text\",\"props\":{\"margin\":\"default\",\"column_breakpoint\":\"m\",\"text_style\":\"lead\",\"text_color\":\"emphasis\",\"text_align\":\"center\",\"content\":\"\n\n<p>Paskambinkite aptarti kuo DiSC gali b\\u016bti naudingas j\\u016bs\\u0173 organizacijai<\\\/p>\"}},{\"type\":\"html\",\"props\":{\"content\":\"[super_form id=\\\"17722\\\"]\\n<a href=\\\"#super-popup-17722\\\" class=\\\"el-content uk-button uk-button-secondary uk-button-large\\\">REZERVUOKITE NEMOKAM\\u0104 KONSULTACIJ\\u0104<\\\/a>\",\"css\":\".el-element {\\n    text-align: center;\\n}\"},\"name\":\"popup-button-free-consult\"}]}]}],\"modified\":\"2021-10-20T14:05:01.668Z\",\"name\":\"FREE CONSULT LIT\"}],\"version\":\"3.0.7\"} --><\/p>\n","protected":false},"excerpt":{"rendered":"<p>EVERYTHING DiSC WORK OF LEADERS\u00ae Past\u016bm\u0117kite savo organizacij\u0105 siekti u\u017esibr\u0117\u017et\u0173 tiksl\u0173 \u201eEverything DiSC Work of Leaders\u00ae\u201c padeda jums geriau suprasti, koks yra j\u016bs\u0173 lyderiavimo stilius, ir lavinti \u012fg\u016bd\u017eius, b\u016btinus efektyviai veikian\u010diam, \u012fkvepian\u010diam ir vizij\u0105 turin\u010diam lyderiui. Kas tai yra? Remiantis geriausia praktika, unikal\u016bs lyderiavimo stiliai suderinami su realiais poreikiais ir prasming\u0173 diskusij\u0173 d\u0117ka numatoma ai\u0161ki [&hellip;]<\/p>\n","protected":false},"author":2,"featured_media":0,"parent":0,"menu_order":0,"comment_status":"closed","ping_status":"closed","template":"","meta":{"footnotes":""},"class_list":["post-16637","page","type-page","status-publish","hentry"],"_links":{"self":[{"href":"https:\/\/ipbpartners.eu\/lt\/wp-json\/wp\/v2\/pages\/16637","targetHints":{"allow":["GET"]}}],"collection":[{"href":"https:\/\/ipbpartners.eu\/lt\/wp-json\/wp\/v2\/pages"}],"about":[{"href":"https:\/\/ipbpartners.eu\/lt\/wp-json\/wp\/v2\/types\/page"}],"author":[{"embeddable":true,"href":"https:\/\/ipbpartners.eu\/lt\/wp-json\/wp\/v2\/users\/2"}],"replies":[{"embeddable":true,"href":"https:\/\/ipbpartners.eu\/lt\/wp-json\/wp\/v2\/comments?post=16637"}],"version-history":[{"count":0,"href":"https:\/\/ipbpartners.eu\/lt\/wp-json\/wp\/v2\/pages\/16637\/revisions"}],"wp:attachment":[{"href":"https:\/\/ipbpartners.eu\/lt\/wp-json\/wp\/v2\/media?parent=16637"}],"curies":[{"name":"wp","href":"https:\/\/api.w.org\/{rel}","templated":true}]}}