{"id":18028,"date":"2021-10-25T13:03:32","date_gmt":"2021-10-25T13:03:32","guid":{"rendered":"https:\/\/ipbpartners.eu\/?page_id=18028"},"modified":"2026-04-14T08:27:25","modified_gmt":"2026-04-14T08:27:25","slug":"par-mums","status":"publish","type":"page","link":"https:\/\/ipbpartners.eu\/lv\/par-mums\/","title":{"rendered":"Par mums"},"content":{"rendered":"<h1>Ko m\u0113s dar\u0101m<\/h1>\n<div>\n<h3 class=\"uk-text-emphasis uk-text-center\">M\u0113s pied\u0101v\u0101jam person\u012bbas nov\u0113rt\u0113jumus, kas pal\u012bdz veidot un kopt komandas darba kult\u016bru, veidojot efekt\u012bv\u0101kas attiec\u012bbas darba vid\u0113 un pal\u012bdz\u0113t komand\u0101m sasniegt vair\u0101k<\/h3>\n<\/div>\n<h2>M\u016aSU ST\u0100STS<\/h2>\n<hr>\n<div>\n<div class=\"wpb_text_column wpb_content_element \">\n<div class=\"wpb_wrapper\"><span>M\u016bsdien\u0101s IPB Partners ir specializ\u0113ts konsult\u0101ciju uz\u0146\u0113mums, kas sadarbojas ar pasniedz\u0113jiem\/treneriem un vid\u0113ja lieluma vai lieliem uz\u0146\u0113mumiem, no kuriem daudzi darbojas vis\u0101 pasaul\u0113. M\u0113s esam\u00a0<\/span><strong><a href=\"http:\/\/www.everythingdisc.com\/\" target=\"_blank\" rel=\"noopener\">Everything DiSC (A Wiley Brand)<\/a><\/strong><span> pilnvarotie partneri Baltijas valst\u012bs. M\u0113s pied\u0101v\u0101jam Everything DiSC izstr\u0101d\u0101tus uzved\u012bbas nov\u0113rt\u0113\u0161anas un att\u012bst\u012bbas risin\u0101jumus, kurus esam piel\u0101goju\u0161i konkr\u0113tiem m\u0113r\u0137a tirgiem.<\/span><\/p>\n<p><strong>Gadu gait\u0101 esam daudz uzzin\u0101ju\u0161i par to, kas uz\u0146\u0113mumu padara\u00a0veiksm\u012bgu.<\/strong><\/p>\n<p>Esam redz\u0113ju\u0161i sp\u0113c\u012bgu vad\u012bt\u0101ju un komandu pozit\u012bvo ietekmi gan sav\u0101 uz\u0146\u0113mum\u0101, gan organiz\u0101cij\u0101s, ar kur\u0101m sadarbojamies. M\u0113s v\u0113lamies, lai ar\u012b citi pieredz \u0161\u012bs priek\u0161roc\u012bbas, kas izraisa p\u0101rmai\u0146as, t\u0101p\u0113c \u013coti priec\u0101jamies par veikto darbu, kur\u0101 izveidojam j\u0113gpilnas darbavietas, kur\u0101s ikviens var darboties, piln\u012bb\u0101 realiz\u0113jot savu potenci\u0101lu.<\/p>\n<\/div>\n<\/div>\n<\/div>\n<h2>MISIJA<\/h2>\n<hr>\n<div>\n<p style=\"text-align: center;\">Pied\u0101v\u0101t tirg\u016b lab\u0101kos, glob\u0101li nov\u0113rt\u0113t\u0101kos un sevi pier\u0101d\u012bju\u0161us nov\u0113rt\u0113\u0161anas instrumentus darbinieku att\u012bst\u012bbai, kas paugstina kop\u0101 str\u0101d\u0101\u0161anas kvalit\u0101ti.<\/p>\n<\/div>\n<h2>V\u012aZIJA<\/h2>\n<hr>\n<div>\n<p style=\"text-align: center;\"><span>M\u0113s esam ap\u0146\u0113mu\u0161ies uzlabot pasauli, pal\u012bdzot organiz\u0101cij\u0101m izveidot un veicin\u0101t komandas darba kult\u016bru, att\u012bstot efekt\u012bv\u0101kus str\u0101d\u0101\u0161anas veidus, sadarb\u012bbas pilnas attiec\u012bbas un uz pan\u0101kumiem v\u0113rstas komandas.<\/span><\/p>\n<\/div>\n<h2>M\u016aSU SOL\u012aJUMS<\/h2>\n<hr>\n<div>\n<div class=\"wpb_text_column wpb_content_element \">\n<div class=\"wpb_wrapper\"><span>M\u0113s saprotam, ka jebk\u0101du pakalpojumu sniedz\u0113ju izv\u0113le j\u016bsu organiz\u0101cij\u0101 ir svar\u012bgs l\u0113mums. M\u0113s v\u0113lamies, lai pirms sadarb\u012bbas ar mums j\u016bs b\u016btu p\u0101rliecin\u0101ti, ka izdar\u0101t pareizo izv\u0113li. T\u0101p\u0113c m\u0113s velt\u0101m laiku tam, lai j\u016bs m\u016bs iepaz\u012btu ne tikai k\u0101 profesion\u0101\u013cus, bet ar\u012b k\u0101 kol\u0113\u0123us. Tas ar\u012b \u013cauj mums lab\u0101k saprast j\u016bsu vajadz\u012bbas un vienoties par abu pu\u0161u v\u0113lm\u0113m attiec\u012bb\u0101 uz to, k\u0101 vislab\u0101k veidot sadarb\u012bbu.<\/span><\/p>\n<p>Kad b\u016bsim izpratu\u0161i j\u016bsu vajadz\u012bbas un to, ko v\u0113laties pan\u0101kt, m\u0113s atkl\u0101ti pateiksim, vai sp\u0113jam jums pal\u012bdz\u0113t. M\u0113s nep\u0101rdosim jums to, ko jums nevajag, un nesol\u012bsim to, ko nesp\u0113jam nodro\u0161in\u0101t. T\u0101 varat b\u016bt dro\u0161i, ka m\u0113s patie\u0161\u0101m b\u016bsim ap\u0146\u0113mu\u0161ies pal\u012bdz\u0113t jums g\u016bt pan\u0101kumus.<\/p>\n<\/div>\n<\/div>\n<\/div>\n<h2>KAS M\u0112S ESAM<\/h2>\n<hr>\n<p><img decoding=\"async\" data-src=\"\/wp-content\/uploads\/2022\/06\/ukuso%CC%88o%CC%88t-3-scaled.jpg\" alt=\"\" title=\"\" src=\"data:image\/svg+xml;base64,PHN2ZyB3aWR0aD0iMSIgaGVpZ2h0PSIxIiB4bWxucz0iaHR0cDovL3d3dy53My5vcmcvMjAwMC9zdmciPjwvc3ZnPg==\" class=\"lazyload\"><\/p>\n<h3>UKU S\u00d6\u00d6T<\/h3>\n<div>\n<p>Partner.Development<\/p>\n<\/div>\n<div>\n<p><a href=\"mailto:uku@ipbpartners.eu\">uku@ipbpartners.eu<\/a><\/p>\n<p>+372 525 7939<\/p>\n<\/div>\n<ul>\n<li><a href=\"https:\/\/www.linkedin.com\/in\/uku-soot\/\" target=\"_blank\" rel=\"noopener\">linkedin<\/a>\n<\/li>\n<\/ul>\n<p><img decoding=\"async\" data-src=\"\/wp-content\/uploads\/2022\/06\/matiso%CC%88o%CC%88t.jpg\" alt=\"\" title=\"\" src=\"data:image\/svg+xml;base64,PHN2ZyB3aWR0aD0iMSIgaGVpZ2h0PSIxIiB4bWxucz0iaHR0cDovL3d3dy53My5vcmcvMjAwMC9zdmciPjwvc3ZnPg==\" class=\"lazyload\"><\/p>\n<h3>MATI S\u00d6\u00d6T<\/h3>\n<div>\n<p>Partner.Consulting<\/p>\n<\/div>\n<div>\n<p><a href=\"mailto:mati@ipbpartners.eu\">mati@ipbpartners.eu<\/a><\/p>\n<p>+372 5034800<\/p>\n<\/div>\n<ul>\n<li><a href=\"https:\/\/www.linkedin.com\/in\/mati-s%C3%B6%C3%B6t-395728b2\/\" target=\"_blank\" rel=\"noopener\">linkedin<\/a>\n<\/li>\n<\/ul>\n<h2>M\u016aSU PARTNERI<\/h2>\n<hr>\n<ul>\n<li>\n<p>        <img decoding=\"async\" data-src=\"\/wp-content\/uploads\/2022\/10\/wiley-logo.png\" alt=\"\" title=\"\" src=\"data:image\/svg+xml;base64,PHN2ZyB3aWR0aD0iMSIgaGVpZ2h0PSIxIiB4bWxucz0iaHR0cDovL3d3dy53My5vcmcvMjAwMC9zdmciPjwvc3ZnPg==\" class=\"lazyload\" style=\"--smush-placeholder-width: 176px; --smush-placeholder-aspect-ratio: 176\/37;\"><\/p>\n<p><a href=\"https:\/\/wiley.com\" target=\"_blank\" rel=\"noopener\"><\/a><\/p>\n<\/li>\n<li>\n<p>        <img decoding=\"async\" data-src=\"\/wp-content\/uploads\/2023\/04\/Everything-DiSC-Authorized-Partner-Logo_Color.png\" alt=\"\" title=\"\" src=\"data:image\/svg+xml;base64,PHN2ZyB3aWR0aD0iMSIgaGVpZ2h0PSIxIiB4bWxucz0iaHR0cDovL3d3dy53My5vcmcvMjAwMC9zdmciPjwvc3ZnPg==\" class=\"lazyload\" style=\"--smush-placeholder-width: 2560px; --smush-placeholder-aspect-ratio: 2560\/840;\"><\/p>\n<p><a href=\"https:\/\/everythingdisc.com\" target=\"_blank\" rel=\"noopener\"><\/a><\/p>\n<\/li>\n<li>\n<p>        <img decoding=\"async\" data-src=\"\/wp-content\/uploads\/2023\/04\/5B-AP-AWB-Color.jpg\" alt=\"\" title=\"\" src=\"data:image\/svg+xml;base64,PHN2ZyB3aWR0aD0iMSIgaGVpZ2h0PSIxIiB4bWxucz0iaHR0cDovL3d3dy53My5vcmcvMjAwMC9zdmciPjwvc3ZnPg==\" class=\"lazyload\" style=\"--smush-placeholder-width: 830px; --smush-placeholder-aspect-ratio: 830\/320;\"><\/p>\n<p><a href=\"https:\/\/fivebehaviors.com\" target=\"_blank\" rel=\"noopener\"><\/a><\/p>\n<\/li>\n<li>\n<p>        <img decoding=\"async\" data-src=\"\/wp-content\/uploads\/2024\/10\/discprofiles.eu-2.png\" alt=\"\" title=\"\" src=\"data:image\/svg+xml;base64,PHN2ZyB3aWR0aD0iMSIgaGVpZ2h0PSIxIiB4bWxucz0iaHR0cDovL3d3dy53My5vcmcvMjAwMC9zdmciPjwvc3ZnPg==\" class=\"lazyload\" style=\"--smush-placeholder-width: 1028px; --smush-placeholder-aspect-ratio: 1028\/668;\"><\/p>\n<p><a href=\"https:\/\/discprofiles.eu\" target=\"_blank\" rel=\"noopener\"><\/a><\/p>\n<\/li>\n<\/ul>\n<p><!--more--><br \/>\n<!-- {\"name\":\"About us ENG!\",\"type\":\"layout\",\"children\":[{\"type\":\"section\",\"props\":{\"style\":\"default\",\"width\":\"default\",\"vertical_align\":\"middle\",\"title_position\":\"top-left\",\"title_rotation\":\"left\",\"title_breakpoint\":\"xl\",\"image_position\":\"center-center\",\"padding\":\"large\",\"header_transparent\":\"light\",\"image\":\"wp-content\\\/uploads\\\/2021\\\/07\\\/AdobeStock_224252149-scaled.jpeg\",\"media_overlay\":\"rgba(37, 150, 190, 0.78)\",\"image_size\":\"cover\"},\"children\":[{\"type\":\"row\",\"children\":[{\"type\":\"column\",\"props\":{\"image_position\":\"center-center\",\"media_overlay_gradient\":\"\",\"width_medium\":\"1-1\",\"position_sticky_breakpoint\":\"m\"},\"children\":[{\"type\":\"headline\",\"props\":{\"title_element\":\"h1\",\"title_color\":\"emphasis\",\"text_align\":\"center\",\"content\":\"Ko m\\u0113s dar\\u0101m\",\"margin_remove_bottom\":true,\"title_style\":\"heading-medium\"}},{\"type\":\"text\",\"props\":{\"margin\":\"default\",\"column_breakpoint\":\"m\",\"text_color\":\"emphasis\",\"content\":\"\n\n<h3 class=\\\"uk-text-emphasis uk-text-center\\\">M\\u0113s pied\\u0101v\\u0101jam person\\u012bbas nov\\u0113rt\\u0113jumus, kas pal\\u012bdz veidot un kopt komandas darba kult\\u016bru, veidojot efekt\\u012bv\\u0101kas attiec\\u012bbas darba vid\\u0113 un pal\\u012bdz\\u0113t komand\\u0101m sasniegt vair\\u0101k<\\\/h3>\"}}]}]}],\"name\":\"Lehek\\u00fclgede p\\u00e4ised large\"},{\"type\":\"section\",\"props\":{\"style\":\"default\",\"width\":\"default\",\"vertical_align\":\"middle\",\"title_position\":\"top-left\",\"title_rotation\":\"left\",\"title_breakpoint\":\"xl\",\"image_position\":\"center-center\"},\"children\":[{\"type\":\"row\",\"children\":[{\"type\":\"column\",\"props\":{\"image_position\":\"center-center\",\"media_overlay_gradient\":\"\",\"width_medium\":\"1-1\",\"position_sticky_breakpoint\":\"m\"},\"children\":[{\"type\":\"headline\",\"props\":{\"title_element\":\"h2\",\"text_align\":\"left\",\"content\":\"M\\u016aSU ST\\u0100STS\"},\"name\":\"TITLE HEADER\"},{\"type\":\"divider\",\"props\":{\"divider_element\":\"hr\",\"divider_style\":\"small\",\"divider_align\":\"\",\"divider_align_breakpoint\":\"\",\"divider_align_fallback\":\"\"}}]}]},{\"type\":\"row\",\"children\":[{\"type\":\"column\",\"props\":{\"image_position\":\"center-center\",\"media_overlay_gradient\":\"\",\"width_medium\":\"1-1\",\"position_sticky_breakpoint\":\"m\"},\"children\":[{\"type\":\"text\",\"props\":{\"margin\":\"default\",\"column_breakpoint\":\"m\",\"content\":\"\n\n<div class=\\\"wpb_text_column wpb_content_element \\\">\\n\n\n<div class=\\\"wpb_wrapper\\\"><span>M\\u016bsdien\\u0101s IPB Partners ir specializ\\u0113ts konsult\\u0101ciju uz\\u0146\\u0113mums, kas sadarbojas ar pasniedz\\u0113jiem\\\/treneriem un vid\\u0113ja lieluma vai lieliem uz\\u0146\\u0113mumiem, no kuriem daudzi darbojas vis\\u0101 pasaul\\u0113. M\\u0113s esam\\u00a0<\\\/span><strong><a href=\\\"http:\\\/\\\/www.everythingdisc.com\\\/\\\">Everything DiSC (A Wiley Brand)<\\\/a><\\\/strong><span> pilnvarotie partneri Baltijas valst\\u012bs. M\\u0113s pied\\u0101v\\u0101jam Everything DiSC izstr\\u0101d\\u0101tus uzved\\u012bbas nov\\u0113rt\\u0113\\u0161anas un att\\u012bst\\u012bbas risin\\u0101jumus, kurus esam piel\\u0101goju\\u0161i konkr\\u0113tiem m\\u0113r\\u0137a tirgiem.<\\\/span>\\n\n\n<p><strong>Gadu gait\\u0101 esam daudz uzzin\\u0101ju\\u0161i par to, kas uz\\u0146\\u0113mumu padara\\u00a0veiksm\\u012bgu.<\\\/strong><\\\/p>\\n\n\n<p>Esam redz\\u0113ju\\u0161i sp\\u0113c\\u012bgu vad\\u012bt\\u0101ju un komandu pozit\\u012bvo ietekmi gan sav\\u0101 uz\\u0146\\u0113mum\\u0101, gan organiz\\u0101cij\\u0101s, ar kur\\u0101m sadarbojamies. M\\u0113s v\\u0113lamies, lai ar\\u012b citi pieredz \\u0161\\u012bs priek\\u0161roc\\u012bbas, kas izraisa p\\u0101rmai\\u0146as, t\\u0101p\\u0113c \\u013coti priec\\u0101jamies par veikto darbu, kur\\u0101 izveidojam j\\u0113gpilnas darbavietas, kur\\u0101s ikviens var darboties, piln\\u012bb\\u0101 realiz\\u0113jot savu potenci\\u0101lu.<\\\/p>\\n<\\\/div>\\n<\\\/div>\"}}]}]}]},{\"type\":\"section\",\"props\":{\"style\":\"muted\",\"width\":\"default\",\"vertical_align\":\"middle\",\"title_position\":\"top-left\",\"title_rotation\":\"left\",\"title_breakpoint\":\"xl\",\"image_position\":\"center-center\"},\"children\":[{\"type\":\"row\",\"props\":{\"layout\":\"1-2,1-2\"},\"children\":[{\"type\":\"column\",\"props\":{\"image_position\":\"center-center\",\"media_overlay_gradient\":\"\",\"padding\":\"small\",\"width_medium\":\"1-2\",\"position_sticky_breakpoint\":\"m\"},\"children\":[{\"type\":\"headline\",\"props\":{\"title_element\":\"h2\",\"text_align\":\"center\",\"content\":\"MISIJA\"},\"name\":\"TITLE HEADER\"},{\"type\":\"divider\",\"props\":{\"divider_element\":\"hr\",\"divider_style\":\"small\",\"divider_align\":\"center\",\"divider_align_breakpoint\":\"\",\"divider_align_fallback\":\"\"}},{\"type\":\"text\",\"props\":{\"margin\":\"default\",\"column_breakpoint\":\"m\",\"content\":\"\n\n<p style=\\\"text-align: center;\\\">Pied\\u0101v\\u0101t tirg\\u016b lab\\u0101kos, glob\\u0101li nov\\u0113rt\\u0113t\\u0101kos un sevi pier\\u0101d\\u012bju\\u0161us nov\\u0113rt\\u0113\\u0161anas instrumentus darbinieku att\\u012bst\\u012bbai, kas paugstina kop\\u0101 str\\u0101d\\u0101\\u0161anas kvalit\\u0101ti.<\\\/p>\"}}]},{\"type\":\"column\",\"props\":{\"image_position\":\"center-center\",\"media_overlay_gradient\":\"\",\"padding\":\"small\",\"width_medium\":\"1-2\",\"position_sticky_breakpoint\":\"m\"},\"children\":[{\"type\":\"headline\",\"props\":{\"title_element\":\"h2\",\"text_align\":\"center\",\"content\":\"V\\u012aZIJA\"},\"name\":\"TITLE HEADER\"},{\"type\":\"divider\",\"props\":{\"divider_element\":\"hr\",\"divider_style\":\"small\",\"divider_align\":\"center\",\"divider_align_breakpoint\":\"\",\"divider_align_fallback\":\"\"}},{\"type\":\"text\",\"props\":{\"margin\":\"default\",\"column_breakpoint\":\"m\",\"content\":\"\n\n<p style=\\\"text-align: center;\\\"><span>M\\u0113s esam ap\\u0146\\u0113mu\\u0161ies uzlabot pasauli, pal\\u012bdzot organiz\\u0101cij\\u0101m izveidot un veicin\\u0101t komandas darba kult\\u016bru, att\\u012bstot efekt\\u012bv\\u0101kus str\\u0101d\\u0101\\u0161anas veidus, sadarb\\u012bbas pilnas attiec\\u012bbas un uz pan\\u0101kumiem v\\u0113rstas komandas.<\\\/span><\\\/p>\"}}]}]}]},{\"type\":\"section\",\"props\":{\"style\":\"default\",\"width\":\"default\",\"vertical_align\":\"middle\",\"title_position\":\"top-left\",\"title_rotation\":\"left\",\"title_breakpoint\":\"xl\",\"image_position\":\"center-center\",\"padding_remove_bottom\":true},\"children\":[{\"type\":\"row\",\"children\":[{\"type\":\"column\",\"props\":{\"image_position\":\"center-center\",\"media_overlay_gradient\":\"\",\"width_medium\":\"1-1\",\"position_sticky_breakpoint\":\"m\"},\"children\":[{\"type\":\"headline\",\"props\":{\"title_element\":\"h2\",\"text_align\":\"left\",\"content\":\"M\\u016aSU SOL\\u012aJUMS\"},\"name\":\"TITLE HEADER\"},{\"type\":\"divider\",\"props\":{\"divider_element\":\"hr\",\"divider_style\":\"small\",\"divider_align\":\"\",\"divider_align_breakpoint\":\"\",\"divider_align_fallback\":\"\"}},{\"type\":\"text\",\"props\":{\"margin\":\"default\",\"column_breakpoint\":\"m\",\"content\":\"\n\n<div class=\\\"wpb_text_column wpb_content_element \\\">\\n\n\n<div class=\\\"wpb_wrapper\\\"><span>M\\u0113s saprotam, ka jebk\\u0101du pakalpojumu sniedz\\u0113ju izv\\u0113le j\\u016bsu organiz\\u0101cij\\u0101 ir svar\\u012bgs l\\u0113mums. M\\u0113s v\\u0113lamies, lai pirms sadarb\\u012bbas ar mums j\\u016bs b\\u016btu p\\u0101rliecin\\u0101ti, ka izdar\\u0101t pareizo izv\\u0113li. T\\u0101p\\u0113c m\\u0113s velt\\u0101m laiku tam, lai j\\u016bs m\\u016bs iepaz\\u012btu ne tikai k\\u0101 profesion\\u0101\\u013cus, bet ar\\u012b k\\u0101 kol\\u0113\\u0123us. Tas ar\\u012b \\u013cauj mums lab\\u0101k saprast j\\u016bsu vajadz\\u012bbas un vienoties par abu pu\\u0161u v\\u0113lm\\u0113m attiec\\u012bb\\u0101 uz to, k\\u0101 vislab\\u0101k veidot sadarb\\u012bbu.<\\\/span>\\n\n\n<p>Kad b\\u016bsim izpratu\\u0161i j\\u016bsu vajadz\\u012bbas un to, ko v\\u0113laties pan\\u0101kt, m\\u0113s atkl\\u0101ti pateiksim, vai sp\\u0113jam jums pal\\u012bdz\\u0113t. M\\u0113s nep\\u0101rdosim jums to, ko jums nevajag, un nesol\\u012bsim to, ko nesp\\u0113jam nodro\\u0161in\\u0101t. T\\u0101 varat b\\u016bt dro\\u0161i, ka m\\u0113s patie\\u0161\\u0101m b\\u016bsim ap\\u0146\\u0113mu\\u0161ies pal\\u012bdz\\u0113t jums g\\u016bt pan\\u0101kumus.<\\\/p>\\n<\\\/div>\\n<\\\/div>\"}}]}]}]},{\"type\":\"section\",\"props\":{\"style\":\"default\",\"width\":\"default\",\"vertical_align\":\"middle\",\"title_position\":\"top-left\",\"title_rotation\":\"left\",\"title_breakpoint\":\"xl\",\"image_position\":\"center-center\",\"padding_remove_bottom\":true},\"children\":[{\"type\":\"row\",\"children\":[{\"type\":\"column\",\"props\":{\"image_position\":\"center-center\",\"media_overlay_gradient\":\"\",\"width_medium\":\"1-1\",\"position_sticky_breakpoint\":\"m\"},\"children\":[{\"type\":\"headline\",\"props\":{\"title_element\":\"h2\",\"text_align\":\"center\",\"content\":\"KAS M\\u0112S ESAM\"},\"name\":\"TITLE HEADER\"},{\"type\":\"divider\",\"props\":{\"divider_element\":\"hr\",\"divider_style\":\"small\",\"divider_align\":\"center\",\"divider_align_breakpoint\":\"\",\"divider_align_fallback\":\"\"}}]}]},{\"type\":\"row\",\"props\":{\"layout\":\"1-4,1-4,1-4,1-4|1-2,1-2,1-2,1-2\",\"match\":false},\"children\":[{\"type\":\"column\",\"props\":{\"image_position\":\"center-center\",\"media_overlay_gradient\":\"\",\"width_medium\":\"1-4\",\"width_small\":\"1-2\",\"position_sticky_breakpoint\":\"m\"},\"children\":[]},{\"type\":\"column\",\"props\":{\"image_position\":\"center-center\",\"media_overlay_gradient\":\"\",\"vertical_align\":\"bottom\",\"style\":\"muted\",\"padding\":\"xsmall\",\"width_medium\":\"1-4\",\"width_small\":\"1-2\",\"position_sticky_breakpoint\":\"m\"},\"children\":[{\"type\":\"image\",\"props\":{\"margin\":\"default\",\"image_svg_color\":\"emphasis\",\"text_align\":\"center\",\"image\":\"wp-content\\\/uploads\\\/2022\\\/06\\\/ukuso\\u0308o\\u0308t-3-scaled.jpg\",\"image_width\":\"200\"}},{\"type\":\"headline\",\"props\":{\"title_element\":\"h3\",\"text_align\":\"center\",\"content\":\"UKU S\\u00d6\\u00d6T\",\"margin_remove_bottom\":true}},{\"type\":\"text\",\"props\":{\"margin\":\"default\",\"column_breakpoint\":\"m\",\"text_style\":\"meta\",\"text_color\":\"primary\",\"text_align\":\"center\",\"content\":\"\n\n<p>Partner.Development<\\\/p>\",\"margin_remove_top\":true}},{\"type\":\"text\",\"props\":{\"margin\":\"default\",\"column_breakpoint\":\"m\",\"text_align\":\"center\",\"content\":\"\n\n<p><a href=\\\"mailto:uku@ipbpartners.eu\\\">uku@ipbpartners.eu<\\\/a><\\\/p>\\n\n\n<p>+372 525 7939<\\\/p>\"}},{\"type\":\"social\",\"props\":{\"link_style\":\"muted\",\"margin\":\"default\",\"text_align\":\"center\",\"grid_gap\":\"small\",\"grid\":\"horizontal\"},\"children\":[{\"type\":\"social_item\",\"props\":{\"link\":\"https:\\\/\\\/www.linkedin.com\\\/in\\\/uku-soot\\\/\"}}]}]},{\"type\":\"column\",\"props\":{\"image_position\":\"center-center\",\"media_overlay_gradient\":\"\",\"vertical_align\":\"bottom\",\"style\":\"muted\",\"padding\":\"xsmall\",\"width_medium\":\"1-4\",\"width_small\":\"1-2\",\"position_sticky_breakpoint\":\"m\"},\"children\":[{\"type\":\"image\",\"props\":{\"margin\":\"default\",\"image_svg_color\":\"emphasis\",\"text_align\":\"center\",\"image\":\"wp-content\\\/uploads\\\/2022\\\/06\\\/matiso\\u0308o\\u0308t.jpg\",\"image_width\":\"200\"}},{\"type\":\"headline\",\"props\":{\"title_element\":\"h3\",\"text_align\":\"center\",\"content\":\"MATI S\\u00d6\\u00d6T\",\"margin_remove_bottom\":true}},{\"type\":\"text\",\"props\":{\"margin\":\"default\",\"column_breakpoint\":\"m\",\"text_style\":\"meta\",\"text_color\":\"primary\",\"text_align\":\"center\",\"content\":\"\n\n<p>Partner.Consulting<\\\/p>\",\"margin_remove_top\":true}},{\"type\":\"text\",\"props\":{\"margin\":\"default\",\"column_breakpoint\":\"m\",\"text_align\":\"center\",\"content\":\"\n\n<p><a href=\\\"mailto:mati@ipbpartners.eu\\\">mati@ipbpartners.eu<\\\/a><\\\/p>\\n\n\n<p>+372 5034800<\\\/p>\"}},{\"type\":\"social\",\"props\":{\"link_style\":\"muted\",\"margin\":\"default\",\"text_align\":\"center\",\"grid_gap\":\"small\",\"grid\":\"horizontal\"},\"children\":[{\"type\":\"social_item\",\"props\":{\"link\":\"https:\\\/\\\/www.linkedin.com\\\/in\\\/mati-s%C3%B6%C3%B6t-395728b2\\\/\"}}]}]},{\"type\":\"column\",\"props\":{\"image_position\":\"center-center\",\"media_overlay_gradient\":\"\",\"width_medium\":\"1-4\",\"width_small\":\"1-2\",\"position_sticky_breakpoint\":\"m\"},\"children\":[]}]}]},{\"type\":\"section\",\"props\":{\"style\":\"default\",\"width\":\"default\",\"vertical_align\":\"middle\",\"title_position\":\"top-left\",\"title_rotation\":\"left\",\"title_breakpoint\":\"xl\",\"image_position\":\"center-center\"},\"children\":[{\"type\":\"row\",\"props\":{\"margin\":\"medium\"},\"children\":[{\"type\":\"column\",\"props\":{\"image_position\":\"center-center\",\"media_overlay_gradient\":\"\",\"width_medium\":\"1-1\",\"position_sticky_breakpoint\":\"m\"},\"children\":[{\"type\":\"headline\",\"props\":{\"title_element\":\"h2\",\"text_align\":\"center\",\"content\":\"M\\u016aSU PARTNERI\"},\"name\":\"TITLE HEADER\"},{\"type\":\"divider\",\"props\":{\"divider_element\":\"hr\",\"divider_style\":\"small\",\"divider_align\":\"center\",\"divider_align_breakpoint\":\"\",\"divider_align_fallback\":\"\"}}]}]},{\"type\":\"row\",\"children\":[{\"type\":\"column\",\"props\":{\"image_position\":\"center-center\",\"media_overlay_gradient\":\"\",\"width_medium\":\"1-1\",\"position_sticky_breakpoint\":\"m\"},\"children\":[{\"type\":\"gallery\",\"props\":{\"show_title\":true,\"show_meta\":true,\"show_content\":true,\"show_link\":true,\"show_hover_image\":true,\"grid_default\":\"1\",\"grid_medium\":\"4\",\"filter_style\":\"tab\",\"filter_all\":true,\"filter_position\":\"top\",\"filter_align\":\"left\",\"filter_grid_width\":\"auto\",\"filter_grid_breakpoint\":\"m\",\"overlay_mode\":\"cover\",\"overlay_hover\":true,\"overlay_style\":\"overlay-primary\",\"text_color\":\"light\",\"overlay_position\":\"center\",\"overlay_transition\":\"fade\",\"title_hover_style\":\"reset\",\"title_element\":\"h3\",\"meta_style\":\"text-meta\",\"meta_align\":\"below-title\",\"link_text\":\"\",\"link_style\":\"default\",\"text_align\":\"center\",\"margin\":\"default\",\"item_animation\":true,\"grid_column_gap\":\"large\",\"grid_column_align\":true,\"grid_divider\":false,\"grid_row_align\":true,\"meta_element\":\"div\",\"parallax_easing\":\"1\",\"image_width\":\"225\"},\"children\":[{\"type\":\"gallery_item\",\"props\":{\"image\":\"wp-content\\\/uploads\\\/2022\\\/10\\\/wiley-logo.png\",\"link\":\"https:\\\/\\\/wiley.com\"}},{\"type\":\"gallery_item\",\"props\":{\"image\":\"wp-content\\\/uploads\\\/2023\\\/04\\\/Everything-DiSC-Authorized-Partner-Logo_Color.png\",\"link\":\"https:\\\/\\\/everythingdisc.com\"}},{\"type\":\"gallery_item\",\"props\":{\"image\":\"wp-content\\\/uploads\\\/2023\\\/04\\\/5B-AP-AWB-Color.jpg\",\"link\":\"https:\\\/\\\/fivebehaviors.com\"}},{\"type\":\"gallery_item\",\"props\":{\"image\":\"wp-content\\\/uploads\\\/2024\\\/10\\\/discprofiles.eu-2.png\",\"link\":\"https:\\\/\\\/discprofiles.eu\"}}]}]}]}]}],\"version\":\"3.0.7\"} --><\/p>\n","protected":false},"excerpt":{"rendered":"<p>Ko m\u0113s dar\u0101m M\u0113s pied\u0101v\u0101jam person\u012bbas nov\u0113rt\u0113jumus, kas pal\u012bdz veidot un kopt komandas darba kult\u016bru, veidojot efekt\u012bv\u0101kas attiec\u012bbas darba vid\u0113 un pal\u012bdz\u0113t komand\u0101m sasniegt vair\u0101k M\u016aSU ST\u0100STS M\u016bsdien\u0101s IPB Partners ir specializ\u0113ts konsult\u0101ciju uz\u0146\u0113mums, kas sadarbojas ar pasniedz\u0113jiem\/treneriem un vid\u0113ja lieluma vai lieliem uz\u0146\u0113mumiem, no kuriem daudzi darbojas vis\u0101 pasaul\u0113. M\u0113s esam\u00a0Everything DiSC (A Wiley [&hellip;]<\/p>\n","protected":false},"author":2,"featured_media":0,"parent":0,"menu_order":0,"comment_status":"closed","ping_status":"closed","template":"","meta":{"footnotes":""},"class_list":["post-18028","page","type-page","status-publish","hentry"],"_links":{"self":[{"href":"https:\/\/ipbpartners.eu\/lv\/wp-json\/wp\/v2\/pages\/18028","targetHints":{"allow":["GET"]}}],"collection":[{"href":"https:\/\/ipbpartners.eu\/lv\/wp-json\/wp\/v2\/pages"}],"about":[{"href":"https:\/\/ipbpartners.eu\/lv\/wp-json\/wp\/v2\/types\/page"}],"author":[{"embeddable":true,"href":"https:\/\/ipbpartners.eu\/lv\/wp-json\/wp\/v2\/users\/2"}],"replies":[{"embeddable":true,"href":"https:\/\/ipbpartners.eu\/lv\/wp-json\/wp\/v2\/comments?post=18028"}],"version-history":[{"count":1,"href":"https:\/\/ipbpartners.eu\/lv\/wp-json\/wp\/v2\/pages\/18028\/revisions"}],"predecessor-version":[{"id":26527,"href":"https:\/\/ipbpartners.eu\/lv\/wp-json\/wp\/v2\/pages\/18028\/revisions\/26527"}],"wp:attachment":[{"href":"https:\/\/ipbpartners.eu\/lv\/wp-json\/wp\/v2\/media?parent=18028"}],"curies":[{"name":"wp","href":"https:\/\/api.w.org\/{rel}","templated":true}]}}