{"id":18097,"date":"2021-10-25T15:14:20","date_gmt":"2021-10-25T15:14:20","guid":{"rendered":"https:\/\/ipbpartners.eu\/?page_id=18097"},"modified":"2026-03-24T10:20:36","modified_gmt":"2026-03-24T10:20:36","slug":"profilext","status":"publish","type":"page","link":"https:\/\/ipbpartners.eu\/lv\/profilext\/","title":{"rendered":"ProfileXT"},"content":{"rendered":"<h1>ProfileXT\u00ae<\/h1>\n<div>\n<p style=\"text-align: center;\">ProfileXT cilv\u0113kam pal\u012bdz veikt l\u0113mumus par cilv\u0113ku pie\u0146em\u0161anu darb\u0101 vienk\u0101r\u0161\u0101k un produkt\u012bv\u0101k<\/p>\n<\/div>\n<div>\n<p><strong>ProfileXT\u00ae<\/strong> ir nov\u0113rt\u0113jumu instruments, ko izmanto miljoniem lietot\u0101ju vair\u0101k k\u0101 120 valst\u012bs, tas pal\u012bdz izv\u0113l\u0113ties kandid\u0101tus un piemekl\u0113t darbu, kas vi\u0146iem b\u016btu viss piem\u0113rot\u0101kais, balstoties uz vi\u0146u pamat-uzved\u012bb\u0101m. Internacion\u0101li nov\u0113rt\u0113ts k\u0101 lab\u0101kais profilu noteic\u0113js, kas pal\u012bdz noteikti vai lab\u0101kie pretendenti uz amatu \u0161o darbu visp\u0101r VAR izdar\u012bt, vai to DAR\u012aS, un vai vi\u0146i B\u016aS LAIM\u012aGI UN APMIERIN\u0100TI to darot.<\/p>\n<p>Neatkar\u012bgi no uz\u0146\u0113muma lieluma, pievienot ProfileXT nov\u0113rt\u0113jumu savam darbinieku noalgo\u0161anas procesam, var\u0113tu b\u016bt viens no v\u0113rt\u012bg\u0101kajaiem, taj\u0101 pa\u0161\u0101 laik\u0101 cenas zi\u0146\u0101 \u2013 izdev\u012bg\u0101kajiem uzlabojumiem, ko var\u0113tu veikt.<\/p>\n<h3>ProfileXT\u00ae tev pal\u012bdz: <\/h3>\n<ul>\n<li>Atrast piem\u0113rot\u0101ko cilv\u0113ku darbam<\/li>\n<li>Samazin\u0101t darbinieku mai\u0146u un izvair\u012bties no d\u0101rg\u0101m darbinieku algo\u0161anas k\u013c\u016bd\u0101m<\/li>\n<li>Paaugstin\u0101t darbinieku apmierin\u0101t\u012bbu un produktivit\u0101ti<\/li>\n<li>Vad\u012bt, tren\u0113t un paaugstin\u0101t efekt\u012bv\u0101k<\/li>\n<li>Ietaup\u012bt laiku noalgo\u0161anas proces\u0101, un pan\u0101kt, ka \u0161is process ir efekt\u012bv\u0101ks<\/li>\n<\/ul>\n<\/div>\n<div>\n<p>        <img decoding=\"async\" data-src=\"\/wp-content\/uploads\/2021\/09\/bigstock-Human-Resources-Interview-Recr-117369077.jpg\" alt=\"https:\/\/youtu.be\/B_UiSSW_pAY\" title=\"\" src=\"data:image\/svg+xml;base64,PHN2ZyB3aWR0aD0iMSIgaGVpZ2h0PSIxIiB4bWxucz0iaHR0cDovL3d3dy53My5vcmcvMjAwMC9zdmciPjwvc3ZnPg==\" class=\"lazyload\" style=\"--smush-placeholder-width: 1200px; --smush-placeholder-aspect-ratio: 1200\/897;\"><\/p>\n<\/div>\n<div>\n<div class=\"wistia_trigger-overlay\" data-video=\"https:\/\/www.youtube.com\/embed\/SHBMOSw_IPQ\">\n<div>\n<div class=\"wistia_trigger-icon\"><\/div>\n<div class=\"wistia_trigger-details\">\n<div class=\"video__details\">\n        \t<span class=\"wistia_trigger-title\"style=\"color:black\">PXT \u2013 Human Side of Selection<\/span>\n        <\/div>\n<\/p><\/div>\n<\/p><\/div>\n<\/div>\n<\/div>\n<h2>K\u0101 tas str\u0101d\u0101?<\/h2>\n<hr>\n<p><img decoding=\"async\" data-src=\"\/wp-content\/uploads\/2022\/01\/PXT-LV.png\" alt=\"\" title=\"\" src=\"data:image\/svg+xml;base64,PHN2ZyB3aWR0aD0iMSIgaGVpZ2h0PSIxIiB4bWxucz0iaHR0cDovL3d3dy53My5vcmcvMjAwMC9zdmciPjwvc3ZnPg==\" class=\"lazyload\" style=\"--smush-placeholder-width: 1890px; --smush-placeholder-aspect-ratio: 1890\/1293;\"><\/p>\n<h2>Ieguvumi<\/h2>\n<hr>\n<div>\n<p><strong>M\u0113r\u012bjumi:<\/strong> Dom\u0101\u0161ana un pamato\u0161ana, profesion\u0101l\u0101s intereses, uzved\u012bbas iez\u012bmes un 20 snieguma indikatori.<\/p>\n<p><strong>M\u0113r\u012bjumu jomas:<\/strong> M\u0101c\u012b\u0161an\u0101s indekss, verb\u0101l\u0101s prasmes, verb\u0101lais pamatojums, skaitlisk\u0101s prasmes, skaitliskie pamatojumi, ener\u0123ijas l\u012bmenis, p\u0101rliec\u012bba, soci\u0101lit\u0101te, vad\u0101m\u012bba, attieksme, sp\u0113ja pie\u0146emt l\u0113mumus, sp\u0113ja piel\u0101goties, neatkar\u012bba, objekt\u012bva l\u0113mumu pie\u0146em\u0161ana, intereses un motiv\u0101cija.<\/p>\n<p><strong>Nepiecie\u0161amais laiks:<\/strong> aptuveni 1h.<\/p>\n<p><strong>Atskai\u0161u tipi:<\/strong> 8 da\u017e\u0101das atskaites \u2013 individu\u0101l\u0101 atskaite, izvietojuma atskaite, p\u0113ctec\u012bbas pl\u0101no\u0161anas atskaite , kandid\u0101tu atbilst\u012bbas atskaites, kou\u010dinga atskaites, darba anal\u012bzes atskaites, apkopojuma atskaites, grafisk\u0101s atskaites. <\/p>\n<\/p>\n<\/div>\n<p>\n    <a href=\"\/wp-content\/uploads\/2024\/07\/LV-Sallija-Paraugs-Kopsavilkuma-grafiks.pdf\">APSKATI APKOPOJUMA ATSKAITES PARAUGU<\/a>\n<\/p>\n<div>\n<p style=\"text-align: center;\">\u201eProfileXT nov\u0113rt\u0113juma instruments mums pal\u012bdz darb\u0101 pie\u0146em\u0161anas procesos un, \u012bpa\u0161i, dod tie\u0161ajam vad\u012bt\u0101jam pamat\u012bgu p\u0101rskatu un ieteikumus par konkr\u0113to kandid\u0101tu. Atskaites ir bag\u0101tas ar inform\u0101ciju no vienas puses un \u013coti lo\u0123iskas, struktur\u0113tas un vienk\u0101r\u0161i saprotamas. Liels paldies par nebeidzamo pozitivit\u0101ti , \u0101tro un efekt\u012bvo sadarb\u012bbu!\u201c<\/p>\n<p style=\"text-align: center;\"><strong>\u2013 Karoline Sibul, HR biznesa partnere \u2013 Olympic Entertainment Group<\/strong><\/p>\n<\/div>\n<div>\n<p>Iepl\u0101no zvanu, lai p\u0101rrun\u0101tu savas organiz\u0101zijas vajadz\u012bbas<\/p>\n<\/div>\n<div>\n<p>    <div class=\"super-popup-wrapper-19502 super-popup-wrapper\" style=\"opacity:0;z-index:-2147483648;\"><div class=\"super-popup-19502 super-popup super-popup-sticky-default\" style=\"opacity:0;\"><span class=\"super-popup-close\"><span class=\"super-popup-close-icon\"><\/span><\/span><div class=\"super-popup-content\"><style type=\"text\/css\">.super-form:not(.super-initialized) *:not(.super-load-icon) { visibility: hidden !important; }<\/style><div id=\"super-form-19502\" style=\"margin:0px 0px 0px 0px;\" class=\"super-form preload-disabled super-form-19502  super-default-squared super-field-size-medium super-adaptive\" data-hide=\"true\" data-overlay=\"true\" data-field-size=\"medium\" data-i18n=\"lv\"><span class=\"super-load-icon\"><\/span><form tabindex=\"0\" autocomplete=\"on\" enctype=\"multipart\/form-data\"><input type=\"hidden\" name=\"sf_nonce\" value=\"\" \/><input type=\"text\" name=\"super_hp\" size=\"25\" value=\"\" \/><div class=\"super-shortcode super-field super-hidden\"><input class=\"super-shortcode-field\" type=\"hidden\" value=\"19502\" name=\"hidden_form_id\" \/><\/div><div class=\"super-grid super-shortcode\"><div class=\"super-shortcode super_one_half super-column grid-level-0 column-number-1 first-column \"><div class=\"super-shortcode super-field super-text   super-ungrouped  \"><div class=\"super-field-wrapper \"><input tabindex=\"-1\" class=\"super-shortcode-field\" type=\"email\" name=\"email\" data-oname=\"email\" data-validation=\"email\" data-email=\"Email address:\" data-exclude=\"0\" data-absolute-default=\"\" data-default-value=\"\" \/><span class=\"super-adaptive-placeholder\" data-placeholder=\"E-pasts:\" data-placeholderFilled=\"E-pasts:\"><span>E-pasts:<\/span><\/span><\/div><div class=\"super-error-msg\">Field is required!<\/div><div class=\"super-empty-error-msg\">Field is required!<\/div><\/div><\/div><div class=\"super-shortcode super_one_half super-column grid-level-0 column-number-2  \"><div class=\"super-shortcode super-field super-text   super-ungrouped  \"><div class=\"super-field-wrapper \"><input tabindex=\"-1\" class=\"super-shortcode-field\" type=\"tel\" name=\"phonenumber\" data-oname=\"phonenumber\" data-validation=\"empty\" data-email=\"Phonenumber:\" data-exclude=\"0\" data-absolute-default=\"\" data-default-value=\"\" \/><span class=\"super-adaptive-placeholder\" data-placeholder=\"Telefona numurs:\" data-placeholderFilled=\"Telefona numurs:\"><span>Telefona numurs:<\/span><\/span><\/div><div class=\"super-error-msg\">Field is required!<\/div><div class=\"super-empty-error-msg\">Field is required!<\/div><\/div><\/div><\/div><div data-color=\"#b49361\" data-light=\"#c8a775\" data-dark=\"#967543\" data-hover-color=\"#444444\" data-hover-light=\"#585858\" data-hover-dark=\"#262626\" data-font=\"#ffffff\" data-font-hover=\"#ffffff\" data-radius=\"square\" data-type=\"flat\" class=\"super-extra-shortcode super-shortcode super-field super-button super-clear-none super-form-button super-radius-square super-type-flat super-button-medium super-button-align-center super-button-width-fullwidth\"><div data-href=\"\" class=\"super-button-wrap no_link\"><div class=\"super-button-name\" data-action=\"submit\" data-normal=\"S\u016bt\u012bt\" data-loading=\"Notiek iel\u0101de...\">S\u016bt\u012bt<\/div><span class=\"super-after\"><\/span><\/div><\/div><\/form><\/div><\/div><textarea name=\"super-popup-settings\">{\"enabled\":\"true\",\"logged_in\":\"true\",\"not_logged_in\":\"true\",\"page_load\":\"\",\"exit_intent\":\"\",\"leave\":\"\",\"leave_msg\":\"Wait stay with us! Please take the time to fill out our form!?\",\"enable_scrolling\":\"\",\"scrolled\":\"0\",\"enable_seconds\":\"\",\"seconds\":\"0\",\"enable_inactivity\":\"\",\"inactivity\":\"0\",\"enable_schedule\":\"\",\"from\":\"2020-09-17\",\"till\":\"2020-09-17\",\"disable_closing\":\"\",\"close_btn\":\"true\",\"close_btn_icon_color\":\"\",\"close_btn_bg_color\":\"#b49361\",\"close_btn_label\":\"\",\"close_btn_label_color\":\"#b49361\",\"close_btn_label_bg_color\":\"#b49361\",\"close_btn_label_padding\":\"\",\"close_btn_icon_size\":\"14\",\"close_btn_border\":\"0\",\"close_btn_border_color\":\"\",\"close_btn_top\":\"0\",\"close_btn_right\":\"0\",\"close_btn_padding\":\"\",\"close_btn_radius\":\"0\",\"enable_padding\":\"\",\"padding\":\"\",\"expire_trigger\":\"\",\"expire\":\"1\",\"width\":\"700\",\"background_color\":\"#ffffff\",\"overlay_color\":\"#000000\",\"overlay_opacity\":\"0.5\",\"background_image\":\"\",\"background_image_repeat\":\"no-repeat\",\"background_image_size\":\"cover\",\"slide\":\"none\",\"slide_duration\":\"300\",\"fade_duration\":\"300\",\"fade_out_duration\":\"300\",\"sticky\":\"default\",\"enable_borders\":\"true\",\"border_size\":\"3\",\"border_color\":\"#b49361\",\"border_radius_top_left\":\"10\",\"border_radius_top_right\":\"10\",\"border_radius_bottom_left\":\"10\",\"border_radius_bottom_right\":\"10\",\"enable_shadows\":\"true\",\"shadow_horizontal_length\":\"5\",\"shadow_vertical_length\":\"5\",\"blur_radius\":\"15\",\"spread_radius\":\"3\",\"shadow_color\":\"#000000\",\"shadow_opacity\":\"0.7\"}<\/textarea><\/div><\/div><br \/>\n<a href=\"#super-popup-19502\" class=\"el-content uk-button uk-button-secondary uk-button-large\">AIZIET, IEPL\u0100NOJAM BEZMAKSAS KONSULT\u0100CIJU<\/a>\n<\/div>\n<p><!--more--><br \/>\n<!-- {\"name\":\"PXT 15.10\",\"type\":\"layout\",\"children\":[{\"type\":\"section\",\"props\":{\"style\":\"default\",\"width\":\"default\",\"vertical_align\":\"middle\",\"title_position\":\"top-left\",\"title_rotation\":\"left\",\"title_breakpoint\":\"xl\",\"image_position\":\"center-center\",\"padding\":\"large\",\"header_transparent\":\"light\",\"image\":\"wp-content\\\/uploads\\\/2021\\\/07\\\/hero-chairs-website.jpg\",\"media_overlay\":\"rgba(37, 150, 190, 0.78)\",\"image_size\":\"cover\"},\"children\":[{\"type\":\"row\",\"children\":[{\"type\":\"column\",\"props\":{\"image_position\":\"center-center\",\"media_overlay_gradient\":\"\",\"width_medium\":\"1-1\",\"position_sticky_breakpoint\":\"m\"},\"children\":[{\"type\":\"headline\",\"props\":{\"title_element\":\"h1\",\"title_color\":\"emphasis\",\"text_align\":\"center\",\"content\":\"ProfileXT\\u00ae\",\"margin_remove_bottom\":true}},{\"type\":\"text\",\"props\":{\"margin\":\"default\",\"column_breakpoint\":\"m\",\"text_color\":\"emphasis\",\"content\":\"\n\n<p style=\\\"text-align: center;\\\">ProfileXT cilv\\u0113kam pal\\u012bdz veikt l\\u0113mumus par cilv\\u0113ku pie\\u0146em\\u0161anu darb\\u0101 vienk\\u0101r\\u0161\\u0101k un produkt\\u012bv\\u0101k<\\\/p>\",\"text_style\":\"large\"}}]}]}],\"name\":\"Lehek\\u00fclgede p\\u00e4ised large\"},{\"type\":\"section\",\"props\":{\"style\":\"default\",\"width\":\"default\",\"vertical_align\":\"middle\",\"title_position\":\"top-left\",\"title_rotation\":\"left\",\"title_breakpoint\":\"xl\",\"image_position\":\"center-right\",\"padding\":\"small\",\"image\":\"\",\"padding_remove_top\":false},\"children\":[{\"type\":\"row\",\"props\":{\"layout\":\"2-3,1-3\"},\"children\":[{\"type\":\"column\",\"props\":{\"image_position\":\"center-center\",\"media_overlay_gradient\":\"\",\"width_medium\":\"2-3\",\"position_sticky_breakpoint\":\"m\"},\"children\":[{\"type\":\"text\",\"props\":{\"margin\":\"default\",\"column_breakpoint\":\"m\",\"content\":\"\n\n<p><strong>ProfileXT\\u00ae<\\\/strong> ir nov\\u0113rt\\u0113jumu instruments, ko izmanto miljoniem lietot\\u0101ju vair\\u0101k k\\u0101 120 valst\\u012bs, tas pal\\u012bdz izv\\u0113l\\u0113ties kandid\\u0101tus un piemekl\\u0113t darbu, kas vi\\u0146iem b\\u016btu viss piem\\u0113rot\\u0101kais, balstoties uz vi\\u0146u pamat-uzved\\u012bb\\u0101m. Internacion\\u0101li nov\\u0113rt\\u0113ts k\\u0101 lab\\u0101kais profilu noteic\\u0113js, kas pal\\u012bdz noteikti vai lab\\u0101kie pretendenti uz amatu \\u0161o darbu visp\\u0101r VAR izdar\\u012bt, vai to DAR\\u012aS, un vai vi\\u0146i B\\u016aS LAIM\\u012aGI UN APMIERIN\\u0100TI to darot.<\\\/p>\\n\n\n<p>Neatkar\\u012bgi no uz\\u0146\\u0113muma lieluma, pievienot ProfileXT nov\\u0113rt\\u0113jumu savam darbinieku noalgo\\u0161anas procesam, var\\u0113tu b\\u016bt viens no v\\u0113rt\\u012bg\\u0101kajaiem, taj\\u0101 pa\\u0161\\u0101 laik\\u0101 cenas zi\\u0146\\u0101 \\u2013 izdev\\u012bg\\u0101kajiem uzlabojumiem, ko var\\u0113tu veikt.<\\\/p>\\n\n\n<h3>ProfileXT\\u00ae tev pal\\u012bdz: <\\\/h3>\\n\n\n<ul>\\n\n\n<li>Atrast piem\\u0113rot\\u0101ko cilv\\u0113ku darbam<\\\/li>\\n\n\n<li>Samazin\\u0101t darbinieku mai\\u0146u un izvair\\u012bties no d\\u0101rg\\u0101m darbinieku algo\\u0161anas k\\u013c\\u016bd\\u0101m<\\\/li>\\n\n\n<li>Paaugstin\\u0101t darbinieku apmierin\\u0101t\\u012bbu un produktivit\\u0101ti<\\\/li>\\n\n\n<li>Vad\\u012bt, tren\\u0113t un paaugstin\\u0101t efekt\\u012bv\\u0101k<\\\/li>\\n\n\n<li>Ietaup\\u012bt laiku noalgo\\u0161anas proces\\u0101, un pan\\u0101kt, ka \\u0161is process ir efekt\\u012bv\\u0101ks<\\\/li>\\n<\\\/ul>\"}}]},{\"type\":\"column\",\"props\":{\"image_position\":\"center-center\",\"media_overlay_gradient\":\"\",\"class\":\"popup-video\",\"width_medium\":\"1-3\",\"position_sticky_breakpoint\":\"m\"},\"children\":[{\"type\":\"overlay\",\"props\":{\"link_text\":\"Read more\",\"overlay_mode\":\"cover\",\"overlay_hover\":false,\"overlay_style\":\"overlay-primary\",\"text_color\":\"dark\",\"overlay_position\":\"center\",\"overlay_transition\":\"fade\",\"title_hover_style\":\"reset\",\"title_element\":\"h3\",\"meta_style\":\"text-meta\",\"meta_align\":\"below-title\",\"link_style\":\"default\",\"text_align\":\"center\",\"margin\":\"default\",\"image_transition\":\"scale-up\",\"image_box_decoration\":\"shadow\",\"image\":\"wp-content\\\/uploads\\\/2021\\\/09\\\/bigstock-Human-Resources-Interview-Recr-117369077.jpg\",\"id\":\"changepartner-video-preview\",\"class\":\"changepartner-video-preview\",\"image_alt\":\"https:\\\/\\\/youtu.be\\\/B_UiSSW_pAY\",\"meta_element\":\"div\"},\"name\":\"OVERLAY\"},{\"type\":\"html\",\"props\":{\"content\":\"\n\n<div class=\\\"wistia_trigger-overlay\\\" data-video=\\\"https:\\\/\\\/www.youtube.com\\\/embed\\\/SHBMOSw_IPQ\\\">\\n    \n\n<div>\\n\\t\n\n<div class=\\\"wistia_trigger-icon\\\"><\\\/div>\\n    \n\n<div class=\\\"wistia_trigger-details\\\">\\n    \\t\n\n<div class=\\\"video__details\\\">\\n        \\t<span class=\\\"wistia_trigger-title\\\"style=\\\"color:black\\\">PXT \\u2013 Human Side of Selection<\\\/span>\\n        <\\\/div>\\n        <\\\/div>\\n    <\\\/div>\\n<\\\/div>\",\"class\":\"changepartner-popup-video-ovelay\",\"id\":\"changepartner-popup-video-ovelay\"},\"name\":\"HTML\"}]}]}],\"name\":\"What is change management\"},{\"type\":\"section\",\"props\":{\"style\":\"default\",\"width\":\"default\",\"vertical_align\":\"middle\",\"title_position\":\"top-left\",\"title_rotation\":\"left\",\"title_breakpoint\":\"xl\",\"image_position\":\"center-right\",\"padding\":\"small\",\"image\":\"\",\"padding_remove_top\":false},\"children\":[{\"type\":\"row\",\"children\":[{\"type\":\"column\",\"props\":{\"image_position\":\"center-center\",\"media_overlay_gradient\":\"\",\"width_medium\":\"1-1\",\"position_sticky_breakpoint\":\"m\"},\"children\":[{\"type\":\"headline\",\"props\":{\"title_element\":\"h2\",\"text_align\":\"left\",\"content\":\"K\\u0101 tas str\\u0101d\\u0101?\",\"margin_remove_top\":true}},{\"type\":\"divider\",\"props\":{\"divider_element\":\"hr\",\"divider_style\":\"small\",\"divider_align\":\"left\",\"divider_align_breakpoint\":\"\",\"divider_align_fallback\":\"\"}}]}]},{\"type\":\"row\",\"children\":[{\"type\":\"column\",\"props\":{\"image_position\":\"center-center\",\"media_overlay_gradient\":\"\",\"width_medium\":\"1-1\",\"position_sticky_breakpoint\":\"m\"},\"children\":[{\"type\":\"image\",\"props\":{\"margin\":\"default\",\"image_svg_color\":\"emphasis\",\"image\":\"wp-content\\\/uploads\\\/2022\\\/01\\\/PXT-LV.png\",\"image_width\":\"1100\",\"block_align\":\"center\",\"text_align\":\"center\"}}]}]}],\"name\":\"What is change management\"},{\"type\":\"section\",\"props\":{\"style\":\"default\",\"width\":\"default\",\"vertical_align\":\"middle\",\"title_position\":\"top-left\",\"title_rotation\":\"left\",\"title_breakpoint\":\"xl\",\"image_position\":\"center-center\"},\"children\":[{\"type\":\"row\",\"children\":[{\"type\":\"column\",\"props\":{\"image_position\":\"center-center\",\"media_overlay_gradient\":\"\",\"width_medium\":\"1-1\",\"position_sticky_breakpoint\":\"m\"},\"children\":[{\"type\":\"headline\",\"props\":{\"title_element\":\"h2\",\"content\":\"Ieguvumi\"}},{\"type\":\"divider\",\"props\":{\"divider_element\":\"hr\",\"divider_style\":\"small\",\"divider_align\":\"left\",\"divider_align_breakpoint\":\"\",\"divider_align_fallback\":\"\"}},{\"type\":\"text\",\"props\":{\"margin\":\"default\",\"column_breakpoint\":\"m\",\"content\":\"\n\n<p><strong>M\\u0113r\\u012bjumi:<\\\/strong> Dom\\u0101\\u0161ana un pamato\\u0161ana, profesion\\u0101l\\u0101s intereses, uzved\\u012bbas iez\\u012bmes un 20 snieguma indikatori.<\\\/p>\\n\n\n<p><strong>M\\u0113r\\u012bjumu jomas:<\\\/strong> M\\u0101c\\u012b\\u0161an\\u0101s indekss, verb\\u0101l\\u0101s prasmes, verb\\u0101lais pamatojums, skaitlisk\\u0101s prasmes, skaitliskie pamatojumi, ener\\u0123ijas l\\u012bmenis, p\\u0101rliec\\u012bba, soci\\u0101lit\\u0101te, vad\\u0101m\\u012bba, attieksme, sp\\u0113ja pie\\u0146emt l\\u0113mumus, sp\\u0113ja piel\\u0101goties, neatkar\\u012bba, objekt\\u012bva l\\u0113mumu pie\\u0146em\\u0161ana, intereses un motiv\\u0101cija.<\\\/p>\\n\n\n<p><strong>Nepiecie\\u0161amais laiks:<\\\/strong> aptuveni 1h.<\\\/p>\\n\n\n<p><strong>Atskai\\u0161u tipi:<\\\/strong> 8 da\\u017e\\u0101das atskaites \\u2013 individu\\u0101l\\u0101 atskaite, izvietojuma atskaite, p\\u0113ctec\\u012bbas pl\\u0101no\\u0161anas atskaite , kandid\\u0101tu atbilst\\u012bbas atskaites, kou\\u010dinga atskaites, darba anal\\u012bzes atskaites, apkopojuma atskaites, grafisk\\u0101s atskaites. <\\\/p>\\n\n\n<p><\\\/p>\"}},{\"type\":\"button\",\"props\":{\"grid_column_gap\":\"small\",\"grid_row_gap\":\"small\",\"margin\":\"default\",\"text_align\":\"left\",\"margin_remove_top\":true},\"children\":[{\"type\":\"button_item\",\"props\":{\"button_style\":\"secondary\",\"icon_align\":\"left\",\"link_target\":\"blank\",\"content\":\"APSKATI APKOPOJUMA ATSKAITES PARAUGU\",\"link\":\"wp-content\\\/uploads\\\/2024\\\/07\\\/LV-Sallija-Paraugs-Kopsavilkuma-grafiks.pdf\"}}],\"name\":\"Button\"}]}]}]},{\"type\":\"section\",\"props\":{\"style\":\"secondary\",\"width\":\"default\",\"vertical_align\":\"middle\",\"title_position\":\"top-left\",\"title_rotation\":\"left\",\"title_breakpoint\":\"xl\",\"image_position\":\"center-center\",\"preserve_color\":false},\"children\":[{\"type\":\"row\",\"children\":[{\"type\":\"column\",\"props\":{\"image_position\":\"center-center\",\"media_overlay_gradient\":\"\",\"width_medium\":\"1-1\",\"position_sticky_breakpoint\":\"m\"},\"children\":[{\"type\":\"text\",\"props\":{\"margin\":\"default\",\"column_breakpoint\":\"m\",\"text_color\":\"warning\",\"maxwidth\":\"2xlarge\",\"block_align\":\"center\",\"content\":\"\n\n<p style=\\\"text-align: center;\\\">\\u201eProfileXT nov\\u0113rt\\u0113juma instruments mums pal\\u012bdz darb\\u0101 pie\\u0146em\\u0161anas procesos un, \\u012bpa\\u0161i, dod tie\\u0161ajam vad\\u012bt\\u0101jam pamat\\u012bgu p\\u0101rskatu un ieteikumus par konkr\\u0113to kandid\\u0101tu. Atskaites ir bag\\u0101tas ar inform\\u0101ciju no vienas puses un \\u013coti lo\\u0123iskas, struktur\\u0113tas un vienk\\u0101r\\u0161i saprotamas. Liels paldies par nebeidzamo pozitivit\\u0101ti , \\u0101tro un efekt\\u012bvo sadarb\\u012bbu!\\u201c<\\\/p>\\n\n\n<p style=\\\"text-align: center;\\\"><strong>\\u2013 Karoline Sibul, HR biznesa partnere \\u2013 Olympic Entertainment Group<\\\/strong><\\\/p>\"}}]}]}]},{\"type\":\"section\",\"props\":{\"style\":\"default\",\"width\":\"default\",\"vertical_align\":\"middle\",\"title_position\":\"top-left\",\"title_rotation\":\"left\",\"title_breakpoint\":\"xl\",\"image_position\":\"center-center\",\"image\":\"wp-content\\\/uploads\\\/2021\\\/07\\\/AdobeStock_141427699.jpeg\",\"media_overlay\":\"rgba(37, 150, 190, 0.78)\",\"image_size\":\"cover\"},\"children\":[{\"type\":\"row\",\"children\":[{\"type\":\"column\",\"props\":{\"image_position\":\"center-center\",\"media_overlay_gradient\":\"\",\"width_medium\":\"1-1\",\"position_sticky_breakpoint\":\"m\"},\"children\":[{\"type\":\"text\",\"props\":{\"margin\":\"default\",\"column_breakpoint\":\"m\",\"text_style\":\"lead\",\"text_color\":\"emphasis\",\"text_align\":\"center\",\"content\":\"\n\n<p>Iepl\\u0101no zvanu, lai p\\u0101rrun\\u0101tu savas organiz\\u0101zijas vajadz\\u012bbas<\\\/p>\"}},{\"type\":\"html\",\"props\":{\"content\":\"[super_form i18n=\\\"lv\\\" id=\\\"19502\\\"]\\n<a href=\\\"#super-popup-19502\\\" class=\\\"el-content uk-button uk-button-secondary uk-button-large\\\">AIZIET, IEPL\\u0100NOJAM BEZMAKSAS KONSULT\\u0100CIJU<\\\/a>\",\"css\":\".el-element {\\n    text-align: center;\\n}\"},\"name\":\"popup-button-free-consult\"}]}]}],\"name\":\"Lehek\\u00fclgede p\\u00e4ised UUS\"}],\"version\":\"3.0.7\"} --><\/p>\n","protected":false},"excerpt":{"rendered":"<p>ProfileXT\u00ae ProfileXT cilv\u0113kam pal\u012bdz veikt l\u0113mumus par cilv\u0113ku pie\u0146em\u0161anu darb\u0101 vienk\u0101r\u0161\u0101k un produkt\u012bv\u0101k ProfileXT\u00ae ir nov\u0113rt\u0113jumu instruments, ko izmanto miljoniem lietot\u0101ju vair\u0101k k\u0101 120 valst\u012bs, tas pal\u012bdz izv\u0113l\u0113ties kandid\u0101tus un piemekl\u0113t darbu, kas vi\u0146iem b\u016btu viss piem\u0113rot\u0101kais, balstoties uz vi\u0146u pamat-uzved\u012bb\u0101m. Internacion\u0101li nov\u0113rt\u0113ts k\u0101 lab\u0101kais profilu noteic\u0113js, kas pal\u012bdz noteikti vai lab\u0101kie pretendenti uz amatu [&hellip;]<\/p>\n","protected":false},"author":2,"featured_media":0,"parent":0,"menu_order":0,"comment_status":"closed","ping_status":"closed","template":"","meta":{"footnotes":""},"class_list":["post-18097","page","type-page","status-publish","hentry"],"_links":{"self":[{"href":"https:\/\/ipbpartners.eu\/lv\/wp-json\/wp\/v2\/pages\/18097","targetHints":{"allow":["GET"]}}],"collection":[{"href":"https:\/\/ipbpartners.eu\/lv\/wp-json\/wp\/v2\/pages"}],"about":[{"href":"https:\/\/ipbpartners.eu\/lv\/wp-json\/wp\/v2\/types\/page"}],"author":[{"embeddable":true,"href":"https:\/\/ipbpartners.eu\/lv\/wp-json\/wp\/v2\/users\/2"}],"replies":[{"embeddable":true,"href":"https:\/\/ipbpartners.eu\/lv\/wp-json\/wp\/v2\/comments?post=18097"}],"version-history":[{"count":0,"href":"https:\/\/ipbpartners.eu\/lv\/wp-json\/wp\/v2\/pages\/18097\/revisions"}],"wp:attachment":[{"href":"https:\/\/ipbpartners.eu\/lv\/wp-json\/wp\/v2\/media?parent=18097"}],"curies":[{"name":"wp","href":"https:\/\/api.w.org\/{rel}","templated":true}]}}