{"id":18100,"date":"2021-10-26T11:46:20","date_gmt":"2021-10-26T11:46:20","guid":{"rendered":"https:\/\/ipbpartners.eu\/?page_id=18100"},"modified":"2026-04-19T02:00:24","modified_gmt":"2026-04-19T02:00:24","slug":"disc-classic","status":"publish","type":"page","link":"https:\/\/ipbpartners.eu\/lv\/disc-classic\/","title":{"rendered":"DiSC Classic"},"content":{"rendered":"<h1>DiSC CLASSIC\u00ae<\/h1>\n<h3><span>Ori\u0123in\u0101lais bestsellers, 23 lappuses ar individu\u0101lu respondenta rezult\u0101tu<\/span><\/h3>\n<div>\n<p>DiSC Classic\u00ae produkti ir popul\u0101ri un uzticami att\u012bst\u012bbas instrumenti, kas pal\u012bdz jums saprast:<\/p>\n<ul>\n<li>savu un citu uzved\u012bbu<\/li>\n<li>kas cilv\u0113kus motiv\u0113<\/li>\n<li>k\u0101 lab\u0101k vad\u012bt cilv\u0113kus<\/li>\n<li>k\u0101 lab\u0101k padar\u012bt savu darbu<\/li>\n<\/ul>\n<p><span>DiSC Classic profilus, kuru uzticamib\u012bbu 30 gadu laik\u0101, pier\u0101d\u012bju\u0161i vair\u0101k k\u0101 40 miljoni lietot\u0101ju vis\u0101 pasaul\u0113, gan apm\u0101c\u012bb\u0101s, gan kou\u010dinga nol\u016bkiem izmanto desmitiem organiz\u0101ciju. <\/span>DiSC Classic var pal\u012bdz\u0113t uzlabot komunik\u0101ciju un sadarb\u012bbu, un att\u012bst\u012bt efekt\u012bvus vad\u012bt\u0101jus un komandas.<\/p>\n<\/div>\n<p>\n    <a href=\"\/wp-content\/uploads\/2021\/11\/DiSC-Classic-2-Latvian.pdf\">P\u0101rbaud\u012bt parauga profilu<\/a>\n<\/p>\n<div>\n<p>        <img decoding=\"async\" data-src=\"\/wp-content\/uploads\/2021\/07\/photo-1432821579285-1b649e5b1ce3-e1627030436323.jpeg\" alt=\"\" title=\"\" src=\"data:image\/svg+xml;base64,PHN2ZyB3aWR0aD0iMSIgaGVpZ2h0PSIxIiB4bWxucz0iaHR0cDovL3d3dy53My5vcmcvMjAwMC9zdmciPjwvc3ZnPg==\" class=\"lazyload\" style=\"--smush-placeholder-width: 1629px; --smush-placeholder-aspect-ratio: 1629\/1629;\"><\/p>\n<div>\n<p><em>\u201eEs esmu izmantojis, \u013coti praktiskos DiSC instrumentos savos treni\u0146os, jau vair\u0101k k\u0101 15 gadus. Klienti saka, ka ir \u013coti v\u0113rt\u012bgi lab\u0101k saprast, ko att\u012bst\u012bt un, kur lab\u0101k fokus\u0113ties. Vi\u0146u pieredz\u0113 DiSC pal\u012bz\u0113jis uzlabot vi\u0146u uzved\u012bbu, un nov\u0113rot sevi konfliktsitu\u0101cij\u0101s. Klienti vienm\u0113r nov\u0113ro, ka vi\u0146i paliek emocion\u0101li kompetent\u0101ki un saproto\u0161\u0101ki, k\u0101 jebkad.\u201c<\/em><\/p>\n<p><strong>&#8211; LINA MIELIAUSKIEN\u0116, TRENERIS<br \/><\/strong><\/p>\n<\/div>\n<\/div>\n<h3>DiSC Classic komandas atskaite<\/h3>\n<div>\n<div class=\"wpb_text_column wpb_content_element \">\n<div class=\"wpb_wrapper\">\n<h5>Grupas kult\u016bras atskaite<\/h5>\n<p><span>Pal\u012bdz noteikt grupas DiSC kult\u016bru, atkl\u0101t t\u0101s priek\u0161roc\u012bbas un tr\u016bkumus, p\u0101rrun\u0101t t\u0101s iespaidu uz grupas dal\u012bbniekiem un nov\u0113rt\u0113t t\u0101s ietekmi uz l\u0113mumu pie\u0146em\u0161anu un risku uz\u0146em\u0161anos<\/span>.<\/p>\n<\/div>\n<\/div>\n<\/div>\n<p>\n    <a href=\"https:\/\/ipbpartners.eu\/wp-content\/uploads\/2021\/08\/DiSC-Classic-Group-Culture-Report.pdf\">APSKATI ATSKAITES PARAUGU<\/a>\n<\/p>\n<div>\n<div class=\"wpb_text_column wpb_content_element \">\n<div class=\"wpb_wrapper\">\n<h5>Komandas p\u0101rskats<\/h5>\n<p><span>Sniedz visp\u0101r\u0113ju p\u0101rskatu par respondentu grupas DiSC stiliem<\/span>.<\/p>\n<\/p>\n<\/div>\n<\/div>\n<\/div>\n<p>\n    <a href=\"\/wp-content\/uploads\/2021\/11\/DiSC-Classic-Team-View-LV.pdf\">APSKATI ATSKAITES PARAUGU<\/a>\n<\/p>\n<div>\n<p>Iepl\u0101no zvanu, lai p\u0101rrun\u0101tu k\u0101 DiSC var b\u016bt noder\u012bgs ar\u012b tavai organiz\u0101cijai<\/p>\n<\/div>\n<div>\n<p>    <div class=\"super-popup-wrapper-7382 super-popup-wrapper\" style=\"opacity:0;z-index:-2147483648;\"><div class=\"super-popup-7382 super-popup super-popup-sticky-default\" style=\"opacity:0;\"><span class=\"super-popup-close\"><span class=\"super-popup-close-icon\"><\/span><\/span><div class=\"super-popup-content\"><style type=\"text\/css\">.super-form:not(.super-initialized) *:not(.super-load-icon) { visibility: hidden !important; }<\/style><div id=\"super-form-7382\" style=\"margin:0px 0px 0px 0px;\" class=\"super-form preload-disabled super-form-7382  super-default-squared super-field-size-medium super-adaptive\" data-hide=\"true\" data-overlay=\"true\" data-field-size=\"medium\" data-i18n=\"lv\"><span class=\"super-load-icon\"><\/span><form tabindex=\"0\" autocomplete=\"on\" enctype=\"multipart\/form-data\"><input type=\"hidden\" name=\"sf_nonce\" value=\"\" \/><input type=\"text\" name=\"super_hp\" size=\"25\" value=\"\" \/><div class=\"super-shortcode super-field super-hidden\"><input class=\"super-shortcode-field\" type=\"hidden\" value=\"7382\" name=\"hidden_form_id\" \/><\/div><div class=\"super-grid super-shortcode\"><div class=\"super-shortcode super_one_half super-column grid-level-0 column-number-1 first-column \"><div class=\"super-shortcode super-field super-text   super-ungrouped  \"><div class=\"super-field-wrapper \"><input tabindex=\"-1\" class=\"super-shortcode-field\" type=\"email\" name=\"email\" data-oname=\"email\" data-validation=\"email\" data-email=\"Email address:\" data-exclude=\"0\" data-absolute-default=\"\" data-default-value=\"\" \/><span class=\"super-adaptive-placeholder\" data-placeholder=\"E-pasts\" data-placeholderFilled=\"E-pasts\"><span>E-pasts<\/span><\/span><\/div><div class=\"super-error-msg\">Field is required!<\/div><div class=\"super-empty-error-msg\">Field is required!<\/div><\/div><\/div><div class=\"super-shortcode super_one_half super-column grid-level-0 column-number-2  \"><div class=\"super-shortcode super-field super-text   super-ungrouped  \"><div class=\"super-field-wrapper \"><input tabindex=\"-1\" class=\"super-shortcode-field\" type=\"tel\" name=\"phonenumber\" data-oname=\"phonenumber\" data-validation=\"empty\" data-email=\"Phonenumber:\" data-exclude=\"0\" data-absolute-default=\"\" data-default-value=\"\" \/><span class=\"super-adaptive-placeholder\" data-placeholder=\"Telefona numurs\" data-placeholderFilled=\"Telefona numurs\"><span>Telefona numurs<\/span><\/span><\/div><div class=\"super-error-msg\">Field is required!<\/div><div class=\"super-empty-error-msg\">Field is required!<\/div><\/div><\/div><\/div><div data-color=\"#b49361\" data-light=\"#c8a775\" data-dark=\"#967543\" data-hover-color=\"#444444\" data-hover-light=\"#585858\" data-hover-dark=\"#262626\" data-font=\"#ffffff\" data-font-hover=\"#ffffff\" data-radius=\"square\" data-type=\"flat\" class=\"super-extra-shortcode super-shortcode super-field super-button super-clear-none super-form-button super-radius-square super-type-flat super-button-medium super-button-align-center super-button-width-fullwidth\"><div data-href=\"\" class=\"super-button-wrap no_link\"><div class=\"super-button-name\" data-action=\"submit\" data-normal=\"S\u016bt\u012bt\" data-loading=\"Notiek iel\u0101de...\">S\u016bt\u012bt<\/div><span class=\"super-after\"><\/span><\/div><\/div><\/form><\/div><\/div><textarea name=\"super-popup-settings\">{\"enabled\":\"true\",\"logged_in\":\"true\",\"not_logged_in\":\"true\",\"page_load\":\"\",\"exit_intent\":\"\",\"leave\":\"\",\"leave_msg\":\"Wait stay with us! Please take the time to fill out our form!?\",\"enable_scrolling\":\"\",\"scrolled\":\"0\",\"enable_seconds\":\"\",\"seconds\":\"0\",\"enable_inactivity\":\"\",\"inactivity\":\"0\",\"enable_schedule\":\"\",\"from\":\"2020-09-17\",\"till\":\"2020-09-17\",\"disable_closing\":\"\",\"close_btn\":\"true\",\"close_btn_icon_color\":\"#fff\",\"close_btn_bg_color\":\"#b49361\",\"close_btn_label\":\"\",\"close_btn_label_color\":\"#b49361\",\"close_btn_label_bg_color\":\"#b49361\",\"close_btn_label_padding\":\"\",\"close_btn_icon_size\":\"14\",\"close_btn_border\":\"0\",\"close_btn_border_color\":\"\",\"close_btn_top\":\"0\",\"close_btn_right\":\"0\",\"close_btn_padding\":\"\",\"close_btn_radius\":\"0\",\"enable_padding\":\"\",\"padding\":\"\",\"expire_trigger\":\"\",\"expire\":\"1\",\"width\":\"700\",\"background_color\":\"#ffffff\",\"overlay_color\":\"#000000\",\"overlay_opacity\":\"0.5\",\"background_image\":\"\",\"background_image_repeat\":\"no-repeat\",\"background_image_size\":\"cover\",\"slide\":\"none\",\"slide_duration\":\"300\",\"fade_duration\":\"300\",\"fade_out_duration\":\"300\",\"sticky\":\"default\",\"enable_borders\":\"\",\"border_size\":\"0\",\"border_color\":\"#00bc65\",\"border_radius_top_left\":\"10\",\"border_radius_top_right\":\"10\",\"border_radius_bottom_left\":\"10\",\"border_radius_bottom_right\":\"10\",\"enable_shadows\":\"\",\"shadow_horizontal_length\":\"5\",\"shadow_vertical_length\":\"5\",\"blur_radius\":\"15\",\"spread_radius\":\"3\",\"shadow_color\":\"#000000\",\"shadow_opacity\":\"0.7\"}<\/textarea><\/div><\/div><br \/>\n<a href=\"#super-popup-7382\" class=\"el-content uk-button uk-button-secondary uk-button-large\">AIZIET, IEPL\u0100NOJAM BEZMAKSAS KONSULT\u0100CIJU<\/a>\n<\/div>\n<p><!--more--><br \/>\n<!-- {\"name\":\"Classic\",\"type\":\"layout\",\"children\":[{\"type\":\"section\",\"props\":{\"style\":\"default\",\"width\":\"default\",\"vertical_align\":\"middle\",\"title_position\":\"top-left\",\"title_rotation\":\"left\",\"title_breakpoint\":\"xl\",\"image_position\":\"center-center\",\"height\":\"expand\",\"padding\":\"large\",\"header_transparent\":\"light\",\"image\":\"wp-content\\\/uploads\\\/2021\\\/07\\\/choice-2-ko\\u0303hn.jpg\",\"image_size\":\"cover\",\"media_overlay\":\"rgba(37, 150, 190, 0.78)\",\"padding_remove_horizontal\":false},\"children\":[{\"type\":\"row\",\"children\":[{\"type\":\"column\",\"props\":{\"image_position\":\"center-center\",\"media_overlay_gradient\":\"\",\"width_medium\":\"1-1\",\"position_sticky_breakpoint\":\"m\"},\"children\":[{\"type\":\"headline\",\"props\":{\"title_element\":\"h1\",\"title_color\":\"emphasis\",\"text_align\":\"center\",\"content\":\"DiSC CLASSIC\\u00ae\",\"margin_remove_bottom\":true}},{\"type\":\"headline\",\"props\":{\"title_element\":\"h3\",\"title_color\":\"emphasis\",\"text_align\":\"center\",\"content\":\"<span>Ori\\u0123in\\u0101lais bestsellers, 23 lappuses ar individu\\u0101lu respondenta rezult\\u0101tu<\\\/span>\",\"margin_remove_top\":true}}]}]}],\"name\":\"Lehek\\u00fclgede p\\u00e4ised UUS\"},{\"type\":\"section\",\"props\":{\"style\":\"default\",\"width\":\"default\",\"vertical_align\":\"middle\",\"title_position\":\"top-left\",\"title_rotation\":\"left\",\"title_breakpoint\":\"xl\",\"image_position\":\"center-center\"},\"children\":[{\"type\":\"row\",\"props\":{\"layout\":\"2-3,1-3\"},\"children\":[{\"type\":\"column\",\"props\":{\"image_position\":\"center-center\",\"media_overlay_gradient\":\"\",\"width_medium\":\"2-3\",\"position_sticky_breakpoint\":\"m\"},\"children\":[{\"type\":\"text\",\"props\":{\"margin\":\"default\",\"column_breakpoint\":\"m\",\"content\":\"\n\n<p>DiSC Classic\\u00ae produkti ir popul\\u0101ri un uzticami att\\u012bst\\u012bbas instrumenti, kas pal\\u012bdz jums saprast:<\\\/p>\\n\n\n<ul>\\n\n\n<li>savu un citu uzved\\u012bbu<\\\/li>\\n\n\n<li>kas cilv\\u0113kus motiv\\u0113<\\\/li>\\n\n\n<li>k\\u0101 lab\\u0101k vad\\u012bt cilv\\u0113kus<\\\/li>\\n\n\n<li>k\\u0101 lab\\u0101k padar\\u012bt savu darbu<\\\/li>\\n<\\\/ul>\\n\n\n<p><span>DiSC Classic profilus, kuru uzticamib\\u012bbu 30 gadu laik\\u0101, pier\\u0101d\\u012bju\\u0161i vair\\u0101k k\\u0101 40 miljoni lietot\\u0101ju vis\\u0101 pasaul\\u0113, gan apm\\u0101c\\u012bb\\u0101s, gan kou\\u010dinga nol\\u016bkiem izmanto desmitiem organiz\\u0101ciju. <\\\/span>DiSC Classic var pal\\u012bdz\\u0113t uzlabot komunik\\u0101ciju un sadarb\\u012bbu, un att\\u012bst\\u012bt efekt\\u012bvus vad\\u012bt\\u0101jus un komandas.<\\\/p>\"}},{\"type\":\"button\",\"props\":{\"grid_column_gap\":\"small\",\"grid_row_gap\":\"small\",\"margin\":\"default\",\"text_align\":\"left\",\"margin_remove_top\":true},\"children\":[{\"type\":\"button_item\",\"props\":{\"button_style\":\"secondary\",\"icon_align\":\"left\",\"link_target\":\"blank\",\"content\":\"P\\u0101rbaud\\u012bt parauga profilu\",\"link\":\"wp-content\\\/uploads\\\/2021\\\/11\\\/DiSC-Classic-2-Latvian.pdf\"}}],\"name\":\"Button\"}]},{\"type\":\"column\",\"props\":{\"image_position\":\"center-center\",\"media_overlay_gradient\":\"\",\"text_color\":\"light\",\"image\":\"\",\"image_size\":\"contain\",\"width_medium\":\"1-3\",\"position_sticky_breakpoint\":\"m\"},\"children\":[{\"type\":\"overlay\",\"props\":{\"link_text\":\"Read more\",\"overlay_mode\":\"cover\",\"overlay_hover\":false,\"overlay_style\":\"\",\"text_color\":\"light\",\"overlay_position\":\"center\",\"overlay_transition\":\"fade\",\"title_hover_style\":\"reset\",\"title_element\":\"h3\",\"meta_style\":\"text-meta\",\"meta_align\":\"below-title\",\"link_style\":\"default\",\"text_align\":\"center\",\"margin\":\"default\",\"maxwidth\":\"large\",\"block_align\":\"center\",\"image\":\"wp-content\\\/uploads\\\/2021\\\/07\\\/photo-1432821579285-1b649e5b1ce3-e1627030436323.jpeg\",\"content\":\"\n\n<p><em>\\u201eEs esmu izmantojis, \\u013coti praktiskos DiSC instrumentos savos treni\\u0146os, jau vair\\u0101k k\\u0101 15 gadus. Klienti saka, ka ir \\u013coti v\\u0113rt\\u012bgi lab\\u0101k saprast, ko att\\u012bst\\u012bt un, kur lab\\u0101k fokus\\u0113ties. Vi\\u0146u pieredz\\u0113 DiSC pal\\u012bz\\u0113jis uzlabot vi\\u0146u uzved\\u012bbu, un nov\\u0113rot sevi konfliktsitu\\u0101cij\\u0101s. Klienti vienm\\u0113r nov\\u0113ro, ka vi\\u0146i paliek emocion\\u0101li kompetent\\u0101ki un saproto\\u0161\\u0101ki, k\\u0101 jebkad.\\u201c<\\\/em><\\\/p>\\n\n\n<p><strong>- LINA MIELIAUSKIEN\\u0116, TRENERIS<br \\\/><\\\/strong><\\\/p>\",\"meta_element\":\"div\",\"image_transition\":\"scale-up\"}}]}]},{\"type\":\"row\",\"children\":[{\"type\":\"column\",\"props\":{\"image_position\":\"center-center\",\"media_overlay_gradient\":\"\",\"position_sticky_breakpoint\":\"m\"},\"children\":[{\"type\":\"headline\",\"props\":{\"title_element\":\"h3\",\"content\":\"DiSC Classic komandas atskaite\"}}]}]},{\"type\":\"row\",\"props\":{\"layout\":\"1-2,1-2\"},\"children\":[{\"type\":\"column\",\"props\":{\"image_position\":\"center-center\",\"media_overlay_gradient\":\"\",\"width_medium\":\"1-2\",\"position_sticky_breakpoint\":\"m\"},\"children\":[{\"type\":\"text\",\"props\":{\"margin\":\"default\",\"column_breakpoint\":\"m\",\"content\":\"\n\n<div class=\\\"wpb_text_column wpb_content_element \\\">\\n\n\n<div class=\\\"wpb_wrapper\\\">\\n\n\n<h5>Grupas kult\\u016bras atskaite<\\\/h5>\\n\n\n<p><span>Pal\\u012bdz noteikt grupas DiSC kult\\u016bru, atkl\\u0101t t\\u0101s priek\\u0161roc\\u012bbas un tr\\u016bkumus, p\\u0101rrun\\u0101t t\\u0101s iespaidu uz grupas dal\\u012bbniekiem un nov\\u0113rt\\u0113t t\\u0101s ietekmi uz l\\u0113mumu pie\\u0146em\\u0161anu un risku uz\\u0146em\\u0161anos<\\\/span>.<\\\/p>\\n<\\\/div>\\n<\\\/div>\"}},{\"type\":\"button\",\"props\":{\"grid_column_gap\":\"small\",\"grid_row_gap\":\"small\",\"margin\":\"default\",\"text_align\":\"left\",\"margin_remove_top\":true},\"children\":[{\"type\":\"button_item\",\"props\":{\"button_style\":\"secondary\",\"icon_align\":\"left\",\"link_target\":\"blank\",\"content\":\"APSKATI ATSKAITES PARAUGU\",\"link\":\"https:\\\/\\\/ipbpartners.eu\\\/wp-content\\\/uploads\\\/2021\\\/08\\\/DiSC-Classic-Group-Culture-Report.pdf\"}}],\"name\":\"Button\"}]},{\"type\":\"column\",\"props\":{\"image_position\":\"center-center\",\"media_overlay_gradient\":\"\",\"width_medium\":\"1-2\",\"position_sticky_breakpoint\":\"m\"},\"children\":[{\"type\":\"text\",\"props\":{\"margin\":\"default\",\"column_breakpoint\":\"m\",\"content\":\"\n\n<div class=\\\"wpb_text_column wpb_content_element \\\">\\n\n\n<div class=\\\"wpb_wrapper\\\">\\n\n\n<h5>Komandas p\\u0101rskats<\\\/h5>\\n\n\n<p><span>Sniedz visp\\u0101r\\u0113ju p\\u0101rskatu par respondentu grupas DiSC stiliem<\\\/span>.<\\\/p>\\n\n\n<p><\\\/p>\\n<\\\/div>\\n<\\\/div>\\n\n\n<p><\\\/p>\"}},{\"type\":\"button\",\"props\":{\"grid_column_gap\":\"small\",\"grid_row_gap\":\"small\",\"margin\":\"default\",\"text_align\":\"left\",\"margin_remove_top\":true},\"children\":[{\"type\":\"button_item\",\"props\":{\"button_style\":\"secondary\",\"icon_align\":\"left\",\"link_target\":\"blank\",\"content\":\"APSKATI ATSKAITES PARAUGU\",\"link\":\"wp-content\\\/uploads\\\/2021\\\/11\\\/DiSC-Classic-Team-View-LV.pdf\"}}],\"name\":\"Button\"}]}]}]},{\"type\":\"section\",\"props\":{\"style\":\"default\",\"width\":\"default\",\"vertical_align\":\"middle\",\"title_position\":\"top-left\",\"title_rotation\":\"left\",\"title_breakpoint\":\"xl\",\"image_position\":\"center-center\",\"image\":\"wp-content\\\/uploads\\\/2021\\\/07\\\/AdobeStock_141427699.jpeg\",\"media_overlay\":\"rgba(37, 150, 190, 0.78)\",\"image_size\":\"cover\"},\"children\":[{\"type\":\"row\",\"children\":[{\"type\":\"column\",\"props\":{\"image_position\":\"center-center\",\"media_overlay_gradient\":\"\",\"width_medium\":\"1-1\",\"position_sticky_breakpoint\":\"m\"},\"children\":[{\"type\":\"text\",\"props\":{\"margin\":\"default\",\"column_breakpoint\":\"m\",\"text_color\":\"emphasis\",\"text_align\":\"center\",\"content\":\"\n\n<p>Iepl\\u0101no zvanu, lai p\\u0101rrun\\u0101tu k\\u0101 DiSC var b\\u016bt noder\\u012bgs ar\\u012b tavai organiz\\u0101cijai<\\\/p>\"}},{\"type\":\"html\",\"props\":{\"content\":\"[super_form i18n=\\\"lv\\\" id=\\\"7382\\\"]\\n<a href=\\\"#super-popup-7382\\\" class=\\\"el-content uk-button uk-button-secondary uk-button-large\\\">AIZIET, IEPL\\u0100NOJAM BEZMAKSAS KONSULT\\u0100CIJU<\\\/a>\",\"css\":\".el-element {\\n    text-align: center;\\n}\"},\"name\":\"popup-button-free-consult\"}]}]}]}],\"version\":\"3.0.7\"} --><\/p>\n","protected":false},"excerpt":{"rendered":"<p>DiSC CLASSIC\u00ae Ori\u0123in\u0101lais bestsellers, 23 lappuses ar individu\u0101lu respondenta rezult\u0101tu DiSC Classic\u00ae produkti ir popul\u0101ri un uzticami att\u012bst\u012bbas instrumenti, kas pal\u012bdz jums saprast: savu un citu uzved\u012bbu kas cilv\u0113kus motiv\u0113 k\u0101 lab\u0101k vad\u012bt cilv\u0113kus k\u0101 lab\u0101k padar\u012bt savu darbu DiSC Classic profilus, kuru uzticamib\u012bbu 30 gadu laik\u0101, pier\u0101d\u012bju\u0161i vair\u0101k k\u0101 40 miljoni lietot\u0101ju vis\u0101 pasaul\u0113, [&hellip;]<\/p>\n","protected":false},"author":2,"featured_media":0,"parent":0,"menu_order":0,"comment_status":"closed","ping_status":"closed","template":"","meta":{"footnotes":""},"class_list":["post-18100","page","type-page","status-publish","hentry"],"_links":{"self":[{"href":"https:\/\/ipbpartners.eu\/lv\/wp-json\/wp\/v2\/pages\/18100","targetHints":{"allow":["GET"]}}],"collection":[{"href":"https:\/\/ipbpartners.eu\/lv\/wp-json\/wp\/v2\/pages"}],"about":[{"href":"https:\/\/ipbpartners.eu\/lv\/wp-json\/wp\/v2\/types\/page"}],"author":[{"embeddable":true,"href":"https:\/\/ipbpartners.eu\/lv\/wp-json\/wp\/v2\/users\/2"}],"replies":[{"embeddable":true,"href":"https:\/\/ipbpartners.eu\/lv\/wp-json\/wp\/v2\/comments?post=18100"}],"version-history":[{"count":0,"href":"https:\/\/ipbpartners.eu\/lv\/wp-json\/wp\/v2\/pages\/18100\/revisions"}],"wp:attachment":[{"href":"https:\/\/ipbpartners.eu\/lv\/wp-json\/wp\/v2\/media?parent=18100"}],"curies":[{"name":"wp","href":"https:\/\/api.w.org\/{rel}","templated":true}]}}