{"id":18152,"date":"2021-10-26T10:14:02","date_gmt":"2021-10-26T10:14:02","guid":{"rendered":"https:\/\/ipbpartners.eu\/?page_id=18152"},"modified":"2023-05-09T13:02:30","modified_gmt":"2023-05-09T13:02:30","slug":"everything-disc-work-of-leaders","status":"publish","type":"page","link":"https:\/\/ipbpartners.eu\/lv\/everything-disc-work-of-leaders\/","title":{"rendered":"Everything DiSC Work of Leaders"},"content":{"rendered":"<h1>EVERYTHING DiSC WORK OF LEADERS\u00ae<\/h1>\n<h3>Virziet savu organiz\u0101ciju uz t\u0101s m\u0113r\u0137iem<\/h3>\n<div>\n<p>Everything DiSC Work of Leaders\u00ae pal\u012bdz jums lab\u0101k saprast savu vad\u012bbas stilu un att\u012bst\u012bt prasmes k\u0101 efekt\u012bvam, iedvesmojo\u0161am un t\u0101lredz\u012bgam l\u012bderim.<\/p>\n<\/div>\n<p><img decoding=\"async\" src=\"\/wp-content\/uploads\/2021\/08\/Everything-DiSC-WOL-Logo.png\" alt=\"\" title=\"\"><\/p>\n<div>\n<h3>Kas tas ir?<\/h3>\n<p>Pamatojoties uz lab\u0101ko praksi, tas apvieno unik\u0101lus vad\u012bbas stilus ar re\u0101l\u0101s pasaules pras\u012bb\u0101m, mudinot veikt svar\u012bgas sarunas, kur\u0101s tiek noskaidrots darb\u012bbas virziens \u2013 v\u012bzija, saska\u0146o\u0161ana un realiz\u0113\u0161ana.<\/p>\n<h3>Kas to izmanto?<\/h3>\n<p>Paredz\u0113ts l\u012bderiem visos l\u012bme\u0146os.<\/p>\n<h3>K\u0101p\u0113c izmantot to?<\/h3>\n<ul>\n<li>Atkl\u0101jiet savu DiSC vad\u012bbas stilu<\/li>\n<li>Saprotiet, k\u0101 vad\u012bbu nosaka v\u012bzija, saska\u0146o\u0161ana un realiz\u0113\u0161ana, un noskaidrojiet, k\u0101 j\u016bsu uzved\u012bba atbilst \u0161iem posmiem<\/li>\n<li>Nosakiet vad\u012bbas stipr\u0101s puses un uzlabojiet jomas, kur\u0101s v\u0113rojamas probl\u0113mas<\/li>\n<\/ul>\n<\/div>\n<p>\n    <a href=\"https:\/\/ipbpartners.eu\/wp-content\/uploads\/2021\/08\/Everything-DiSC-Work-of-Leaders.pdf\">P\u0101rbaud\u012bt parauga profilu<\/a>\n<\/p>\n<p><img decoding=\"async\" src=\"\/wp-content\/uploads\/2021\/08\/work-of-leaders-vision-alignment-execution.jpg\" alt=\"\" title=\"\"><\/p>\n<h3>Everything DiSC <span>Papildu zi\u0146ojumi<\/span><\/h3>\n<div>\n<div class=\"wpb_text_column wpb_content_element \">\n<div class=\"wpb_wrapper\">\n<h5 class=\"title\">Grupas kult\u016bras atskaite<\/h5>\n<p>Pal\u012bdz noteikt grupas DiSC kult\u016bru, atkl\u0101t t\u0101s priek\u0161roc\u012bbas un tr\u016bkumus, p\u0101rrun\u0101t t\u0101s iespaidu uz grupas dal\u012bbniekiem un nov\u0113rt\u0113t t\u0101s ietekmi uz l\u0113mumu pie\u0146em\u0161anu un risku uz\u0146em\u0161anos.<\/p>\n<\/div>\n<\/div>\n<\/div>\n<p>\n    <a href=\"\/wp-content\/uploads\/2021\/08\/Everything-DiSC-Group-Culture-Report.pdf\">Parauga profilu<\/a>\n<\/p>\n<div>\n<div class=\"wpb_text_column wpb_content_element \">\n<div class=\"wpb_wrapper\">\n<h5>Trenera zi\u0146ojums<\/h5>\n<p>Saprotiet savu komandu kult\u016bras dinamiku. At\u0161\u0137ir\u012bb\u0101 no Grupas kult\u016bras atskaite \u0161aj\u0101 zi\u0146ojum\u0101 ietverti dal\u012bbnieku v\u0101rdi un tas, k\u0101ds bija vi\u0146u Everything DiSC nov\u0113rt\u0113jums.<\/p>\n<\/div>\n<\/div>\n<\/div>\n<p>\n    <a href=\"\/wp-content\/uploads\/2021\/08\/Everything-DiSC-Facilitator-Report.pdf\">Parauga profilu<\/a>\n<\/p>\n<div>\n<div class=\"wpb_text_column wpb_content_element \">\n<div class=\"wpb_wrapper\">\n<h5>Komandas p\u0101rskats<\/h5>\n<p>Sniedz visp\u0101r\u0113ju p\u0101rskatu par respondentu grupas DiSC stiliem.<\/p>\n<\/div>\n<\/div>\n<\/div>\n<p>\n    <a href=\"\/wp-content\/uploads\/2021\/08\/Everything-DiSC-Team-View.pdf\">Parauga profilu<\/a>\n<\/p>\n<div>\n<div class=\"wpb_text_column wpb_content_element \">\n<div class=\"wpb_wrapper\">\n<h5>Papildu zi\u0146ojums<\/h5>\n<p>Dzi\u013c\u0101ka nov\u0113rt\u0113juma rezult\u0101tu anal\u012bze.<\/p>\n<\/div>\n<\/div>\n<\/div>\n<p>\n    <a href=\"\/wp-content\/uploads\/2021\/08\/Everything-DiSC-Supplement-for-Facilitators.pdf\">Parauga profilu<\/a>\n<\/p>\n<div>\n<div class=\"wpb_text_column wpb_content_element \">\n<div class=\"wpb_wrapper\">\n<h5>Sal\u012bdzino\u0161\u0101s atskaites<\/h5>\n<p>Sal\u012bdziniet jebkurus divus respondentus un uzlabojiet to darba attiec\u012bbas.<\/p>\n<\/div>\n<\/div>\n<div class=\"wpb_text_column wpb_content_element \">\n<div class=\"wpb_wrapper\"><\/div>\n<\/div>\n<\/div>\n<p>\n    <a href=\"\/wp-content\/uploads\/2021\/08\/Everything-DiSC-Comparison-Report.pdf\">Parauga profilu<\/a>\n<\/p>\n<div>\n<div class=\"wpb_text_column wpb_content_element \">\n<div class=\"wpb_wrapper\">\n<h5>MyEverythingDiSC<\/h5>\n<p>Apm\u0101c\u012bbu platforma, kur\u0101 pla\u0161\u0101k izp\u0113t\u012bt j\u016bsu stilu, klaus\u012bties ierakstus or podk\u0101stus par DiSC, izveidot sal\u012bdzino\u0161\u0101s atskaites un klientu mijiedarb\u012bbas kartes.<\/p>\n<\/div>\n<\/div>\n<\/div>\n<p>\n    <a href=\"https:\/\/myeverythingdisc.com\" target=\"_blank\" rel=\"noopener\">PIEK\u013b\u016aT PLATFORMAI<\/a>\n<\/p>\n<div>\n<p>Iepl\u0101no zvanu, lai p\u0101rrun\u0101tu k\u0101 DiSC var b\u016bt noder\u012bgs ar\u012b tavai organiz\u0101cijai<\/p>\n<\/div>\n<div>\n<p>    <div class=\"super-popup-wrapper-7382 super-popup-wrapper\" style=\"opacity:0;z-index:-2147483648;\"><div class=\"super-popup-7382 super-popup super-popup-sticky-default\" style=\"opacity:0;\"><span class=\"super-popup-close\"><span class=\"super-popup-close-icon\"><\/span><\/span><div class=\"super-popup-content\"><style type=\"text\/css\">.super-form:not(.super-initialized) *:not(.super-load-icon) { visibility: hidden !important; }<\/style><div id=\"super-form-7382\" style=\"margin:0px 0px 0px 0px;\" class=\"super-form preload-disabled super-form-7382  super-default-squared super-field-size-medium super-adaptive\" data-hide=\"true\" data-overlay=\"true\" data-field-size=\"medium\" data-i18n=\"lv\"><span class=\"super-load-icon\"><\/span><form tabindex=\"0\" autocomplete=\"on\" enctype=\"multipart\/form-data\"><input type=\"hidden\" name=\"sf_nonce\" value=\"\" \/><input type=\"text\" name=\"super_hp\" size=\"25\" value=\"\" \/><div class=\"super-shortcode super-field super-hidden\"><input class=\"super-shortcode-field\" type=\"hidden\" value=\"7382\" name=\"hidden_form_id\" \/><\/div><div class=\"super-grid super-shortcode\"><div class=\"super-shortcode super_one_half super-column grid-level-0 column-number-1 first-column \"><div class=\"super-shortcode super-field super-text   super-ungrouped  \"><div class=\"super-field-wrapper \"><input tabindex=\"-1\" class=\"super-shortcode-field\" type=\"email\" name=\"email\" data-oname=\"email\" data-validation=\"email\" data-email=\"Email address:\" data-exclude=\"0\" data-absolute-default=\"\" data-default-value=\"\" \/><span class=\"super-adaptive-placeholder\" data-placeholder=\"E-pasts\" data-placeholderFilled=\"E-pasts\"><span>E-pasts<\/span><\/span><\/div><div class=\"super-error-msg\">Field is required!<\/div><div class=\"super-empty-error-msg\">Field is required!<\/div><\/div><\/div><div class=\"super-shortcode super_one_half super-column grid-level-0 column-number-2  \"><div class=\"super-shortcode super-field super-text   super-ungrouped  \"><div class=\"super-field-wrapper \"><input tabindex=\"-1\" class=\"super-shortcode-field\" type=\"tel\" name=\"phonenumber\" data-oname=\"phonenumber\" data-validation=\"empty\" data-email=\"Phonenumber:\" data-exclude=\"0\" data-absolute-default=\"\" data-default-value=\"\" \/><span class=\"super-adaptive-placeholder\" data-placeholder=\"Telefona numurs\" data-placeholderFilled=\"Telefona numurs\"><span>Telefona numurs<\/span><\/span><\/div><div class=\"super-error-msg\">Field is required!<\/div><div class=\"super-empty-error-msg\">Field is required!<\/div><\/div><\/div><\/div><div data-color=\"#b49361\" data-light=\"#c8a775\" data-dark=\"#967543\" data-hover-color=\"#444444\" data-hover-light=\"#585858\" data-hover-dark=\"#262626\" data-font=\"#ffffff\" data-font-hover=\"#ffffff\" data-radius=\"square\" data-type=\"flat\" class=\"super-extra-shortcode super-shortcode super-field super-button super-clear-none super-form-button super-radius-square super-type-flat super-button-medium super-button-align-center super-button-width-fullwidth\"><div data-href=\"\" class=\"super-button-wrap no_link\"><div class=\"super-button-name\" data-action=\"submit\" data-normal=\"S\u016bt\u012bt\" data-loading=\"Notiek iel\u0101de...\">S\u016bt\u012bt<\/div><span class=\"super-after\"><\/span><\/div><\/div><\/form><\/div><\/div><textarea name=\"super-popup-settings\">{\"enabled\":\"true\",\"logged_in\":\"true\",\"not_logged_in\":\"true\",\"page_load\":\"\",\"exit_intent\":\"\",\"leave\":\"\",\"leave_msg\":\"Wait stay with us! Please take the time to fill out our form!?\",\"enable_scrolling\":\"\",\"scrolled\":\"0\",\"enable_seconds\":\"\",\"seconds\":\"0\",\"enable_inactivity\":\"\",\"inactivity\":\"0\",\"enable_schedule\":\"\",\"from\":\"2020-09-17\",\"till\":\"2020-09-17\",\"disable_closing\":\"\",\"close_btn\":\"true\",\"close_btn_icon_color\":\"#fff\",\"close_btn_bg_color\":\"#b49361\",\"close_btn_label\":\"\",\"close_btn_label_color\":\"#b49361\",\"close_btn_label_bg_color\":\"#b49361\",\"close_btn_label_padding\":\"\",\"close_btn_icon_size\":\"14\",\"close_btn_border\":\"0\",\"close_btn_border_color\":\"\",\"close_btn_top\":\"0\",\"close_btn_right\":\"0\",\"close_btn_padding\":\"\",\"close_btn_radius\":\"0\",\"enable_padding\":\"\",\"padding\":\"\",\"expire_trigger\":\"\",\"expire\":\"1\",\"width\":\"700\",\"background_color\":\"#ffffff\",\"overlay_color\":\"#000000\",\"overlay_opacity\":\"0.5\",\"background_image\":\"\",\"background_image_repeat\":\"no-repeat\",\"background_image_size\":\"cover\",\"slide\":\"none\",\"slide_duration\":\"300\",\"fade_duration\":\"300\",\"fade_out_duration\":\"300\",\"sticky\":\"default\",\"enable_borders\":\"\",\"border_size\":\"0\",\"border_color\":\"#00bc65\",\"border_radius_top_left\":\"10\",\"border_radius_top_right\":\"10\",\"border_radius_bottom_left\":\"10\",\"border_radius_bottom_right\":\"10\",\"enable_shadows\":\"\",\"shadow_horizontal_length\":\"5\",\"shadow_vertical_length\":\"5\",\"blur_radius\":\"15\",\"spread_radius\":\"3\",\"shadow_color\":\"#000000\",\"shadow_opacity\":\"0.7\"}<\/textarea><\/div><\/div><br \/>\n<a href=\"#super-popup-7382\" class=\"el-content uk-button uk-button-secondary uk-button-large\">AIZIET, IEPL\u0100NOJAM BEZMAKSAS KONSULT\u0100CIJU<\/a>\n<\/div>\n<p><!--more--><br \/>\n<!-- {\"name\":\"WOL\",\"type\":\"layout\",\"children\":[{\"type\":\"section\",\"props\":{\"style\":\"default\",\"width\":\"default\",\"vertical_align\":\"middle\",\"title_position\":\"top-left\",\"title_rotation\":\"left\",\"title_breakpoint\":\"xl\",\"image_position\":\"top-center\",\"height\":\"expand\",\"padding\":\"large\",\"header_transparent\":\"light\",\"image\":\"wp-content\\\/uploads\\\/2021\\\/07\\\/Everything-DiSC-Image_Halo-Insight_030-scaled.jpg\",\"image_size\":\"cover\",\"media_overlay\":\"rgba(37, 150, 190, 0.78)\",\"padding_remove_horizontal\":false},\"children\":[{\"type\":\"row\",\"children\":[{\"type\":\"column\",\"props\":{\"image_position\":\"center-center\",\"media_overlay_gradient\":\"\",\"width_medium\":\"1-1\",\"position_sticky_breakpoint\":\"m\"},\"children\":[{\"type\":\"headline\",\"props\":{\"title_element\":\"h1\",\"title_color\":\"emphasis\",\"text_align\":\"center\",\"content\":\"EVERYTHING DiSC WORK OF LEADERS\\u00ae\",\"margin_remove_bottom\":true}},{\"type\":\"headline\",\"props\":{\"title_element\":\"h3\",\"title_color\":\"emphasis\",\"text_align\":\"center\",\"content\":\"Virziet savu organiz\\u0101ciju uz t\\u0101s m\\u0113r\\u0137iem\",\"margin_remove_top\":true}}]}]}],\"name\":\"Lehek\\u00fclgede p\\u00e4ised UUS\"},{\"type\":\"section\",\"props\":{\"style\":\"default\",\"width\":\"default\",\"vertical_align\":\"middle\",\"title_position\":\"top-left\",\"title_rotation\":\"left\",\"title_breakpoint\":\"xl\",\"image_position\":\"center-center\",\"padding\":\"small\",\"padding_remove_bottom\":false},\"children\":[{\"type\":\"row\",\"props\":{\"layout\":\"2-3,1-3\"},\"children\":[{\"type\":\"column\",\"props\":{\"image_position\":\"center-center\",\"media_overlay_gradient\":\"\",\"width_medium\":\"2-3\",\"position_sticky_breakpoint\":\"m\"},\"children\":[{\"type\":\"text\",\"props\":{\"margin\":\"default\",\"column_breakpoint\":\"m\",\"content\":\"\n\n<p>Everything DiSC Work of Leaders\\u00ae pal\\u012bdz jums lab\\u0101k saprast savu vad\\u012bbas stilu un att\\u012bst\\u012bt prasmes k\\u0101 efekt\\u012bvam, iedvesmojo\\u0161am un t\\u0101lredz\\u012bgam l\\u012bderim.<\\\/p>\"}}]},{\"type\":\"column\",\"props\":{\"image_position\":\"center-center\",\"media_overlay_gradient\":\"\",\"text_color\":\"light\",\"image\":\"\",\"image_size\":\"contain\",\"width_medium\":\"1-3\",\"position_sticky_breakpoint\":\"m\"},\"children\":[{\"type\":\"image\",\"props\":{\"margin\":\"medium\",\"image_svg_color\":\"emphasis\",\"text_align\":\"center\",\"image\":\"wp-content\\\/uploads\\\/2021\\\/08\\\/Everything-DiSC-WOL-Logo.png\",\"image_width\":\"200\"}}]}]},{\"type\":\"row\",\"props\":{\"layout\":\"1-2,1-2\"},\"children\":[{\"type\":\"column\",\"props\":{\"image_position\":\"center-center\",\"media_overlay_gradient\":\"\",\"width_medium\":\"1-2\",\"position_sticky_breakpoint\":\"m\"},\"children\":[{\"type\":\"text\",\"props\":{\"margin\":\"default\",\"column_breakpoint\":\"m\",\"content\":\"\n\n<h3>Kas tas ir?<\\\/h3>\\n\n\n<p>Pamatojoties uz lab\\u0101ko praksi, tas apvieno unik\\u0101lus vad\\u012bbas stilus ar re\\u0101l\\u0101s pasaules pras\\u012bb\\u0101m, mudinot veikt svar\\u012bgas sarunas, kur\\u0101s tiek noskaidrots darb\\u012bbas virziens \\u2013 v\\u012bzija, saska\\u0146o\\u0161ana un realiz\\u0113\\u0161ana.<\\\/p>\\n\n\n<h3>Kas to izmanto?<\\\/h3>\\n\n\n<p>Paredz\\u0113ts l\\u012bderiem visos l\\u012bme\\u0146os.<\\\/p>\\n\n\n<h3>K\\u0101p\\u0113c izmantot to?<\\\/h3>\\n\n\n<ul>\\n\n\n<li>Atkl\\u0101jiet savu DiSC vad\\u012bbas stilu<\\\/li>\\n\n\n<li>Saprotiet, k\\u0101 vad\\u012bbu nosaka v\\u012bzija, saska\\u0146o\\u0161ana un realiz\\u0113\\u0161ana, un noskaidrojiet, k\\u0101 j\\u016bsu uzved\\u012bba atbilst \\u0161iem posmiem<\\\/li>\\n\n\n<li>Nosakiet vad\\u012bbas stipr\\u0101s puses un uzlabojiet jomas, kur\\u0101s v\\u0113rojamas probl\\u0113mas<\\\/li>\\n<\\\/ul>\\n\n\n<p><\\\/p>\"}},{\"type\":\"button\",\"props\":{\"grid_column_gap\":\"small\",\"grid_row_gap\":\"small\",\"margin\":\"default\",\"text_align\":\"left\",\"margin_remove_top\":true},\"children\":[{\"type\":\"button_item\",\"props\":{\"button_style\":\"secondary\",\"icon_align\":\"left\",\"link_target\":\"blank\",\"content\":\"P\\u0101rbaud\\u012bt parauga profilu\",\"link\":\"https:\\\/\\\/ipbpartners.eu\\\/wp-content\\\/uploads\\\/2021\\\/08\\\/Everything-DiSC-Work-of-Leaders.pdf\"}}],\"name\":\"Button\"}]},{\"type\":\"column\",\"props\":{\"image_position\":\"center-center\",\"media_overlay_gradient\":\"\",\"width_medium\":\"1-2\",\"position_sticky_breakpoint\":\"m\"},\"children\":[{\"type\":\"image\",\"props\":{\"margin\":\"default\",\"image_svg_color\":\"emphasis\",\"text_align\":\"center\",\"image\":\"wp-content\\\/uploads\\\/2021\\\/08\\\/work-of-leaders-vision-alignment-execution.jpg\"}}]}]}]},{\"type\":\"section\",\"props\":{\"style\":\"default\",\"width\":\"default\",\"vertical_align\":\"middle\",\"title_position\":\"top-left\",\"title_rotation\":\"left\",\"title_breakpoint\":\"xl\",\"image_position\":\"bottom-center\",\"image\":\"wp-content\\\/uploads\\\/2021\\\/07\\\/AdobeStock_123516713-5.jpeg\",\"image_size\":\"cover\",\"media_overlay\":\"rgba(37, 150, 190, 0.78)\"},\"children\":[{\"type\":\"row\",\"children\":[{\"type\":\"column\",\"props\":{\"image_position\":\"center-center\",\"media_overlay_gradient\":\"\",\"width_medium\":\"1-1\",\"position_sticky_breakpoint\":\"m\"},\"children\":[{\"type\":\"headline\",\"props\":{\"title_element\":\"h3\",\"title_style\":\"h2\",\"title_color\":\"emphasis\",\"content\":\"Everything DiSC <span>Papildu zi\\u0146ojumi<\\\/span>\"}}]}]}],\"modified\":\"2021-11-30T13:40:53.076Z\",\"name\":\"001FOOTLV\"},{\"type\":\"section\",\"props\":{\"style\":\"default\",\"width\":\"default\",\"vertical_align\":\"middle\",\"title_position\":\"top-left\",\"title_rotation\":\"left\",\"title_breakpoint\":\"xl\",\"image_position\":\"center-center\"},\"children\":[{\"type\":\"row\",\"props\":{\"layout\":\"1-2,1-2\"},\"children\":[{\"type\":\"column\",\"props\":{\"image_position\":\"center-center\",\"media_overlay_gradient\":\"\",\"width_medium\":\"1-2\",\"position_sticky_breakpoint\":\"m\"},\"children\":[{\"type\":\"text\",\"props\":{\"margin\":\"default\",\"column_breakpoint\":\"m\",\"content\":\"\n\n<div class=\\\"wpb_text_column wpb_content_element \\\">\\n\n\n<div class=\\\"wpb_wrapper\\\">\\n\n\n<h5 class=\\\"title\\\">Grupas kult\\u016bras atskaite<\\\/h5>\\n\n\n<p>Pal\\u012bdz noteikt grupas DiSC kult\\u016bru, atkl\\u0101t t\\u0101s priek\\u0161roc\\u012bbas un tr\\u016bkumus, p\\u0101rrun\\u0101t t\\u0101s iespaidu uz grupas dal\\u012bbniekiem un nov\\u0113rt\\u0113t t\\u0101s ietekmi uz l\\u0113mumu pie\\u0146em\\u0161anu un risku uz\\u0146em\\u0161anos.<\\\/p>\\n<\\\/div>\\n<\\\/div>\"}},{\"type\":\"button\",\"props\":{\"grid_column_gap\":\"small\",\"grid_row_gap\":\"small\",\"margin\":\"default\",\"text_align\":\"left\",\"margin_remove_top\":true},\"children\":[{\"type\":\"button_item\",\"props\":{\"button_style\":\"secondary\",\"icon_align\":\"left\",\"content\":\"Parauga profilu\",\"link\":\"wp-content\\\/uploads\\\/2021\\\/08\\\/Everything-DiSC-Group-Culture-Report.pdf\"}}],\"name\":\"Button\"}]},{\"type\":\"column\",\"props\":{\"image_position\":\"center-center\",\"media_overlay_gradient\":\"\",\"width_medium\":\"1-2\",\"position_sticky_breakpoint\":\"m\"},\"children\":[{\"type\":\"text\",\"props\":{\"margin\":\"default\",\"column_breakpoint\":\"m\",\"content\":\"\n\n<div class=\\\"wpb_text_column wpb_content_element \\\">\\n\n\n<div class=\\\"wpb_wrapper\\\">\\n\n\n<h5>Trenera zi\\u0146ojums<\\\/h5>\\n\n\n<p>Saprotiet savu komandu kult\\u016bras dinamiku. At\\u0161\\u0137ir\\u012bb\\u0101 no Grupas kult\\u016bras atskaite \\u0161aj\\u0101 zi\\u0146ojum\\u0101 ietverti dal\\u012bbnieku v\\u0101rdi un tas, k\\u0101ds bija vi\\u0146u Everything DiSC nov\\u0113rt\\u0113jums.<\\\/p>\\n<\\\/div>\\n<\\\/div>\"}},{\"type\":\"button\",\"props\":{\"grid_column_gap\":\"small\",\"grid_row_gap\":\"small\",\"margin\":\"default\",\"text_align\":\"left\",\"margin_remove_top\":true},\"children\":[{\"type\":\"button_item\",\"props\":{\"button_style\":\"secondary\",\"icon_align\":\"left\",\"content\":\"Parauga profilu\",\"link\":\"wp-content\\\/uploads\\\/2021\\\/08\\\/Everything-DiSC-Facilitator-Report.pdf\"}}],\"name\":\"Button\"}]}]},{\"type\":\"row\",\"props\":{\"layout\":\"1-2,1-2\"},\"children\":[{\"type\":\"column\",\"props\":{\"image_position\":\"center-center\",\"media_overlay_gradient\":\"\",\"width_medium\":\"1-2\",\"position_sticky_breakpoint\":\"m\"},\"children\":[{\"type\":\"text\",\"props\":{\"margin\":\"default\",\"column_breakpoint\":\"m\",\"content\":\"\n\n<div class=\\\"wpb_text_column wpb_content_element \\\">\\n\n\n<div class=\\\"wpb_wrapper\\\">\\n\n\n<h5>Komandas p\\u0101rskats<\\\/h5>\\n\n\n<p>Sniedz visp\\u0101r\\u0113ju p\\u0101rskatu par respondentu grupas DiSC stiliem.<\\\/p>\\n<\\\/div>\\n<\\\/div>\"}},{\"type\":\"button\",\"props\":{\"grid_column_gap\":\"small\",\"grid_row_gap\":\"small\",\"margin\":\"default\",\"text_align\":\"left\",\"margin_remove_top\":true},\"children\":[{\"type\":\"button_item\",\"props\":{\"button_style\":\"secondary\",\"icon_align\":\"left\",\"content\":\"Parauga profilu\",\"link\":\"wp-content\\\/uploads\\\/2021\\\/08\\\/Everything-DiSC-Team-View.pdf\"}}],\"name\":\"Button\"}]},{\"type\":\"column\",\"props\":{\"image_position\":\"center-center\",\"media_overlay_gradient\":\"\",\"width_medium\":\"1-2\",\"position_sticky_breakpoint\":\"m\"},\"children\":[{\"type\":\"text\",\"props\":{\"margin\":\"default\",\"column_breakpoint\":\"m\",\"content\":\"\n\n<div class=\\\"wpb_text_column wpb_content_element \\\">\\n\n\n<div class=\\\"wpb_wrapper\\\">\\n\n\n<h5>Papildu zi\\u0146ojums<\\\/h5>\\n\n\n<p>Dzi\\u013c\\u0101ka nov\\u0113rt\\u0113juma rezult\\u0101tu anal\\u012bze.<\\\/p>\\n<\\\/div>\\n<\\\/div>\"}},{\"type\":\"button\",\"props\":{\"grid_column_gap\":\"small\",\"grid_row_gap\":\"small\",\"margin\":\"default\",\"text_align\":\"left\",\"margin_remove_top\":true},\"children\":[{\"type\":\"button_item\",\"props\":{\"button_style\":\"secondary\",\"icon_align\":\"left\",\"content\":\"Parauga profilu\",\"link\":\"wp-content\\\/uploads\\\/2021\\\/08\\\/Everything-DiSC-Supplement-for-Facilitators.pdf\"}}],\"name\":\"Button\"}]}]},{\"type\":\"row\",\"props\":{\"layout\":\"1-2,1-2\"},\"children\":[{\"type\":\"column\",\"props\":{\"image_position\":\"center-center\",\"media_overlay_gradient\":\"\",\"width_medium\":\"1-2\",\"position_sticky_breakpoint\":\"m\"},\"children\":[{\"type\":\"text\",\"props\":{\"margin\":\"default\",\"column_breakpoint\":\"m\",\"content\":\"\n\n<div class=\\\"wpb_text_column wpb_content_element \\\">\\n\n\n<div class=\\\"wpb_wrapper\\\">\\n\n\n<h5>Sal\\u012bdzino\\u0161\\u0101s atskaites<\\\/h5>\\n\n\n<p>Sal\\u012bdziniet jebkurus divus respondentus un uzlabojiet to darba attiec\\u012bbas.<\\\/p>\\n<\\\/div>\\n<\\\/div>\\n\n\n<div class=\\\"wpb_text_column wpb_content_element \\\">\\n\n\n<div class=\\\"wpb_wrapper\\\"><\\\/div>\\n<\\\/div>\\n\n\n<p><\\\/p>\"}},{\"type\":\"button\",\"props\":{\"grid_column_gap\":\"small\",\"grid_row_gap\":\"small\",\"margin\":\"default\",\"text_align\":\"left\",\"margin_remove_top\":true},\"children\":[{\"type\":\"button_item\",\"props\":{\"button_style\":\"secondary\",\"icon_align\":\"left\",\"content\":\"Parauga profilu\",\"link\":\"wp-content\\\/uploads\\\/2021\\\/08\\\/Everything-DiSC-Comparison-Report.pdf\"}}],\"name\":\"Button\"}]},{\"type\":\"column\",\"props\":{\"image_position\":\"center-center\",\"media_overlay_gradient\":\"\",\"width_medium\":\"1-2\",\"position_sticky_breakpoint\":\"m\"},\"children\":[{\"type\":\"text\",\"props\":{\"margin\":\"default\",\"column_breakpoint\":\"m\",\"content\":\"\n\n<div class=\\\"wpb_text_column wpb_content_element \\\">\\n\n\n<div class=\\\"wpb_wrapper\\\">\\n\n\n<h5>MyEverythingDiSC<\\\/h5>\\n\n\n<p>Apm\\u0101c\\u012bbu platforma, kur\\u0101 pla\\u0161\\u0101k izp\\u0113t\\u012bt j\\u016bsu stilu, klaus\\u012bties ierakstus or podk\\u0101stus par DiSC, izveidot sal\\u012bdzino\\u0161\\u0101s atskaites un klientu mijiedarb\\u012bbas kartes.<\\\/p>\\n<\\\/div>\\n<\\\/div>\"}},{\"type\":\"button\",\"props\":{\"grid_column_gap\":\"small\",\"grid_row_gap\":\"small\",\"margin\":\"default\",\"text_align\":\"left\",\"margin_remove_top\":true},\"children\":[{\"type\":\"button_item\",\"props\":{\"button_style\":\"secondary\",\"icon_align\":\"left\",\"link_target\":\"blank\",\"content\":\"PIEK\\u013b\\u016aT PLATFORMAI\",\"link\":\"https:\\\/\\\/myeverythingdisc.com\"}}],\"name\":\"Button\"}]}]}],\"modified\":\"2021-11-30T13:33:36.949Z\",\"name\":\"00FOOTLV\"},{\"type\":\"section\",\"props\":{\"style\":\"default\",\"width\":\"default\",\"vertical_align\":\"middle\",\"title_position\":\"top-left\",\"title_rotation\":\"left\",\"title_breakpoint\":\"xl\",\"image_position\":\"center-center\",\"image\":\"wp-content\\\/uploads\\\/2021\\\/07\\\/AdobeStock_141427699.jpeg\",\"media_overlay\":\"rgba(37, 150, 190, 0.78)\",\"image_size\":\"cover\"},\"children\":[{\"type\":\"row\",\"children\":[{\"type\":\"column\",\"props\":{\"image_position\":\"center-center\",\"media_overlay_gradient\":\"\",\"width_medium\":\"1-1\",\"position_sticky_breakpoint\":\"m\"},\"children\":[{\"type\":\"text\",\"props\":{\"margin\":\"default\",\"column_breakpoint\":\"m\",\"text_style\":\"lead\",\"text_color\":\"emphasis\",\"text_align\":\"center\",\"content\":\"\n\n<p>Iepl\\u0101no zvanu, lai p\\u0101rrun\\u0101tu k\\u0101 DiSC var b\\u016bt noder\\u012bgs ar\\u012b tavai organiz\\u0101cijai<\\\/p>\"}},{\"type\":\"html\",\"props\":{\"content\":\"[super_form i18n=\\\"lv\\\" id=\\\"7382\\\"]\\n<a href=\\\"#super-popup-7382\\\" class=\\\"el-content uk-button uk-button-secondary uk-button-large\\\">AIZIET, IEPL\\u0100NOJAM BEZMAKSAS KONSULT\\u0100CIJU<\\\/a>\",\"css\":\".el-element {\\n    text-align: center;\\n}\"},\"name\":\"popup-button-free-consult\"}]}]}],\"modified\":\"2021-11-30T13:33:21.338Z\",\"name\":\"00FOOTER LV\"}],\"version\":\"3.0.7\"} --><\/p>\n","protected":false},"excerpt":{"rendered":"<p>EVERYTHING DiSC WORK OF LEADERS\u00ae Virziet savu organiz\u0101ciju uz t\u0101s m\u0113r\u0137iem Everything DiSC Work of Leaders\u00ae pal\u012bdz jums lab\u0101k saprast savu vad\u012bbas stilu un att\u012bst\u012bt prasmes k\u0101 efekt\u012bvam, iedvesmojo\u0161am un t\u0101lredz\u012bgam l\u012bderim. Kas tas ir? Pamatojoties uz lab\u0101ko praksi, tas apvieno unik\u0101lus vad\u012bbas stilus ar re\u0101l\u0101s pasaules pras\u012bb\u0101m, mudinot veikt svar\u012bgas sarunas, kur\u0101s tiek noskaidrots [&hellip;]<\/p>\n","protected":false},"author":2,"featured_media":0,"parent":0,"menu_order":0,"comment_status":"closed","ping_status":"closed","template":"","meta":{"footnotes":""},"class_list":["post-18152","page","type-page","status-publish","hentry"],"_links":{"self":[{"href":"https:\/\/ipbpartners.eu\/lv\/wp-json\/wp\/v2\/pages\/18152","targetHints":{"allow":["GET"]}}],"collection":[{"href":"https:\/\/ipbpartners.eu\/lv\/wp-json\/wp\/v2\/pages"}],"about":[{"href":"https:\/\/ipbpartners.eu\/lv\/wp-json\/wp\/v2\/types\/page"}],"author":[{"embeddable":true,"href":"https:\/\/ipbpartners.eu\/lv\/wp-json\/wp\/v2\/users\/2"}],"replies":[{"embeddable":true,"href":"https:\/\/ipbpartners.eu\/lv\/wp-json\/wp\/v2\/comments?post=18152"}],"version-history":[{"count":0,"href":"https:\/\/ipbpartners.eu\/lv\/wp-json\/wp\/v2\/pages\/18152\/revisions"}],"wp:attachment":[{"href":"https:\/\/ipbpartners.eu\/lv\/wp-json\/wp\/v2\/media?parent=18152"}],"curies":[{"name":"wp","href":"https:\/\/api.w.org\/{rel}","templated":true}]}}