{"id":24561,"date":"2025-01-10T11:53:14","date_gmt":"2025-01-10T11:53:14","guid":{"rendered":"https:\/\/ipbpartners.eu\/?page_id=24561"},"modified":"2026-03-31T18:07:19","modified_gmt":"2026-03-31T18:07:19","slug":"macamies-novertet-viens-otru-caur-disc-2","status":"publish","type":"page","link":"https:\/\/ipbpartners.eu\/lv\/macamies-novertet-viens-otru-caur-disc-2\/","title":{"rendered":"M\u0101c\u0101mies nov\u0113rt\u0113t viens otru caur DiSC"},"content":{"rendered":"<h1><span>M\u0101c\u0101mies nov\u0113rt\u0113t viens otru caur <\/span>DiSC\u00ae<\/h1>\n<div>\n<div id=\"rec842525611\" class=\"r t-rec t-rec_pt_30 t-rec_pb_0 r_showed r_anim\" data-record-type=\"482\">\n<div class=\"t482\">\n<div class=\"t-container t-align_left\">\n<div class=\"t-col t-col_10 t-prefix_1\">\n<div class=\"t482__title t-title t-title_xxs \" field=\"title\">\n<div data-customstyle=\"yes\"><strong>Gada nogale ir laiks, kad atskat\u0101mies uz paveikto, nov\u0113rt\u0113jam cilv\u0113kus sev apk\u0101rt un sak\u0101m \u201cpaldies\u201d tiem, kas biju\u0161i mums l\u012bdz\u0101s.<\/strong><\/div>\n<\/div>\n<div data-customstyle=\"yes\"><\/div>\n<\/div>\n<\/div>\n<\/div>\n<\/div>\n<div id=\"rec842525616\" class=\"r t-rec t-rec_pt_0 t-rec_pb_15 r_showed r_anim\" data-record-type=\"106\">\n<div class=\"t004\">\n<div class=\"t-container \">\n<div class=\"t-col t-col_10 t-prefix_1\">\n<div field=\"text\" class=\"t-text t-text_md \">\n<div data-customstyle=\"yes\"><\/div>\n<\/div>\n<\/div>\n<\/div>\n<\/div>\n<\/div>\n<\/div>\n<div>\n<div id=\"rec842525611\" class=\"r t-rec t-rec_pt_30 t-rec_pb_0 r_showed r_anim\" data-record-type=\"482\">\n<div class=\"t482\">\n<div class=\"t-container t-align_left\">\n<div class=\"t-col t-col_10 t-prefix_1\">\n<div class=\"t482__title t-title t-title_xxs \" field=\"title\"><\/div>\n<div data-customstyle=\"yes\"><\/div>\n<\/div>\n<\/div>\n<\/div>\n<\/div>\n<div id=\"rec842525616\" class=\"r t-rec t-rec_pt_0 t-rec_pb_15 r_showed r_anim\" data-record-type=\"106\">\n<div class=\"t004\">\n<div class=\"t-container \">\n<div class=\"t-col t-col_10 t-prefix_1\">\n<div field=\"text\" class=\"t-text t-text_md \"><img decoding=\"async\" class=\"wp-image-16736 alignleft lazyload\" data-src=\"https:\/\/changepartners.lv\/wp-content\/uploads\/2023\/05\/27-ed-blog-inline-disccircumplex-1-copy-300x295.png\" alt=\"\" width=\"225\" height=\"221\" data-srcset=\"https:\/\/changepartners.lv\/wp-content\/uploads\/2023\/05\/27-ed-blog-inline-disccircumplex-1-copy-300x295.png 300w, https:\/\/changepartners.lv\/wp-content\/uploads\/2023\/05\/27-ed-blog-inline-disccircumplex-1-copy-75x75.png 75w, https:\/\/changepartners.lv\/wp-content\/uploads\/2023\/05\/27-ed-blog-inline-disccircumplex-1-copy.png 397w\" data-sizes=\"(max-width: 258px) 100vw, 258px\" title=\"\" src=\"data:image\/svg+xml;base64,PHN2ZyB3aWR0aD0iMSIgaGVpZ2h0PSIxIiB4bWxucz0iaHR0cDovL3d3dy53My5vcmcvMjAwMC9zdmciPjwvc3ZnPg==\" style=\"--smush-placeholder-width: 225px; --smush-placeholder-aspect-ratio: 225\/221;\"><\/p>\n<div data-customstyle=\"yes\">Str\u0101d\u0101jot komand\u0101s \u2013 ar kol\u0113\u0123iem, sadarb\u012bbas partneriem un draugiem, k\u0101 ar\u012b \u0123imenes lok\u0101 \u2013 m\u0113s piedz\u012bvojam gan aizraujo\u0161us br\u012b\u017eus, gan izaicin\u0101jumus. Reiz\u0113m k\u0101da <strong>D stila <\/strong>p\u0101rst\u0101vja tie\u0161ums \u0161\u0137iet par asu, <strong>i \u2013 stila <\/strong>entuziasms par ska\u013cu, <strong>S stila <\/strong>paciet\u012bba \u2013 par ilgu, vai <strong>C stila <\/strong>precizit\u0101te \u2013 p\u0101rlieku skrupuloza.<\/p>\n<p>Ta\u010du, kad paskat\u0101mies dzi\u013c\u0101k, m\u0113s saprotam, ka katrs DiSC person\u012bbas stils ir k\u0101 \u012bpa\u0161a d\u0101vana, un kop\u0101 m\u016bs visus padara sp\u0113c\u012bg\u0101kus.<\/p>\n<p>Ieskat\u012bsimies zem\u0101k, ko tad \u012bpa\u0161i nov\u0113rt\u0113jam da\u017e\u0101dajos stila p\u0101rst\u0101vjos.<\/p><\/div>\n<\/div>\n<\/div>\n<div data-customstyle=\"yes\"><\/div>\n<\/div>\n<\/div>\n<\/div>\n<\/div>\n<p><img decoding=\"async\" data-src=\"\/wp-content\/uploads\/2025\/01\/Macamies-novertet-viens-otru-caur-DiSC.png\" alt=\"\" title=\"\" src=\"data:image\/svg+xml;base64,PHN2ZyB3aWR0aD0iMSIgaGVpZ2h0PSIxIiB4bWxucz0iaHR0cDovL3d3dy53My5vcmcvMjAwMC9zdmciPjwvc3ZnPg==\" class=\"lazyload\" style=\"--smush-placeholder-width: 1249px; --smush-placeholder-aspect-ratio: 1249\/1247;\"><\/p>\n<div>\n<div id=\"rec842525611\" class=\"r t-rec t-rec_pt_30 t-rec_pb_0 r_showed r_anim\" data-record-type=\"482\">\n<div class=\"t482\">\n<div class=\"t-container t-align_left\">\n<div class=\"t-col t-col_10 t-prefix_1\">\n<div class=\"t482__title t-title t-title_xxs \" field=\"title\"><\/div>\n<\/div>\n<\/div>\n<\/div>\n<\/div>\n<p><span>DiSC modelis atg\u0101dina \u2013 da\u017e\u0101d\u012bba ir sp\u0113ks! Katra stila unik\u0101l\u0101s \u012bpa\u0161\u012bbas veido sp\u0113c\u012bgas komandas un pal\u012bdz sasniegt vair\u0101k gan darb\u0101, gan \u0123imen\u0113.<\/span><\/p>\n<h4>V\u0113lies apg\u016bt DiSC metodi?<\/h4>\n<p>&#8220;Change Partners&#8221; organiz\u0113 vienas dienas DiSC sertifik\u0101cijas m\u0101c\u012bbas, kas pal\u012bdz\u0113s ieg\u016bt padzi\u013cin\u0101tas zin\u0101\u0161anas un praktiskus r\u012bkus darbam ar da\u017e\u0101diem person\u012bbu stiliem.<\/p>\n<p>Lai uzzin\u0101tu vair\u0101k vai pieteiktos, rakstiet: regina.reke@changepartners.eu<\/p>\n<\/p>\n<\/div>\n<div>\n<p>Iepl\u0101no zvanu, lai p\u0101rrun\u0101tu k\u0101 DiSC var b\u016bt noder\u012bgs ar\u012b tavai organiz\u0101cijai<\/p>\n<\/div>\n<div>\n<p>    <div class=\"super-popup-wrapper-7382 super-popup-wrapper\" style=\"opacity:0;z-index:-2147483648;\"><div class=\"super-popup-7382 super-popup super-popup-sticky-default\" style=\"opacity:0;\"><span class=\"super-popup-close\"><span class=\"super-popup-close-icon\"><\/span><\/span><div class=\"super-popup-content\"><style type=\"text\/css\">.super-form:not(.super-initialized) *:not(.super-load-icon) { visibility: hidden !important; }<\/style><div id=\"super-form-7382\" style=\"margin:0px 0px 0px 0px;\" class=\"super-form preload-disabled super-form-7382  super-default-squared super-field-size-medium super-adaptive\" data-hide=\"true\" data-overlay=\"true\" data-field-size=\"medium\" data-i18n=\"lv\"><span class=\"super-load-icon\"><\/span><form tabindex=\"0\" autocomplete=\"on\" enctype=\"multipart\/form-data\"><input type=\"hidden\" name=\"sf_nonce\" value=\"\" \/><input type=\"text\" name=\"super_hp\" size=\"25\" value=\"\" \/><div class=\"super-shortcode super-field super-hidden\"><input class=\"super-shortcode-field\" type=\"hidden\" value=\"7382\" name=\"hidden_form_id\" \/><\/div><div class=\"super-grid super-shortcode\"><div class=\"super-shortcode super_one_half super-column grid-level-0 column-number-1 first-column \"><div class=\"super-shortcode super-field super-text   super-ungrouped  \"><div class=\"super-field-wrapper \"><input tabindex=\"-1\" class=\"super-shortcode-field\" type=\"email\" name=\"email\" data-oname=\"email\" data-validation=\"email\" data-email=\"Email address:\" data-exclude=\"0\" data-absolute-default=\"\" data-default-value=\"\" \/><span class=\"super-adaptive-placeholder\" data-placeholder=\"E-pasts\" data-placeholderFilled=\"E-pasts\"><span>E-pasts<\/span><\/span><\/div><div class=\"super-error-msg\">Field is required!<\/div><div class=\"super-empty-error-msg\">Field is required!<\/div><\/div><\/div><div class=\"super-shortcode super_one_half super-column grid-level-0 column-number-2  \"><div class=\"super-shortcode super-field super-text   super-ungrouped  \"><div class=\"super-field-wrapper \"><input tabindex=\"-1\" class=\"super-shortcode-field\" type=\"tel\" name=\"phonenumber\" data-oname=\"phonenumber\" data-validation=\"empty\" data-email=\"Phonenumber:\" data-exclude=\"0\" data-absolute-default=\"\" data-default-value=\"\" \/><span class=\"super-adaptive-placeholder\" data-placeholder=\"Telefona numurs\" data-placeholderFilled=\"Telefona numurs\"><span>Telefona numurs<\/span><\/span><\/div><div class=\"super-error-msg\">Field is required!<\/div><div class=\"super-empty-error-msg\">Field is required!<\/div><\/div><\/div><\/div><div data-color=\"#b49361\" data-light=\"#c8a775\" data-dark=\"#967543\" data-hover-color=\"#444444\" data-hover-light=\"#585858\" data-hover-dark=\"#262626\" data-font=\"#ffffff\" data-font-hover=\"#ffffff\" data-radius=\"square\" data-type=\"flat\" class=\"super-extra-shortcode super-shortcode super-field super-button super-clear-none super-form-button super-radius-square super-type-flat super-button-medium super-button-align-center super-button-width-fullwidth\"><div data-href=\"\" class=\"super-button-wrap no_link\"><div class=\"super-button-name\" data-action=\"submit\" data-normal=\"S\u016bt\u012bt\" data-loading=\"Notiek iel\u0101de...\">S\u016bt\u012bt<\/div><span class=\"super-after\"><\/span><\/div><\/div><\/form><\/div><\/div><textarea name=\"super-popup-settings\">{\"enabled\":\"true\",\"logged_in\":\"true\",\"not_logged_in\":\"true\",\"page_load\":\"\",\"exit_intent\":\"\",\"leave\":\"\",\"leave_msg\":\"Wait stay with us! Please take the time to fill out our form!?\",\"enable_scrolling\":\"\",\"scrolled\":\"0\",\"enable_seconds\":\"\",\"seconds\":\"0\",\"enable_inactivity\":\"\",\"inactivity\":\"0\",\"enable_schedule\":\"\",\"from\":\"2020-09-17\",\"till\":\"2020-09-17\",\"disable_closing\":\"\",\"close_btn\":\"true\",\"close_btn_icon_color\":\"#fff\",\"close_btn_bg_color\":\"#b49361\",\"close_btn_label\":\"\",\"close_btn_label_color\":\"#b49361\",\"close_btn_label_bg_color\":\"#b49361\",\"close_btn_label_padding\":\"\",\"close_btn_icon_size\":\"14\",\"close_btn_border\":\"0\",\"close_btn_border_color\":\"\",\"close_btn_top\":\"0\",\"close_btn_right\":\"0\",\"close_btn_padding\":\"\",\"close_btn_radius\":\"0\",\"enable_padding\":\"\",\"padding\":\"\",\"expire_trigger\":\"\",\"expire\":\"1\",\"width\":\"700\",\"background_color\":\"#ffffff\",\"overlay_color\":\"#000000\",\"overlay_opacity\":\"0.5\",\"background_image\":\"\",\"background_image_repeat\":\"no-repeat\",\"background_image_size\":\"cover\",\"slide\":\"none\",\"slide_duration\":\"300\",\"fade_duration\":\"300\",\"fade_out_duration\":\"300\",\"sticky\":\"default\",\"enable_borders\":\"\",\"border_size\":\"0\",\"border_color\":\"#00bc65\",\"border_radius_top_left\":\"10\",\"border_radius_top_right\":\"10\",\"border_radius_bottom_left\":\"10\",\"border_radius_bottom_right\":\"10\",\"enable_shadows\":\"\",\"shadow_horizontal_length\":\"5\",\"shadow_vertical_length\":\"5\",\"blur_radius\":\"15\",\"spread_radius\":\"3\",\"shadow_color\":\"#000000\",\"shadow_opacity\":\"0.7\"}<\/textarea><\/div><\/div><br \/>\n<a href=\"#super-popup-7382\" class=\"el-content uk-button uk-button-secondary uk-button-large\">AIZIET, IEPL\u0100NOJAM BEZMAKSAS KONSULT\u0100CIJU<\/a>\n<\/div>\n<p><!--more--><br \/>\n<!-- {\"type\":\"layout\",\"children\":[{\"type\":\"section\",\"props\":{\"style\":\"default\",\"width\":\"default\",\"vertical_align\":\"middle\",\"title_position\":\"top-left\",\"title_rotation\":\"left\",\"title_breakpoint\":\"xl\",\"image_position\":\"top-center\",\"height\":\"expand\",\"padding\":\"large\",\"header_transparent\":\"light\",\"image\":\"wp-content\\\/uploads\\\/2025\\\/01\\\/Catalyst-DiSC.png\",\"image_size\":\"cover\",\"media_overlay\":\"rgba(37, 150, 190, 0.78)\",\"padding_remove_horizontal\":false},\"children\":[{\"type\":\"row\",\"children\":[{\"type\":\"column\",\"props\":{\"image_position\":\"center-center\",\"media_overlay_gradient\":\"\",\"width_medium\":\"1-1\",\"position_sticky_breakpoint\":\"m\"},\"children\":[{\"type\":\"headline\",\"props\":{\"title_element\":\"h1\",\"title_color\":\"emphasis\",\"text_align\":\"center\",\"content\":\"<span>M\\u0101c\\u0101mies nov\\u0113rt\\u0113t viens otru caur <\\\/span>DiSC\\u00ae\",\"margin_remove_bottom\":true}}]}]}],\"name\":\"Lehek\\u00fclgede p\\u00e4ised UUS\"},{\"type\":\"section\",\"props\":{\"style\":\"default\",\"width\":\"default\",\"vertical_align\":\"middle\",\"title_position\":\"top-left\",\"title_rotation\":\"left\",\"title_breakpoint\":\"xl\",\"image_position\":\"center-center\",\"padding_remove_bottom\":true},\"children\":[{\"type\":\"row\",\"children\":[{\"type\":\"column\",\"props\":{\"image_position\":\"center-center\",\"media_overlay_gradient\":\"\",\"width_medium\":\"\",\"position_sticky_breakpoint\":\"m\"},\"children\":[{\"type\":\"text\",\"props\":{\"margin\":\"default\",\"column_breakpoint\":\"m\",\"content\":\"\n\n<div id=\\\"rec842525611\\\" class=\\\"r t-rec t-rec_pt_30 t-rec_pb_0 r_showed r_anim\\\" data-record-type=\\\"482\\\">\\n\n\n<div class=\\\"t482\\\">\\n\n\n<div class=\\\"t-container t-align_left\\\">\\n\n\n<div class=\\\"t-col t-col_10 t-prefix_1\\\">\\n\n\n<div class=\\\"t482__title t-title t-title_xxs \\\" field=\\\"title\\\">\\n\n\n<div data-customstyle=\\\"yes\\\"><strong>Gada nogale ir laiks, kad atskat\\u0101mies uz paveikto, nov\\u0113rt\\u0113jam cilv\\u0113kus sev apk\\u0101rt un sak\\u0101m \\u201cpaldies\\u201d tiem, kas biju\\u0161i mums l\\u012bdz\\u0101s.<\\\/strong><\\\/div>\\n<\\\/div>\\n\n\n<div data-customstyle=\\\"yes\\\"><\\\/div>\\n<\\\/div>\\n<\\\/div>\\n<\\\/div>\\n<\\\/div>\\n\n\n<div id=\\\"rec842525616\\\" class=\\\"r t-rec t-rec_pt_0 t-rec_pb_15 r_showed r_anim\\\" data-record-type=\\\"106\\\">\\n\n\n<div class=\\\"t004\\\">\\n\n\n<div class=\\\"t-container \\\">\\n\n\n<div class=\\\"t-col t-col_10 t-prefix_1\\\">\\n\n\n<div field=\\\"text\\\" class=\\\"t-text t-text_md \\\">\\n\n\n<div data-customstyle=\\\"yes\\\"><\\\/div>\\n<\\\/div>\\n<\\\/div>\\n<\\\/div>\\n<\\\/div>\\n<\\\/div>\",\"margin_remove_bottom\":true}},{\"type\":\"text\",\"props\":{\"margin\":\"default\",\"column_breakpoint\":\"m\",\"content\":\"\n\n<div id=\\\"rec842525611\\\" class=\\\"r t-rec t-rec_pt_30 t-rec_pb_0 r_showed r_anim\\\" data-record-type=\\\"482\\\">\\n\n\n<div class=\\\"t482\\\">\\n\n\n<div class=\\\"t-container t-align_left\\\">\\n\n\n<div class=\\\"t-col t-col_10 t-prefix_1\\\">\\n\n\n<div class=\\\"t482__title t-title t-title_xxs \\\" field=\\\"title\\\"><\\\/div>\\n\n\n<div data-customstyle=\\\"yes\\\"><\\\/div>\\n<\\\/div>\\n<\\\/div>\\n<\\\/div>\\n<\\\/div>\\n\n\n<div id=\\\"rec842525616\\\" class=\\\"r t-rec t-rec_pt_0 t-rec_pb_15 r_showed r_anim\\\" data-record-type=\\\"106\\\">\\n\n\n<div class=\\\"t004\\\">\\n\n\n<div class=\\\"t-container \\\">\\n\n\n<div class=\\\"t-col t-col_10 t-prefix_1\\\">\\n\n\n<div field=\\\"text\\\" class=\\\"t-text t-text_md \\\"><img decoding=\\\"async\\\" class=\\\"wp-image-16736 alignleft\\\" src=\\\"https:\\\/\\\/changepartners.lv\\\/wp-content\\\/uploads\\\/2023\\\/05\\\/27-ed-blog-inline-disccircumplex-1-copy-300x295.png\\\" alt=\\\"\\\" width=\\\"225\\\" height=\\\"221\\\" srcset=\\\"https:\\\/\\\/changepartners.lv\\\/wp-content\\\/uploads\\\/2023\\\/05\\\/27-ed-blog-inline-disccircumplex-1-copy-300x295.png 300w, https:\\\/\\\/changepartners.lv\\\/wp-content\\\/uploads\\\/2023\\\/05\\\/27-ed-blog-inline-disccircumplex-1-copy-75x75.png 75w, https:\\\/\\\/changepartners.lv\\\/wp-content\\\/uploads\\\/2023\\\/05\\\/27-ed-blog-inline-disccircumplex-1-copy.png 397w\\\" sizes=\\\"(max-width: 258px) 100vw, 258px\\\" \\\/>\\n\n\n<div data-customstyle=\\\"yes\\\">Str\\u0101d\\u0101jot komand\\u0101s \\u2013 ar kol\\u0113\\u0123iem, sadarb\\u012bbas partneriem un draugiem, k\\u0101 ar\\u012b \\u0123imenes lok\\u0101 \\u2013 m\\u0113s piedz\\u012bvojam gan aizraujo\\u0161us br\\u012b\\u017eus, gan izaicin\\u0101jumus. Reiz\\u0113m k\\u0101da <strong>D stila <\\\/strong>p\\u0101rst\\u0101vja tie\\u0161ums \\u0161\\u0137iet par asu, <strong>i \\u2013 stila <\\\/strong>entuziasms par ska\\u013cu, <strong>S stila <\\\/strong>paciet\\u012bba \\u2013 par ilgu, vai <strong>C stila <\\\/strong>precizit\\u0101te \\u2013 p\\u0101rlieku skrupuloza.<br \\\/><br \\\/>Ta\\u010du, kad paskat\\u0101mies dzi\\u013c\\u0101k, m\\u0113s saprotam, ka katrs DiSC person\\u012bbas stils ir k\\u0101 \\u012bpa\\u0161a d\\u0101vana, un kop\\u0101 m\\u016bs visus padara sp\\u0113c\\u012bg\\u0101kus.<br \\\/><br \\\/>Ieskat\\u012bsimies zem\\u0101k, ko tad \\u012bpa\\u0161i nov\\u0113rt\\u0113jam da\\u017e\\u0101dajos stila p\\u0101rst\\u0101vjos.<\\\/div>\\n<\\\/div>\\n<\\\/div>\\n\n\n<div data-customstyle=\\\"yes\\\"><\\\/div>\\n<\\\/div>\\n<\\\/div>\\n<\\\/div>\",\"margin_remove_bottom\":true}},{\"type\":\"image\",\"props\":{\"margin\":\"default\",\"image_svg_color\":\"emphasis\",\"image\":\"wp-content\\\/uploads\\\/2025\\\/01\\\/Macamies-novertet-viens-otru-caur-DiSC.png\",\"image_width\":\"800\",\"text_align\":\"center\"}},{\"type\":\"text\",\"props\":{\"margin\":\"default\",\"column_breakpoint\":\"m\",\"content\":\"\n\n<div id=\\\"rec842525611\\\" class=\\\"r t-rec t-rec_pt_30 t-rec_pb_0 r_showed r_anim\\\" data-record-type=\\\"482\\\">\\n\n\n<div class=\\\"t482\\\">\\n\n\n<div class=\\\"t-container t-align_left\\\">\\n\n\n<div class=\\\"t-col t-col_10 t-prefix_1\\\">\\n\n\n<div class=\\\"t482__title t-title t-title_xxs \\\" field=\\\"title\\\"><\\\/div>\\n<\\\/div>\\n<\\\/div>\\n<\\\/div>\\n<\\\/div>\\n\n\n<p><span>DiSC modelis atg\\u0101dina \\u2013 da\\u017e\\u0101d\\u012bba ir sp\\u0113ks! Katra stila unik\\u0101l\\u0101s \\u012bpa\\u0161\\u012bbas veido sp\\u0113c\\u012bgas komandas un pal\\u012bdz sasniegt vair\\u0101k gan darb\\u0101, gan \\u0123imen\\u0113.<\\\/span><\\\/p>\\n\n\n<h4>V\\u0113lies apg\\u016bt DiSC metodi?<\\\/h4>\\n\n\n<p>\\\"Change Partners\\\" organiz\\u0113 vienas dienas DiSC sertifik\\u0101cijas m\\u0101c\\u012bbas, kas pal\\u012bdz\\u0113s ieg\\u016bt padzi\\u013cin\\u0101tas zin\\u0101\\u0161anas un praktiskus r\\u012bkus darbam ar da\\u017e\\u0101diem person\\u012bbu stiliem.<\\\/p>\\n\n\n<p>Lai uzzin\\u0101tu vair\\u0101k vai pieteiktos, rakstiet: regina.reke@changepartners.eu<\\\/p>\\n\n\n<p><\\\/p>\\n\n\n<p><\\\/p>\",\"margin_remove_bottom\":true}}]}]}]},{\"type\":\"section\",\"props\":{\"style\":\"default\",\"width\":\"default\",\"vertical_align\":\"middle\",\"title_position\":\"top-left\",\"title_rotation\":\"left\",\"title_breakpoint\":\"xl\",\"image_position\":\"center-center\",\"image\":\"wp-content\\\/uploads\\\/2021\\\/07\\\/AdobeStock_141427699.jpeg\",\"media_overlay\":\"rgba(37, 150, 190, 0.78)\",\"image_size\":\"cover\"},\"children\":[{\"type\":\"row\",\"children\":[{\"type\":\"column\",\"props\":{\"image_position\":\"center-center\",\"media_overlay_gradient\":\"\",\"width_medium\":\"1-1\",\"position_sticky_breakpoint\":\"m\"},\"children\":[{\"type\":\"text\",\"props\":{\"margin\":\"default\",\"column_breakpoint\":\"m\",\"text_style\":\"lead\",\"text_color\":\"emphasis\",\"text_align\":\"center\",\"content\":\"\n\n<p>Iepl\\u0101no zvanu, lai p\\u0101rrun\\u0101tu k\\u0101 DiSC var b\\u016bt noder\\u012bgs ar\\u012b tavai organiz\\u0101cijai<\\\/p>\"}},{\"type\":\"html\",\"props\":{\"content\":\"[super_form i18n=\\\"lv\\\" id=\\\"7382\\\"]\\n<a href=\\\"#super-popup-7382\\\" class=\\\"el-content uk-button uk-button-secondary uk-button-large\\\">AIZIET, IEPL\\u0100NOJAM BEZMAKSAS KONSULT\\u0100CIJU<\\\/a>\",\"css\":\".el-element {\\n    text-align: center;\\n}\"},\"name\":\"popup-button-free-consult\"}]}]}],\"name\":\"LVV\"}],\"version\":\"3.0.7\"} --><\/p>\n","protected":false},"excerpt":{"rendered":"<p>M\u0101c\u0101mies nov\u0113rt\u0113t viens otru caur DiSC\u00ae Gada nogale ir laiks, kad atskat\u0101mies uz paveikto, nov\u0113rt\u0113jam cilv\u0113kus sev apk\u0101rt un sak\u0101m \u201cpaldies\u201d tiem, kas biju\u0161i mums l\u012bdz\u0101s. Str\u0101d\u0101jot komand\u0101s \u2013 ar kol\u0113\u0123iem, sadarb\u012bbas partneriem un draugiem, k\u0101 ar\u012b \u0123imenes lok\u0101 \u2013 m\u0113s piedz\u012bvojam gan aizraujo\u0161us br\u012b\u017eus, gan izaicin\u0101jumus. Reiz\u0113m k\u0101da D stila p\u0101rst\u0101vja tie\u0161ums \u0161\u0137iet par [&hellip;]<\/p>\n","protected":false},"author":2,"featured_media":0,"parent":0,"menu_order":0,"comment_status":"closed","ping_status":"closed","template":"","meta":{"footnotes":""},"class_list":["post-24561","page","type-page","status-publish","hentry"],"_links":{"self":[{"href":"https:\/\/ipbpartners.eu\/lv\/wp-json\/wp\/v2\/pages\/24561","targetHints":{"allow":["GET"]}}],"collection":[{"href":"https:\/\/ipbpartners.eu\/lv\/wp-json\/wp\/v2\/pages"}],"about":[{"href":"https:\/\/ipbpartners.eu\/lv\/wp-json\/wp\/v2\/types\/page"}],"author":[{"embeddable":true,"href":"https:\/\/ipbpartners.eu\/lv\/wp-json\/wp\/v2\/users\/2"}],"replies":[{"embeddable":true,"href":"https:\/\/ipbpartners.eu\/lv\/wp-json\/wp\/v2\/comments?post=24561"}],"version-history":[{"count":0,"href":"https:\/\/ipbpartners.eu\/lv\/wp-json\/wp\/v2\/pages\/24561\/revisions"}],"wp:attachment":[{"href":"https:\/\/ipbpartners.eu\/lv\/wp-json\/wp\/v2\/media?parent=24561"}],"curies":[{"name":"wp","href":"https:\/\/api.w.org\/{rel}","templated":true}]}}